{"id":499,"date":"2025-06-26T20:18:38","date_gmt":"2025-06-26T18:18:38","guid":{"rendered":"https:\/\/conzept-kun.de\/pferdelaufbaender\/?page_id=499"},"modified":"2025-07-28T14:43:06","modified_gmt":"2025-07-28T12:43:06","slug":"trainingsprogram","status":"publish","type":"page","link":"https:\/\/conzept-kun.de\/pferdelaufbaender\/trainingsprogram\/","title":{"rendered":"Trainingsprogram"},"content":{"rendered":"<p>[et_pb_section fb_built=&#8220;1&#8243; custom_padding_last_edited=&#8220;on|phone&#8220; _builder_version=&#8220;4.27.4&#8243; _module_preset=&#8220;default&#8220; background_enable_color=&#8220;off&#8220; use_background_color_gradient=&#8220;on&#8220; background_color_gradient_direction=&#8220;-60deg&#8220; background_color_gradient_stops=&#8220;#ffffff 50%|#09505e 50%&#8220; background_enable_image=&#8220;off&#8220; custom_margin=&#8220;0px||0px||false|false&#8220; custom_padding=&#8220;155px||155px||false|false&#8220; custom_padding_tablet=&#8220;155px||155px||false|false&#8220; custom_padding_phone=&#8220;85px||90px||false|false&#8220; background_color_tablet=&#8220;#09505E&#8220; background_last_edited=&#8220;on|phone&#8220; background_enable_color_tablet=&#8220;on&#8220; use_background_color_gradient_tablet=&#8220;off&#8220; collapsed=&#8220;off&#8220; global_colors_info=&#8220;{}&#8220;][et_pb_row column_structure=&#8220;1_2,1_2&#8243; use_custom_gutter=&#8220;on&#8220; gutter_width=&#8220;1&#8243; _builder_version=&#8220;4.27.4&#8243; _module_preset=&#8220;default&#8220; width=&#8220;90%&#8220; custom_margin=&#8220;0px||0px||false|false&#8220; custom_padding=&#8220;0px||0px||false|false&#8220; global_colors_info=&#8220;{}&#8220;][et_pb_column type=&#8220;1_2&#8243; _builder_version=&#8220;4.27.4&#8243; _module_preset=&#8220;default&#8220; background_enable_image=&#8220;off&#8220; global_colors_info=&#8220;{}&#8220;][et_pb_text admin_label=&#8220;Trainingskonzept mit dem Treatmill Pferdelaufband \u2013 Zusammenfassung eines 12-w\u00f6chigen Praxistests&#8220; _builder_version=&#8220;4.27.4&#8243; _module_preset=&#8220;default&#8220; header_font=&#8220;Corporate S|300||on|||||&#8220; header_text_align=&#8220;left&#8220; header_text_color=&#8220;#b8ced6&#8243; header_font_size=&#8220;55px&#8220; header_line_height=&#8220;1.28em&#8220; header_2_text_color=&#8220;#b8ced6&#8243; header_2_font_size=&#8220;33px&#8220; custom_margin=&#8220;100px||||false|false&#8220; animation_style=&#8220;slide&#8220; animation_direction=&#8220;left&#8220; animation_intensity_slide=&#8220;5%&#8220; animation_speed_curve=&#8220;ease&#8220; header_font_size_tablet=&#8220;55px&#8220; header_font_size_phone=&#8220;34px&#8220; header_font_size_last_edited=&#8220;on|phone&#8220; global_colors_info=&#8220;{}&#8220;]<\/p>\n<h1 data-pm-slice=\"1 1 []\">Trainingskonzept mit dem Treatmill Pferdelaufband\u00a0<\/h1>\n<p>[\/et_pb_text][et_pb_image src=&#8220;https:\/\/conzept-kun.de\/pferdelaufbaender\/wp-content\/uploads\/2025\/06\/mitzel-pferdelaufbaender-laufband-hell.png&#8220; title_text=&#8220;mitzel-pferdelaufbaender-laufband-hell&#8220; admin_label=&#8220;laufband&#8220; _builder_version=&#8220;4.27.4&#8243; _module_preset=&#8220;default&#8220; custom_margin=&#8220;|||-25px|false|false&#8220; custom_margin_tablet=&#8220;|||auto|false|false&#8220; custom_margin_phone=&#8220;|||auto|false|false&#8220; custom_margin_last_edited=&#8220;on|tablet&#8220; animation_style=&#8220;slide&#8220; animation_direction=&#8220;left&#8220; global_colors_info=&#8220;{}&#8220;][\/et_pb_image][\/et_pb_column][et_pb_column type=&#8220;1_2&#8243; _builder_version=&#8220;4.25.2&#8243; _module_preset=&#8220;default&#8220; custom_padding=&#8220;|||255px|false|false&#8220; custom_padding_tablet=&#8220;|||0px|false|false&#8220; custom_padding_phone=&#8220;|||0px|false|false&#8220; custom_padding_last_edited=&#8220;on|tablet&#8220; global_colors_info=&#8220;{}&#8220;][et_pb_text disabled_on=&#8220;on|on|off&#8220; admin_label=&#8220;Eingew\u00f6hnungsphase&#8220; _builder_version=&#8220;4.27.4&#8243; _module_preset=&#8220;default&#8220; text_font=&#8220;||||||||&#8220; text_text_color=&#8220;#09505E&#8220; text_font_size=&#8220;30px&#8220; text_line_height=&#8220;1.6em&#8220; custom_margin=&#8220;40px||40px||false|false&#8220; custom_margin_tablet=&#8220;0px||40px||false|false&#8220; custom_margin_phone=&#8220;0px||40px||false|false&#8220; custom_margin_last_edited=&#8220;on|phone&#8220; custom_padding=&#8220;0px||0px||false|false&#8220; animation_style=&#8220;slide&#8220; animation_direction=&#8220;right&#8220; animation_intensity_slide=&#8220;8%&#8220; animation_speed_curve=&#8220;ease&#8220; global_colors_info=&#8220;{}&#8220;]<\/p>\n<p data-pm-slice=\"1 1 []\"><strong>Eingew\u00f6hnungsphase<\/strong><br \/>Zu Beginn des Programms durchliefen die jungen Pferde eine einw\u00f6chige Eingew\u00f6hnungszeit. Dabei wurden sie sowohl an das F\u00fctterungsregime als auch an die Nutzung des Treatmill Pferdelaufbandes im Schritt und Trab behutsam herangef\u00fchrt.<\/p>\n<p>[\/et_pb_text][\/et_pb_column][\/et_pb_row][\/et_pb_section][et_pb_section fb_built=&#8220;1&#8243; custom_padding_last_edited=&#8220;on|phone&#8220; disabled_on=&#8220;off|off|on&#8220; _builder_version=&#8220;4.27.4&#8243; _module_preset=&#8220;default&#8220; background_color=&#8220;#FFFFFF&#8220; background_enable_image=&#8220;off&#8220; custom_margin=&#8220;0px||0px||false|false&#8220; custom_padding=&#8220;155px||155px||false|false&#8220; custom_padding_tablet=&#8220;155px||155px||false|false&#8220; custom_padding_phone=&#8220;85px||90px||false|false&#8220; collapsed=&#8220;off&#8220; global_colors_info=&#8220;{}&#8220;][et_pb_row column_structure=&#8220;1_2,1_2&#8243; use_custom_gutter=&#8220;on&#8220; gutter_width=&#8220;1&#8243; _builder_version=&#8220;4.27.4&#8243; _module_preset=&#8220;default&#8220; width=&#8220;90%&#8220; custom_margin=&#8220;0px||0px||false|false&#8220; custom_padding=&#8220;0px||0px||false|false&#8220; global_colors_info=&#8220;{}&#8220;][et_pb_column type=&#8220;1_2&#8243; _builder_version=&#8220;4.27.4&#8243; _module_preset=&#8220;default&#8220; background_enable_image=&#8220;off&#8220; global_colors_info=&#8220;{}&#8220;][\/et_pb_column][et_pb_column type=&#8220;1_2&#8243; _builder_version=&#8220;4.25.2&#8243; _module_preset=&#8220;default&#8220; custom_padding=&#8220;|||255px|false|false&#8220; custom_padding_tablet=&#8220;|||0px|false|false&#8220; custom_padding_phone=&#8220;|||0px|false|false&#8220; custom_padding_last_edited=&#8220;on|tablet&#8220; global_colors_info=&#8220;{}&#8220;][et_pb_text admin_label=&#8220;Eingew\u00f6hnungsphase&#8220; _builder_version=&#8220;4.27.4&#8243; _module_preset=&#8220;default&#8220; text_font=&#8220;||||||||&#8220; text_text_color=&#8220;#09505E&#8220; text_font_size=&#8220;30px&#8220; text_line_height=&#8220;1.6em&#8220; custom_margin=&#8220;40px||40px||false|false&#8220; custom_margin_tablet=&#8220;0px||40px||false|false&#8220; custom_margin_phone=&#8220;0px||40px||false|false&#8220; custom_margin_last_edited=&#8220;on|phone&#8220; custom_padding=&#8220;0px||0px||false|false&#8220; animation_style=&#8220;slide&#8220; animation_direction=&#8220;right&#8220; animation_intensity_slide=&#8220;8%&#8220; animation_speed_curve=&#8220;ease&#8220; global_colors_info=&#8220;{}&#8220;]<\/p>\n<p data-pm-slice=\"1 1 []\"><strong>Eingew\u00f6hnungsphase<\/strong><br \/>Zu Beginn des Programms durchliefen die jungen Pferde eine einw\u00f6chige Eingew\u00f6hnungszeit. Dabei wurden sie sowohl an das F\u00fctterungsregime als auch an die Nutzung des Treatmill Pferdelaufbandes im Schritt und Trab behutsam herangef\u00fchrt.<\/p>\n<p>[\/et_pb_text][\/et_pb_column][\/et_pb_row][\/et_pb_section][et_pb_section fb_built=&#8220;1&#8243; custom_padding_last_edited=&#8220;on|desktop&#8220; _builder_version=&#8220;4.27.4&#8243; _module_preset=&#8220;default&#8220; background_enable_color=&#8220;off&#8220; background_image=&#8220;https:\/\/conzept-kun.de\/pferdelaufbaender\/wp-content\/uploads\/2025\/07\/S3_Bild-2.png&#8220; parallax=&#8220;on&#8220; parallax_method=&#8220;off&#8220; custom_margin=&#8220;0px||0px||false|false&#8220; custom_padding=&#8220;31vh||31vh||true|false&#8220; custom_padding_tablet=&#8220;120px||120px||false|false&#8220; custom_padding_phone=&#8220;90px||90px||false|false&#8220; collapsed=&#8220;off&#8220; global_colors_info=&#8220;{}&#8220; global_module=&#8220;900&#8243; theme_builder_area=&#8220;post_content&#8220;][et_pb_row column_structure=&#8220;1_2,1_2&#8243; _builder_version=&#8220;4.27.4&#8243; _module_preset=&#8220;default&#8220; background_enable_image=&#8220;off&#8220; width=&#8220;90%&#8220; custom_margin=&#8220;0px||0px||false|false&#8220; custom_padding=&#8220;0px||0px||false|false&#8220; animation_style=&#8220;slide&#8220; animation_direction=&#8220;bottom&#8220; animation_intensity_slide=&#8220;12%&#8220; animation_speed_curve=&#8220;ease&#8220; custom_css_main_element=&#8220;text-align:right;&#8220; global_colors_info=&#8220;{}&#8220; custom_css_main_element_last_edited=&#8220;on|phone&#8220; custom_css_main_element_phone=&#8220;text-align:center;&#8220; custom_css_main_element_tablet=&#8220;text-align:right;&#8220; theme_builder_area=&#8220;post_content&#8220;][et_pb_column type=&#8220;1_2&#8243; _builder_version=&#8220;4.27.4&#8243; _module_preset=&#8220;default&#8220; background_color=&#8220;rgba(255,255,255,0.75)&#8220; background_enable_image=&#8220;off&#8220; background_blend=&#8220;multiply&#8220; border_radii=&#8220;on|100px|100px|100px|100px&#8220; global_colors_info=&#8220;{}&#8220; theme_builder_area=&#8220;post_content&#8220;][et_pb_blurb title=&#8220;Rufen Sie uns an!&#8220; use_icon=&#8220;on&#8220; font_icon=&#8220;&#xe090;||divi||400&#8243; icon_color=&#8220;#09505E&#8220; icon_placement=&#8220;left&#8220; image_icon_width=&#8220;75px&#8220; admin_label=&#8220;Rufen Sie uns an!&#8220; _builder_version=&#8220;4.27.4&#8243; _module_preset=&#8220;default&#8220; header_font=&#8220;|600||on|||||&#8220; header_text_color=&#8220;#09505E&#8220; header_font_size=&#8220;40px&#8220; body_text_color=&#8220;#09505E&#8220; body_font_size=&#8220;30px&#8220; custom_padding=&#8220;25px||25px||false|false&#8220; global_colors_info=&#8220;{}&#8220; theme_builder_area=&#8220;post_content&#8220;]<\/p>\n<p>+49 175 4063438<\/p>\n<p>[\/et_pb_blurb][\/et_pb_column][et_pb_column type=&#8220;1_2&#8243; _builder_version=&#8220;4.27.4&#8243; _module_preset=&#8220;default&#8220; background_color=&#8220;rgba(255,255,255,0.75)&#8220; background_enable_image=&#8220;off&#8220; background_blend=&#8220;multiply&#8220; border_radii=&#8220;on|100px|100px|100px|100px&#8220; global_colors_info=&#8220;{}&#8220; theme_builder_area=&#8220;post_content&#8220;][et_pb_blurb title=&#8220;Schreiben sie uns!&#8220; use_icon=&#8220;on&#8220; font_icon=&#8220;&#xe010;||divi||400&#8243; icon_color=&#8220;#09505E&#8220; icon_placement=&#8220;left&#8220; image_icon_width=&#8220;75px&#8220; admin_label=&#8220;Schreiben sie uns!&#8220; _builder_version=&#8220;4.27.4&#8243; _module_preset=&#8220;default&#8220; header_font=&#8220;|600||on|||||&#8220; header_text_color=&#8220;#09505E&#8220; header_font_size=&#8220;40px&#8220; body_text_color=&#8220;#09505E&#8220; body_font_size=&#8220;30px&#8220; body_link_text_color=&#8220;#09505E&#8220; custom_padding=&#8220;25px||25px||false|false&#8220; global_colors_info=&#8220;{}&#8220; theme_builder_area=&#8220;post_content&#8220;]<a href=\"mailto:info@pferdelaufbaender.com\" target=\"_blank\" rel=\"noopener\">info@pferdelaufbaender.com<\/a><br \/>\n[\/et_pb_blurb][\/et_pb_column][\/et_pb_row][\/et_pb_section][et_pb_section fb_built=&#8220;1&#8243; module_id=&#8220;erklaerung&#8220; _builder_version=&#8220;4.27.4&#8243; _module_preset=&#8220;default&#8220; background_color=&#8220;#09505E&#8220; collapsed=&#8220;off&#8220; global_colors_info=&#8220;{}&#8220;][et_pb_row column_structure=&#8220;1_2,1_2&#8243; _builder_version=&#8220;4.27.4&#8243; _module_preset=&#8220;default&#8220; background_enable_image=&#8220;off&#8220; width=&#8220;90%&#8220; animation_style=&#8220;slide&#8220; animation_direction=&#8220;bottom&#8220; animation_intensity_slide=&#8220;12%&#8220; animation_speed_curve=&#8220;ease&#8220; custom_css_main_element=&#8220;text-align:right;&#8220; global_colors_info=&#8220;{}&#8220; custom_css_main_element_last_edited=&#8220;on|phone&#8220; custom_css_main_element_phone=&#8220;text-align:center;&#8220; custom_css_main_element_tablet=&#8220;text-align:right;&#8220;][et_pb_column type=&#8220;1_2&#8243; _builder_version=&#8220;4.27.4&#8243; _module_preset=&#8220;default&#8220; background_enable_color=&#8220;off&#8220; background_enable_image=&#8220;off&#8220; background_blend=&#8220;multiply&#8220; global_colors_info=&#8220;{}&#8220;][et_pb_text admin_label=&#8220;Trainingsphase Woche 0\u20134&#8243; _builder_version=&#8220;4.27.4&#8243; _module_preset=&#8220;default&#8220; text_text_color=&#8220;#FFFFFF&#8220; text_font_size=&#8220;18px&#8220; link_text_color=&#8220;#FFFFFF&#8220; header_2_text_color=&#8220;#FFFFFF&#8220; header_3_text_color=&#8220;#FFFFFF&#8220; header_3_font_size=&#8220;26px&#8220; header_4_text_color=&#8220;#FFFFFF&#8220; global_colors_info=&#8220;{}&#8220;]<\/p>\n<p data-pm-slice=\"1 3 []\"><strong>Trainingsphase Woche 0\u20134<\/strong><\/p>\n<ul data-spread=\"false\">\n<li>20 Minuten Schritt in der F\u00fchranlage<\/li>\n<li>20 Minuten Schritt auf dem Treatmill Laufband<\/li>\n<li>5 Minuten Trab (flach, gleichbleibende Geschwindigkeit)<\/li>\n<\/ul>\n<p><strong>Trainingsphase Woche 5\u201312<\/strong><\/p>\n<ul data-spread=\"false\">\n<li>20 Minuten Schritt in der F\u00fchranlage<\/li>\n<li>10 Minuten Schritt auf dem Treatmill Laufband bei 8 % Steigung<\/li>\n<li>11 Minuten Trab bei 8 % Steigung (standardisierte Geschwindigkeit)<\/li>\n<\/ul>\n<div>\n<hr \/>\n<\/div>\n<p><strong>Leistungstests<\/strong><br \/><strong>Nach 4 Wochen:<\/strong><\/p>\n<ul data-spread=\"false\">\n<li>20 Minuten Schritt in der F\u00fchranlage<\/li>\n<li>20 Minuten Schritt auf dem Laufband (10 % Steigung)<\/li>\n<li>20 Minuten Trab bei 8 % Steigung<\/li>\n<\/ul>\n<p><strong>Nach 8\u201312 Wochen:<\/strong><\/p>\n<ul data-spread=\"false\">\n<li>30 Minuten Longieren in Trab und Galopp<\/li>\n<li>5 Minuten Schritt auf dem Laufband (10 % Steigung)<\/li>\n<li>20 Minuten Trab bei 8 % Steigung<\/li>\n<\/ul>\n<p>Die Leistungstests ersetzten an den jeweiligen Tagen das regul\u00e4re Trainingsprogramm.<\/p>\n<div>\n<hr \/>\n<\/div>\n<p><strong>Messparameter &amp; Datenerhebung<\/strong><\/p>\n<ul data-spread=\"false\">\n<li><strong>Muskelumfang<\/strong>: gemessen an Vorderbein, Glutaeus und hinterer Oberschenkelmuskulatur (Wochen 4, 8 und 12)<\/li>\n<li><strong>K\u00f6rperfettanteil<\/strong>: \u00dcberpr\u00fcfung per Ultraschall (Woche 0 und 12)<\/li>\n<li><strong>Exterieur<\/strong>: Standfotos in Woche 0, 6 und 12<\/li>\n<li><strong>Leistungsphysiologische Reaktion<\/strong>: CPK-Werte, Herzfrequenz und Laktat vor und nach Tests in Woche 1, 4, 8 und 12<\/li>\n<li><strong>K\u00f6rpergewicht<\/strong>: w\u00f6chentliche Gewichtskontrolle<\/li>\n<\/ul>\n<p>[\/et_pb_text][et_pb_image src=&#8220;https:\/\/conzept-kun.de\/pferdelaufbaender\/wp-content\/uploads\/2025\/06\/mitzel-pferdelaufbaender-laufband-hell.png&#8220; title_text=&#8220;mitzel-pferdelaufbaender-laufband-hell&#8220; admin_label=&#8220;laufband&#8220; _builder_version=&#8220;4.27.4&#8243; _module_preset=&#8220;default&#8220; custom_margin=&#8220;50px|||-25px|false|false&#8220; custom_margin_tablet=&#8220;|||auto|false|false&#8220; custom_margin_phone=&#8220;|||auto|false|false&#8220; custom_margin_last_edited=&#8220;on|tablet&#8220; animation_style=&#8220;slide&#8220; animation_direction=&#8220;left&#8220; global_colors_info=&#8220;{}&#8220;][\/et_pb_image][\/et_pb_column][et_pb_column type=&#8220;1_2&#8243; _builder_version=&#8220;4.27.4&#8243; _module_preset=&#8220;default&#8220; background_enable_color=&#8220;off&#8220; background_enable_image=&#8220;off&#8220; background_blend=&#8220;multiply&#8220; global_colors_info=&#8220;{}&#8220;][et_pb_text admin_label=&#8220;Verhalten der Pferde&#8220; _builder_version=&#8220;4.27.4&#8243; _module_preset=&#8220;default&#8220; text_text_color=&#8220;#FFFFFF&#8220; text_font_size=&#8220;18px&#8220; link_text_color=&#8220;#FFFFFF&#8220; header_2_text_color=&#8220;#FFFFFF&#8220; header_3_text_color=&#8220;#FFFFFF&#8220; header_3_font_size=&#8220;26px&#8220; header_4_text_color=&#8220;#FFFFFF&#8220; global_colors_info=&#8220;{}&#8220;]<\/p>\n<p data-pm-slice=\"1 1 []\"><strong>Verhalten der Pferde<\/strong><br \/>Die jungen, bisher untrainierten Pferde nahmen das Treatmill schnell an. Bereits nach wenigen Tagen bewegten sie sich sicher im Schritt und Trab. Die ergonomische Bodenbeschaffenheit des Laufbands f\u00f6rderte ein stabiles, trittsicheres Laufgef\u00fchl und unterst\u00fctzte das schnelle Vertrauen der Pferde. Erste \u00dcbungen mit Steigung wurden ebenfalls schnell akzeptiert.<\/p>\n<div>\n<hr \/>\n<\/div>\n<p><strong>Sicherheit &amp; Technik<\/strong><br \/>Das vollautomatische Sicherheitssystem stoppte das Laufband bei St\u00f6rverhalten (z. B. Stolpern, Scheuen) sofort und fuhr danach sanft zur gew\u00e4hlten Geschwindigkeit zur\u00fcck. W\u00e4hrend des gesamten 12-Wochen-Einsatzes traten keine technischen St\u00f6rungen oder Verletzungen auf.<\/p>\n<div>\n<hr \/>\n<\/div>\n<p><strong>Ger\u00e4teleistung &amp; Haltbarkeit<\/strong><br \/>Das Laufband wurde insgesamt 390 Stunden genutzt: 230 Stunden Schritt, 160 Stunden Trab. Trotz hoher Belastung durch junge, kraftvolle Pferde blieben Technik, Mechanik und Bodenbelag voll funktionsf\u00e4hig und zeigten keine nennenswerte Abnutzung.<\/p>\n<div>\n<hr \/>\n<\/div>\n<p><strong>Trainingserfolge &amp; physiologische Entwicklung<\/strong><br \/>Alle Pferde erreichten nach nur vier Wochen ein deutlich gesteigertes Konditionsniveau. Herzfrequenz- und Blutwerte nach Belastung blieben im physiologischen Bereich. Bei weiteren Tests in Woche 8 und 12 wurden Intensit\u00e4t und Umfang des Programms erfolgreich gesteigert. Die Muskelentwicklung war deutlich sichtbar: insbesondere im Bereich der Schulter, der R\u00fcckenlinie und der Hinterhand.<\/p>\n<p>Die Ultraschallmessungen zeigten im Schnitt einen Muskelzuwachs von 5 %, mit Spitzenwerten von bis zu 6,6 % im Bereich des Semitendinosus. Die Pferde zeigten w\u00e4hrend der gesamten Versuchszeit keine gesundheitlichen Ausf\u00e4lle oder Trainingsverweigerung. Die individuell einstellbare Geschwindigkeit des Treatmill erm\u00f6glichte eine optimale Anpassung an das jeweilige Pferd.<\/p>\n<div>\n<hr \/>\n<\/div>\n<p><strong>Fazit<\/strong><br \/>Das Trainingskonzept mit dem Treatmill Pferdelaufband erwies sich als effektiv, sicher und pferdefreundlich. Die Tiere konnten kontrolliert aufgebaut werden, ohne \u00dcberlastung oder Stress. Das Laufband bew\u00e4hrte sich im Langzeiteinsatz sowohl funktional als auch hinsichtlich Komfort, Technik und Tiervertr\u00e4glichkeit als hochqualitatives Trainingsger\u00e4t.<\/p>\n<p>&nbsp;<\/p>\n<p>[\/et_pb_text][\/et_pb_column][\/et_pb_row][\/et_pb_section][et_pb_section fb_built=&#8220;1&#8243; custom_padding_last_edited=&#8220;on|desktop&#8220; _builder_version=&#8220;4.27.4&#8243; _module_preset=&#8220;default&#8220; background_enable_color=&#8220;off&#8220; background_image=&#8220;https:\/\/conzept-kun.de\/pferdelaufbaender\/wp-content\/uploads\/2025\/07\/S3_Bild-2.png&#8220; parallax=&#8220;on&#8220; parallax_method=&#8220;off&#8220; custom_margin=&#8220;0px||0px||false|false&#8220; custom_padding=&#8220;31vh||31vh||true|false&#8220; custom_padding_tablet=&#8220;120px||120px||false|false&#8220; custom_padding_phone=&#8220;90px||90px||false|false&#8220; collapsed=&#8220;off&#8220; global_colors_info=&#8220;{}&#8220;][\/et_pb_section]<\/p>\n","protected":false},"excerpt":{"rendered":"<p>Trainingskonzept mit dem Treatmill Pferdelaufband\u00a0Eingew\u00f6hnungsphaseZu Beginn des Programms durchliefen die jungen Pferde eine einw\u00f6chige Eingew\u00f6hnungszeit. Dabei wurden sie sowohl an das F\u00fctterungsregime als auch an die Nutzung des Treatmill Pferdelaufbandes im Schritt und Trab behutsam herangef\u00fchrt.Eingew\u00f6hnungsphaseZu Beginn des Programms durchliefen die jungen Pferde eine einw\u00f6chige Eingew\u00f6hnungszeit. Dabei wurden sie sowohl an das F\u00fctterungsregime als auch [&hellip;]<\/p>\n","protected":false},"author":2,"featured_media":0,"parent":0,"menu_order":30,"comment_status":"closed","ping_status":"closed","template":"","meta":{"_et_pb_use_builder":"on","_et_pb_old_content":"","_et_gb_content_width":"","footnotes":""},"class_list":["post-499","page","type-page","status-publish","hentry"],"_links":{"self":[{"href":"https:\/\/conzept-kun.de\/pferdelaufbaender\/wp-json\/wp\/v2\/pages\/499","targetHints":{"allow":["GET"]}}],"collection":[{"href":"https:\/\/conzept-kun.de\/pferdelaufbaender\/wp-json\/wp\/v2\/pages"}],"about":[{"href":"https:\/\/conzept-kun.de\/pferdelaufbaender\/wp-json\/wp\/v2\/types\/page"}],"author":[{"embeddable":true,"href":"https:\/\/conzept-kun.de\/pferdelaufbaender\/wp-json\/wp\/v2\/users\/2"}],"replies":[{"embeddable":true,"href":"https:\/\/conzept-kun.de\/pferdelaufbaender\/wp-json\/wp\/v2\/comments?post=499"}],"version-history":[{"count":10,"href":"https:\/\/conzept-kun.de\/pferdelaufbaender\/wp-json\/wp\/v2\/pages\/499\/revisions"}],"predecessor-version":[{"id":905,"href":"https:\/\/conzept-kun.de\/pferdelaufbaender\/wp-json\/wp\/v2\/pages\/499\/revisions\/905"}],"wp:attachment":[{"href":"https:\/\/conzept-kun.de\/pferdelaufbaender\/wp-json\/wp\/v2\/media?parent=499"}],"curies":[{"name":"wp","href":"https:\/\/api.w.org\/{rel}","templated":true}]}}