{"id":493,"date":"2025-06-26T20:12:56","date_gmt":"2025-06-26T18:12:56","guid":{"rendered":"https:\/\/conzept-kun.de\/pferdelaufbaender\/?page_id=493"},"modified":"2025-07-28T14:41:58","modified_gmt":"2025-07-28T12:41:58","slug":"agb","status":"publish","type":"page","link":"https:\/\/conzept-kun.de\/pferdelaufbaender\/agb\/","title":{"rendered":"AGB"},"content":{"rendered":"<p>[et_pb_section fb_built=&#8220;1&#8243; custom_padding_last_edited=&#8220;on|phone&#8220; _builder_version=&#8220;4.27.4&#8243; _module_preset=&#8220;default&#8220; background_enable_color=&#8220;off&#8220; use_background_color_gradient=&#8220;on&#8220; background_color_gradient_direction=&#8220;-60deg&#8220; background_color_gradient_stops=&#8220;#ffffff 50%|#09505e 50%&#8220; background_enable_image=&#8220;off&#8220; custom_margin=&#8220;0px||0px||false|false&#8220; custom_padding=&#8220;155px||155px||false|false&#8220; custom_padding_tablet=&#8220;155px||155px||false|false&#8220; custom_padding_phone=&#8220;85px||90px||false|false&#8220; background_color_tablet=&#8220;#09505E&#8220; background_last_edited=&#8220;on|tablet&#8220; background_enable_color_tablet=&#8220;on&#8220; use_background_color_gradient_tablet=&#8220;off&#8220; collapsed=&#8220;off&#8220; global_colors_info=&#8220;{}&#8220;][et_pb_row column_structure=&#8220;1_2,1_2&#8243; use_custom_gutter=&#8220;on&#8220; gutter_width=&#8220;1&#8243; _builder_version=&#8220;4.27.4&#8243; _module_preset=&#8220;default&#8220; width=&#8220;90%&#8220; custom_margin=&#8220;0px||0px||false|false&#8220; custom_padding=&#8220;0px||0px||false|false&#8220; global_colors_info=&#8220;{}&#8220;][et_pb_column type=&#8220;1_2&#8243; _builder_version=&#8220;4.27.4&#8243; _module_preset=&#8220;default&#8220; background_enable_image=&#8220;off&#8220; global_colors_info=&#8220;{}&#8220;][et_pb_text admin_label=&#8220;Allgemeine Gesch\u00e4ftsbedingungen (AGB)&#8220; _builder_version=&#8220;4.27.4&#8243; _module_preset=&#8220;default&#8220; header_font=&#8220;Corporate S|300||on|||||&#8220; header_text_align=&#8220;left&#8220; header_text_color=&#8220;#b8ced6&#8243; header_font_size=&#8220;55px&#8220; header_line_height=&#8220;1.28em&#8220; header_2_text_color=&#8220;#b8ced6&#8243; header_2_font_size=&#8220;33px&#8220; custom_margin=&#8220;100px||||false|false&#8220; animation_style=&#8220;slide&#8220; animation_direction=&#8220;left&#8220; animation_intensity_slide=&#8220;5%&#8220; animation_speed_curve=&#8220;ease&#8220; header_font_size_tablet=&#8220;30px&#8220; header_font_size_phone=&#8220;30px&#8220; header_font_size_last_edited=&#8220;on|phone&#8220; global_colors_info=&#8220;{}&#8220;]<\/p>\n<h1>Allgemeine Gesch\u00e4ftsbedingungen (AGB)<\/h1>\n<p>[\/et_pb_text][et_pb_image src=&#8220;https:\/\/conzept-kun.de\/pferdelaufbaender\/wp-content\/uploads\/2025\/06\/mitzel-pferdelaufbaender-laufband-hell.png&#8220; title_text=&#8220;mitzel-pferdelaufbaender-laufband-hell&#8220; admin_label=&#8220;laufband&#8220; _builder_version=&#8220;4.27.4&#8243; _module_preset=&#8220;default&#8220; custom_margin=&#8220;|||-25px|false|false&#8220; custom_margin_tablet=&#8220;|||auto|false|false&#8220; custom_margin_phone=&#8220;|||auto|false|false&#8220; custom_margin_last_edited=&#8220;on|tablet&#8220; animation_style=&#8220;slide&#8220; animation_direction=&#8220;left&#8220; global_colors_info=&#8220;{}&#8220;][\/et_pb_image][\/et_pb_column][et_pb_column type=&#8220;1_2&#8243; _builder_version=&#8220;4.25.2&#8243; _module_preset=&#8220;default&#8220; custom_padding=&#8220;|||255px|false|false&#8220; custom_padding_tablet=&#8220;|||0px|false|false&#8220; custom_padding_phone=&#8220;|||0px|false|false&#8220; custom_padding_last_edited=&#8220;on|tablet&#8220; global_colors_info=&#8220;{}&#8220;][et_pb_text disabled_on=&#8220;on|on|off&#8220; admin_label=&#8220;Treatmill \u2013 Siegfried Mitzel Stand: Juni 2025&#8243; _builder_version=&#8220;4.27.4&#8243; _module_preset=&#8220;default&#8220; text_font=&#8220;||||||||&#8220; text_text_color=&#8220;#09505E&#8220; text_font_size=&#8220;30px&#8220; text_line_height=&#8220;1.6em&#8220; custom_margin=&#8220;40px||40px||false|false&#8220; custom_margin_tablet=&#8220;0px||40px||false|false&#8220; custom_margin_phone=&#8220;0px||40px||false|false&#8220; custom_margin_last_edited=&#8220;on|phone&#8220; custom_padding=&#8220;0px||0px||false|false&#8220; animation_style=&#8220;slide&#8220; animation_direction=&#8220;right&#8220; animation_intensity_slide=&#8220;8%&#8220; animation_speed_curve=&#8220;ease&#8220; global_colors_info=&#8220;{}&#8220;]<\/p>\n<p><strong data-start=\"590\" data-end=\"622\">Treatmill \u2013 Siegfried Mitzel<\/strong><br data-start=\"622\" data-end=\"625\" \/>Stand: Juni 2025<\/p>\n<p>[\/et_pb_text][\/et_pb_column][\/et_pb_row][\/et_pb_section][et_pb_section fb_built=&#8220;1&#8243; custom_padding_last_edited=&#8220;on|phone&#8220; disabled_on=&#8220;off|off|on&#8220; _builder_version=&#8220;4.27.4&#8243; _module_preset=&#8220;default&#8220; background_color=&#8220;#FFFFFF&#8220; background_enable_image=&#8220;off&#8220; custom_margin=&#8220;0px||0px||false|false&#8220; custom_padding=&#8220;155px||155px||false|false&#8220; custom_padding_tablet=&#8220;155px||155px||false|false&#8220; custom_padding_phone=&#8220;85px||90px||false|false&#8220; collapsed=&#8220;off&#8220; global_colors_info=&#8220;{}&#8220;][et_pb_row column_structure=&#8220;1_2,1_2&#8243; use_custom_gutter=&#8220;on&#8220; gutter_width=&#8220;1&#8243; _builder_version=&#8220;4.27.4&#8243; _module_preset=&#8220;default&#8220; width=&#8220;90%&#8220; custom_margin=&#8220;0px||0px||false|false&#8220; custom_padding=&#8220;0px||0px||false|false&#8220; global_colors_info=&#8220;{}&#8220;][et_pb_column type=&#8220;1_2&#8243; _builder_version=&#8220;4.27.4&#8243; _module_preset=&#8220;default&#8220; background_enable_image=&#8220;off&#8220; global_colors_info=&#8220;{}&#8220;][\/et_pb_column][et_pb_column type=&#8220;1_2&#8243; _builder_version=&#8220;4.25.2&#8243; _module_preset=&#8220;default&#8220; custom_padding=&#8220;|||255px|false|false&#8220; custom_padding_tablet=&#8220;|||0px|false|false&#8220; custom_padding_phone=&#8220;|||0px|false|false&#8220; custom_padding_last_edited=&#8220;on|tablet&#8220; global_colors_info=&#8220;{}&#8220;][et_pb_text disabled_on=&#8220;off|off|off&#8220; admin_label=&#8220;Treatmill \u2013 Siegfried Mitzel Stand: Juni 2025&#8243; _builder_version=&#8220;4.27.4&#8243; _module_preset=&#8220;default&#8220; text_font=&#8220;||||||||&#8220; text_text_color=&#8220;#09505E&#8220; text_font_size=&#8220;30px&#8220; text_line_height=&#8220;1.6em&#8220; custom_margin=&#8220;40px||40px||false|false&#8220; custom_margin_tablet=&#8220;0px||40px||false|false&#8220; custom_margin_phone=&#8220;0px||40px||false|false&#8220; custom_margin_last_edited=&#8220;on|phone&#8220; custom_padding=&#8220;0px||0px||false|false&#8220; animation_style=&#8220;slide&#8220; animation_direction=&#8220;right&#8220; animation_intensity_slide=&#8220;8%&#8220; animation_speed_curve=&#8220;ease&#8220; global_colors_info=&#8220;{}&#8220;]<\/p>\n<p><strong data-start=\"590\" data-end=\"622\">Treatmill \u2013 Siegfried Mitzel<\/strong><br data-start=\"622\" data-end=\"625\" \/>Stand: Juni 2025<\/p>\n<p>[\/et_pb_text][\/et_pb_column][\/et_pb_row][\/et_pb_section][et_pb_section fb_built=&#8220;1&#8243; custom_padding_last_edited=&#8220;on|desktop&#8220; _builder_version=&#8220;4.27.4&#8243; _module_preset=&#8220;default&#8220; background_enable_color=&#8220;off&#8220; background_image=&#8220;https:\/\/conzept-kun.de\/pferdelaufbaender\/wp-content\/uploads\/2025\/07\/S3_Bild-2.png&#8220; parallax=&#8220;on&#8220; parallax_method=&#8220;off&#8220; custom_margin=&#8220;0px||0px||false|false&#8220; custom_padding=&#8220;31vh||31vh||true|false&#8220; custom_padding_tablet=&#8220;120px||120px||false|false&#8220; custom_padding_phone=&#8220;90px||90px||false|false&#8220; collapsed=&#8220;off&#8220; global_colors_info=&#8220;{}&#8220; global_module=&#8220;900&#8243; theme_builder_area=&#8220;post_content&#8220;][et_pb_row column_structure=&#8220;1_2,1_2&#8243; _builder_version=&#8220;4.27.4&#8243; _module_preset=&#8220;default&#8220; background_enable_image=&#8220;off&#8220; width=&#8220;90%&#8220; custom_margin=&#8220;0px||0px||false|false&#8220; custom_padding=&#8220;0px||0px||false|false&#8220; animation_style=&#8220;slide&#8220; animation_direction=&#8220;bottom&#8220; animation_intensity_slide=&#8220;12%&#8220; animation_speed_curve=&#8220;ease&#8220; custom_css_main_element=&#8220;text-align:right;&#8220; global_colors_info=&#8220;{}&#8220; custom_css_main_element_last_edited=&#8220;on|phone&#8220; custom_css_main_element_phone=&#8220;text-align:center;&#8220; custom_css_main_element_tablet=&#8220;text-align:right;&#8220; theme_builder_area=&#8220;post_content&#8220;][et_pb_column type=&#8220;1_2&#8243; _builder_version=&#8220;4.27.4&#8243; _module_preset=&#8220;default&#8220; background_color=&#8220;rgba(255,255,255,0.75)&#8220; background_enable_image=&#8220;off&#8220; background_blend=&#8220;multiply&#8220; border_radii=&#8220;on|100px|100px|100px|100px&#8220; global_colors_info=&#8220;{}&#8220; theme_builder_area=&#8220;post_content&#8220;][et_pb_blurb title=&#8220;Rufen Sie uns an!&#8220; use_icon=&#8220;on&#8220; font_icon=&#8220;&#xe090;||divi||400&#8243; icon_color=&#8220;#09505E&#8220; icon_placement=&#8220;left&#8220; image_icon_width=&#8220;75px&#8220; admin_label=&#8220;Rufen Sie uns an!&#8220; _builder_version=&#8220;4.27.4&#8243; _module_preset=&#8220;default&#8220; header_font=&#8220;|600||on|||||&#8220; header_text_color=&#8220;#09505E&#8220; header_font_size=&#8220;40px&#8220; body_text_color=&#8220;#09505E&#8220; body_font_size=&#8220;30px&#8220; custom_padding=&#8220;25px||25px||false|false&#8220; global_colors_info=&#8220;{}&#8220; theme_builder_area=&#8220;post_content&#8220;]<\/p>\n<p>+49 175 4063438<\/p>\n<p>[\/et_pb_blurb][\/et_pb_column][et_pb_column type=&#8220;1_2&#8243; _builder_version=&#8220;4.27.4&#8243; _module_preset=&#8220;default&#8220; background_color=&#8220;rgba(255,255,255,0.75)&#8220; background_enable_image=&#8220;off&#8220; background_blend=&#8220;multiply&#8220; border_radii=&#8220;on|100px|100px|100px|100px&#8220; global_colors_info=&#8220;{}&#8220; theme_builder_area=&#8220;post_content&#8220;][et_pb_blurb title=&#8220;Schreiben sie uns!&#8220; use_icon=&#8220;on&#8220; font_icon=&#8220;&#xe010;||divi||400&#8243; icon_color=&#8220;#09505E&#8220; icon_placement=&#8220;left&#8220; image_icon_width=&#8220;75px&#8220; admin_label=&#8220;Schreiben sie uns!&#8220; _builder_version=&#8220;4.27.4&#8243; _module_preset=&#8220;default&#8220; header_font=&#8220;|600||on|||||&#8220; header_text_color=&#8220;#09505E&#8220; header_font_size=&#8220;40px&#8220; body_text_color=&#8220;#09505E&#8220; body_font_size=&#8220;30px&#8220; body_link_text_color=&#8220;#09505E&#8220; custom_padding=&#8220;25px||25px||false|false&#8220; global_colors_info=&#8220;{}&#8220; theme_builder_area=&#8220;post_content&#8220;]<a href=\"mailto:info@pferdelaufbaender.com\" target=\"_blank\" rel=\"noopener\">info@pferdelaufbaender.com<\/a><br \/>\n[\/et_pb_blurb][\/et_pb_column][\/et_pb_row][\/et_pb_section][et_pb_section fb_built=&#8220;1&#8243; module_id=&#8220;erklaerung&#8220; _builder_version=&#8220;4.27.4&#8243; _module_preset=&#8220;default&#8220; background_color=&#8220;#09505E&#8220; collapsed=&#8220;off&#8220; global_colors_info=&#8220;{}&#8220;][et_pb_row column_structure=&#8220;1_2,1_2&#8243; _builder_version=&#8220;4.27.4&#8243; _module_preset=&#8220;default&#8220; background_enable_image=&#8220;off&#8220; width=&#8220;90%&#8220; animation_style=&#8220;slide&#8220; animation_direction=&#8220;bottom&#8220; animation_intensity_slide=&#8220;12%&#8220; animation_speed_curve=&#8220;ease&#8220; custom_css_main_element=&#8220;text-align:right;&#8220; global_colors_info=&#8220;{}&#8220; custom_css_main_element_last_edited=&#8220;on|phone&#8220; custom_css_main_element_phone=&#8220;text-align:center;&#8220; custom_css_main_element_tablet=&#8220;text-align:right;&#8220;][et_pb_column type=&#8220;1_2&#8243; _builder_version=&#8220;4.27.4&#8243; _module_preset=&#8220;default&#8220; background_enable_color=&#8220;off&#8220; background_enable_image=&#8220;off&#8220; background_blend=&#8220;multiply&#8220; global_colors_info=&#8220;{}&#8220;][et_pb_text admin_label=&#8220;1. Allgemeine Hinweise&#8220; _builder_version=&#8220;4.27.4&#8243; _module_preset=&#8220;default&#8220; text_text_color=&#8220;#FFFFFF&#8220; text_font_size=&#8220;18px&#8220; link_text_color=&#8220;#FFFFFF&#8220; header_2_text_color=&#8220;#FFFFFF&#8220; header_3_text_color=&#8220;#FFFFFF&#8220; header_3_font_size=&#8220;26px&#8220; header_4_text_color=&#8220;#FFFFFF&#8220; global_colors_info=&#8220;{}&#8220;]<\/p>\n<h3 data-start=\"643\" data-end=\"667\">1. Geltungsbereich<\/h3>\n<p data-start=\"668\" data-end=\"1116\">Diese Allgemeinen Gesch\u00e4ftsbedingungen (AGB) gelten f\u00fcr alle Vertr\u00e4ge, Lieferungen und Leistungen zwischen Treatmill \u2013 Siegfried Mitzel (nachfolgend \u201eAnbieter\u201c) und dem Kunden (nachfolgend \u201eKunde\u201c), soweit nicht ausdr\u00fccklich schriftlich etwas anderes vereinbart wurde.<br data-start=\"936\" data-end=\"939\" \/>Abweichende, entgegenstehende oder erg\u00e4nzende Allgemeine Gesch\u00e4ftsbedingungen des Kunden werden nicht Vertragsbestandteil, auch wenn ihnen nicht ausdr\u00fccklich widersprochen wird.<\/p>\n<h3 data-start=\"1118\" data-end=\"1142\">2. Vertragsschluss<\/h3>\n<p data-start=\"1143\" data-end=\"1435\">Unsere Angebote sind freibleibend und unverbindlich. Ein Vertrag kommt erst mit schriftlicher Auftragsbest\u00e4tigung durch den Anbieter oder mit Beginn der Ausf\u00fchrung zustande.<br data-start=\"1316\" data-end=\"1319\" \/>Technische \u00c4nderungen sowie \u00c4nderungen in Form, Farbe und\/oder Gewicht bleiben im Rahmen des Zumutbaren vorbehalten.<\/p>\n<h3 data-start=\"1437\" data-end=\"1476\">3. Preise und Zahlungsbedingungen<\/h3>\n<p data-start=\"1477\" data-end=\"1759\">Alle Preise verstehen sich netto zuz\u00fcglich gesetzlicher Mehrwertsteuer ab Werk, sofern nicht anders angegeben.<br data-start=\"1587\" data-end=\"1590\" \/>Zahlungen sind innerhalb von 10 Tagen ab Rechnungsdatum ohne Abzug f\u00e4llig. Bei Zahlungsverzug behalten wir uns die Berechnung von Verzugszinsen in gesetzlicher H\u00f6he vor.<\/p>\n<h3 data-start=\"1761\" data-end=\"1791\">4. Lieferung und Versand<\/h3>\n<p data-start=\"1792\" data-end=\"2095\">Lieferfristen gelten nur als verbindlich, wenn sie ausdr\u00fccklich schriftlich zugesagt wurden.<br data-start=\"1884\" data-end=\"1887\" \/>Die Lieferung erfolgt auf Gefahr des Kunden. Mit \u00dcbergabe der Ware an den Spediteur oder Frachtf\u00fchrer geht die Gefahr auf den Kunden \u00fcber.<br data-start=\"2025\" data-end=\"2028\" \/>Teillieferungen sind zul\u00e4ssig, sofern sie dem Kunden zumutbar sind.<\/p>\n<h3 data-start=\"2097\" data-end=\"2124\">5. Eigentumsvorbehalt<\/h3>\n<p data-start=\"2125\" data-end=\"2277\">Die gelieferte Ware bleibt bis zur vollst\u00e4ndigen Bezahlung unser Eigentum. Bei Zahlungsverzug sind wir berechtigt, die Herausgabe der Ware zu verlangen.<\/p>\n<p>[\/et_pb_text][et_pb_image src=&#8220;https:\/\/conzept-kun.de\/pferdelaufbaender\/wp-content\/uploads\/2025\/06\/mitzel-pferdelaufbaender-laufband-hell.png&#8220; title_text=&#8220;mitzel-pferdelaufbaender-laufband-hell&#8220; admin_label=&#8220;laufband&#8220; _builder_version=&#8220;4.27.4&#8243; _module_preset=&#8220;default&#8220; custom_margin=&#8220;50px|||-25px|false|false&#8220; custom_margin_tablet=&#8220;|||auto|false|false&#8220; custom_margin_phone=&#8220;|||auto|false|false&#8220; custom_margin_last_edited=&#8220;on|tablet&#8220; animation_style=&#8220;slide&#8220; animation_direction=&#8220;left&#8220; global_colors_info=&#8220;{}&#8220;][\/et_pb_image][\/et_pb_column][et_pb_column type=&#8220;1_2&#8243; _builder_version=&#8220;4.27.4&#8243; _module_preset=&#8220;default&#8220; background_enable_color=&#8220;off&#8220; background_enable_image=&#8220;off&#8220; background_blend=&#8220;multiply&#8220; global_colors_info=&#8220;{}&#8220;][et_pb_text admin_label=&#8220;5. Soziale Medien \u2013 Instagram&#8220; _builder_version=&#8220;4.27.4&#8243; _module_preset=&#8220;default&#8220; text_text_color=&#8220;#FFFFFF&#8220; text_font_size=&#8220;18px&#8220; link_text_color=&#8220;#FFFFFF&#8220; header_2_text_color=&#8220;#FFFFFF&#8220; header_3_text_color=&#8220;#FFFFFF&#8220; header_3_font_size=&#8220;26px&#8220; header_4_text_color=&#8220;#FFFFFF&#8220; global_colors_info=&#8220;{}&#8220;]<\/p>\n<h3 data-start=\"2279\" data-end=\"2302\">6. Gew\u00e4hrleistung<\/h3>\n<p data-start=\"2303\" data-end=\"2660\">Es gelten die gesetzlichen Gew\u00e4hrleistungsrechte. Die Gew\u00e4hrleistungsfrist betr\u00e4gt 12 Monate ab Lieferung bei gewerblichen Kunden.<br data-start=\"2433\" data-end=\"2436\" \/>Offensichtliche M\u00e4ngel sind unverz\u00fcglich, sp\u00e4testens jedoch innerhalb von 7 Werktagen nach Empfang der Ware schriftlich anzuzeigen.<br data-start=\"2567\" data-end=\"2570\" \/>Bei berechtigten M\u00e4ngeln leisten wir nach unserer Wahl Nachbesserung oder Ersatzlieferung.<\/p>\n<h3 data-start=\"2662\" data-end=\"2678\">7. Haftung<\/h3>\n<p data-start=\"2679\" data-end=\"3075\">F\u00fcr Sch\u00e4den, die nicht am Liefergegenstand selbst entstanden sind, haften wir \u2013 aus welchem Rechtsgrund auch immer \u2013 nur bei Vorsatz, grober Fahrl\u00e4ssigkeit oder Verletzung wesentlicher Vertragspflichten.<br data-start=\"2882\" data-end=\"2885\" \/>Bei leicht fahrl\u00e4ssiger Verletzung wesentlicher Vertragspflichten ist die Haftung auf den vertragstypischen, vorhersehbaren Schaden begrenzt.<br data-start=\"3026\" data-end=\"3029\" \/>Eine weitergehende Haftung ist ausgeschlossen.<\/p>\n<h3 data-start=\"3077\" data-end=\"3097\">8. Datenschutz<\/h3>\n<p data-start=\"3098\" data-end=\"3290\">Personenbezogene Daten des Kunden werden ausschlie\u00dflich zur Vertragsabwicklung und Pflege der Kundenbeziehung verarbeitet. Weitere Informationen sind in unserer Datenschutzerkl\u00e4rung zu finden.<\/p>\n<h3 data-start=\"3292\" data-end=\"3332\">9. Erf\u00fcllungsort und Gerichtsstand<\/h3>\n<p data-start=\"3333\" data-end=\"3536\">Erf\u00fcllungsort f\u00fcr Lieferung und Zahlung ist der Sitz des Anbieters.<br data-start=\"3400\" data-end=\"3403\" \/>Gerichtsstand f\u00fcr alle Streitigkeiten aus dem Vertragsverh\u00e4ltnis ist \u2013 soweit gesetzlich zul\u00e4ssig \u2013 ebenfalls der Sitz des Anbieters.<\/p>\n<h3 data-start=\"3538\" data-end=\"3567\">10. Schlussbestimmungen<\/h3>\n<p data-start=\"3568\" data-end=\"3847\">Sollten einzelne Bestimmungen dieser AGB ganz oder teilweise unwirksam sein oder werden, bleibt die Wirksamkeit der \u00fcbrigen Bestimmungen unber\u00fchrt.<br data-start=\"3715\" data-end=\"3718\" \/>Anstelle der unwirksamen Regelung gilt diejenige gesetzlich zul\u00e4ssige Regelung, die dem wirtschaftlichen Zweck am n\u00e4chsten kommt.<\/p>\n<p>[\/et_pb_text][\/et_pb_column][\/et_pb_row][\/et_pb_section][et_pb_section fb_built=&#8220;1&#8243; custom_padding_last_edited=&#8220;on|desktop&#8220; _builder_version=&#8220;4.27.4&#8243; _module_preset=&#8220;default&#8220; background_enable_color=&#8220;off&#8220; background_image=&#8220;https:\/\/conzept-kun.de\/pferdelaufbaender\/wp-content\/uploads\/2025\/07\/S3_Bild-2.png&#8220; parallax=&#8220;on&#8220; parallax_method=&#8220;off&#8220; custom_margin=&#8220;0px||0px||false|false&#8220; custom_padding=&#8220;31vh||31vh||true|false&#8220; custom_padding_tablet=&#8220;120px||120px||false|false&#8220; custom_padding_phone=&#8220;90px||90px||false|false&#8220; collapsed=&#8220;off&#8220; global_colors_info=&#8220;{}&#8220;][\/et_pb_section]<\/p>\n","protected":false},"excerpt":{"rendered":"<p>Allgemeine Gesch\u00e4ftsbedingungen (AGB)Treatmill \u2013 Siegfried MitzelStand: Juni 2025Treatmill \u2013 Siegfried MitzelStand: Juni 2025+49 175 4063438info@pferdelaufbaender.com 1. Geltungsbereich Diese Allgemeinen Gesch\u00e4ftsbedingungen (AGB) gelten f\u00fcr alle Vertr\u00e4ge, Lieferungen und Leistungen zwischen Treatmill \u2013 Siegfried Mitzel (nachfolgend \u201eAnbieter\u201c) und dem Kunden (nachfolgend \u201eKunde\u201c), soweit nicht ausdr\u00fccklich schriftlich etwas anderes vereinbart wurde.Abweichende, entgegenstehende oder erg\u00e4nzende Allgemeine Gesch\u00e4ftsbedingungen des Kunden [&hellip;]<\/p>\n","protected":false},"author":2,"featured_media":0,"parent":0,"menu_order":60,"comment_status":"closed","ping_status":"closed","template":"","meta":{"_et_pb_use_builder":"on","_et_pb_old_content":"","_et_gb_content_width":"","footnotes":""},"class_list":["post-493","page","type-page","status-publish","hentry"],"_links":{"self":[{"href":"https:\/\/conzept-kun.de\/pferdelaufbaender\/wp-json\/wp\/v2\/pages\/493","targetHints":{"allow":["GET"]}}],"collection":[{"href":"https:\/\/conzept-kun.de\/pferdelaufbaender\/wp-json\/wp\/v2\/pages"}],"about":[{"href":"https:\/\/conzept-kun.de\/pferdelaufbaender\/wp-json\/wp\/v2\/types\/page"}],"author":[{"embeddable":true,"href":"https:\/\/conzept-kun.de\/pferdelaufbaender\/wp-json\/wp\/v2\/users\/2"}],"replies":[{"embeddable":true,"href":"https:\/\/conzept-kun.de\/pferdelaufbaender\/wp-json\/wp\/v2\/comments?post=493"}],"version-history":[{"count":11,"href":"https:\/\/conzept-kun.de\/pferdelaufbaender\/wp-json\/wp\/v2\/pages\/493\/revisions"}],"predecessor-version":[{"id":910,"href":"https:\/\/conzept-kun.de\/pferdelaufbaender\/wp-json\/wp\/v2\/pages\/493\/revisions\/910"}],"wp:attachment":[{"href":"https:\/\/conzept-kun.de\/pferdelaufbaender\/wp-json\/wp\/v2\/media?parent=493"}],"curies":[{"name":"wp","href":"https:\/\/api.w.org\/{rel}","templated":true}]}}