{"id":427,"date":"2025-06-26T19:24:56","date_gmt":"2025-06-26T17:24:56","guid":{"rendered":"https:\/\/conzept-kun.de\/pferdelaufbaender\/?page_id=427"},"modified":"2025-07-28T14:42:06","modified_gmt":"2025-07-28T12:42:06","slug":"datenschutz","status":"publish","type":"page","link":"https:\/\/conzept-kun.de\/pferdelaufbaender\/datenschutz\/","title":{"rendered":"Datenschutz"},"content":{"rendered":"<p>[et_pb_section fb_built=&#8220;1&#8243; custom_padding_last_edited=&#8220;on|phone&#8220; _builder_version=&#8220;4.27.4&#8243; _module_preset=&#8220;default&#8220; background_enable_color=&#8220;off&#8220; use_background_color_gradient=&#8220;on&#8220; background_color_gradient_direction=&#8220;-60deg&#8220; background_color_gradient_stops=&#8220;#ffffff 50%|#09505e 50%&#8220; background_enable_image=&#8220;off&#8220; custom_margin=&#8220;0px||0px||false|false&#8220; custom_padding=&#8220;155px||155px||false|false&#8220; custom_padding_tablet=&#8220;155px||155px||false|false&#8220; custom_padding_phone=&#8220;85px||90px||false|false&#8220; background_color_tablet=&#8220;#09505E&#8220; background_last_edited=&#8220;on|tablet&#8220; background_enable_color_tablet=&#8220;on&#8220; use_background_color_gradient_tablet=&#8220;off&#8220; collapsed=&#8220;off&#8220; global_colors_info=&#8220;{}&#8220;][et_pb_row column_structure=&#8220;1_2,1_2&#8243; use_custom_gutter=&#8220;on&#8220; gutter_width=&#8220;1&#8243; _builder_version=&#8220;4.27.4&#8243; _module_preset=&#8220;default&#8220; width=&#8220;90%&#8220; custom_margin=&#8220;0px||0px||false|false&#8220; custom_padding=&#8220;0px||0px||false|false&#8220; global_colors_info=&#8220;{}&#8220;][et_pb_column type=&#8220;1_2&#8243; _builder_version=&#8220;4.27.4&#8243; _module_preset=&#8220;default&#8220; background_enable_image=&#8220;off&#8220; global_colors_info=&#8220;{}&#8220;][et_pb_text admin_label=&#8220;Datenschutz&#8220; _builder_version=&#8220;4.27.4&#8243; _module_preset=&#8220;default&#8220; header_font=&#8220;Corporate S|300||on|||||&#8220; header_text_align=&#8220;left&#8220; header_text_color=&#8220;#b8ced6&#8243; header_font_size=&#8220;55px&#8220; header_line_height=&#8220;1.28em&#8220; header_2_text_color=&#8220;#b8ced6&#8243; header_2_font_size=&#8220;33px&#8220; custom_margin=&#8220;100px||||false|false&#8220; animation_style=&#8220;slide&#8220; animation_direction=&#8220;left&#8220; animation_intensity_slide=&#8220;5%&#8220; animation_speed_curve=&#8220;ease&#8220; header_font_size_tablet=&#8220;55px&#8220; header_font_size_phone=&#8220;34px&#8220; header_font_size_last_edited=&#8220;on|phone&#8220; global_colors_info=&#8220;{}&#8220;]<\/p>\n<h1>Datenschutz<\/h1>\n<p>[\/et_pb_text][et_pb_image src=&#8220;https:\/\/conzept-kun.de\/pferdelaufbaender\/wp-content\/uploads\/2025\/06\/mitzel-pferdelaufbaender-laufband-hell.png&#8220; title_text=&#8220;mitzel-pferdelaufbaender-laufband-hell&#8220; admin_label=&#8220;laufband&#8220; _builder_version=&#8220;4.27.4&#8243; _module_preset=&#8220;default&#8220; custom_margin=&#8220;|||-25px|false|false&#8220; custom_margin_tablet=&#8220;|||auto|false|false&#8220; custom_margin_phone=&#8220;|||auto|false|false&#8220; custom_margin_last_edited=&#8220;on|tablet&#8220; animation_style=&#8220;slide&#8220; animation_direction=&#8220;left&#8220; global_colors_info=&#8220;{}&#8220;][\/et_pb_image][\/et_pb_column][et_pb_column type=&#8220;1_2&#8243; _builder_version=&#8220;4.25.2&#8243; _module_preset=&#8220;default&#8220; custom_padding=&#8220;|||255px|false|false&#8220; custom_padding_tablet=&#8220;|||0px|false|false&#8220; custom_padding_phone=&#8220;|||0px|false|false&#8220; custom_padding_last_edited=&#8220;on|tablet&#8220; global_colors_info=&#8220;{}&#8220;][et_pb_text disabled_on=&#8220;on|on|off&#8220; admin_label=&#8220;Anbieterkennzeichnung gem\u00e4\u00df \u00a7 5 TMG&#8220; _builder_version=&#8220;4.27.4&#8243; _module_preset=&#8220;default&#8220; text_font=&#8220;||||||||&#8220; text_text_color=&#8220;#09505E&#8220; text_font_size=&#8220;30px&#8220; text_line_height=&#8220;1.6em&#8220; custom_margin=&#8220;40px||40px||false|false&#8220; custom_margin_tablet=&#8220;0px||40px||false|false&#8220; custom_margin_phone=&#8220;0px||40px||false|false&#8220; custom_margin_last_edited=&#8220;on|phone&#8220; custom_padding=&#8220;0px||0px||false|false&#8220; animation_style=&#8220;slide&#8220; animation_direction=&#8220;right&#8220; animation_intensity_slide=&#8220;8%&#8220; animation_speed_curve=&#8220;ease&#8220; global_colors_info=&#8220;{}&#8220;]<\/p>\n<p>Transparente Informationen gem\u00e4\u00df Datenschutz-Grundverordnung (DSGVO)<\/p>\n<p>[\/et_pb_text][\/et_pb_column][\/et_pb_row][\/et_pb_section][et_pb_section fb_built=&#8220;1&#8243; custom_padding_last_edited=&#8220;on|phone&#8220; disabled_on=&#8220;off|off|on&#8220; _builder_version=&#8220;4.27.4&#8243; _module_preset=&#8220;default&#8220; background_color=&#8220;#FFFFFF&#8220; background_enable_image=&#8220;off&#8220; custom_margin=&#8220;0px||0px||false|false&#8220; custom_padding=&#8220;155px||155px||false|false&#8220; custom_padding_tablet=&#8220;155px||155px||false|false&#8220; custom_padding_phone=&#8220;85px||90px||false|false&#8220; collapsed=&#8220;off&#8220; global_colors_info=&#8220;{}&#8220;][et_pb_row column_structure=&#8220;1_2,1_2&#8243; use_custom_gutter=&#8220;on&#8220; gutter_width=&#8220;1&#8243; _builder_version=&#8220;4.27.4&#8243; _module_preset=&#8220;default&#8220; width=&#8220;90%&#8220; custom_margin=&#8220;0px||0px||false|false&#8220; custom_padding=&#8220;0px||0px||false|false&#8220; global_colors_info=&#8220;{}&#8220;][et_pb_column type=&#8220;1_2&#8243; _builder_version=&#8220;4.27.4&#8243; _module_preset=&#8220;default&#8220; background_enable_image=&#8220;off&#8220; global_colors_info=&#8220;{}&#8220;][\/et_pb_column][et_pb_column type=&#8220;1_2&#8243; _builder_version=&#8220;4.25.2&#8243; _module_preset=&#8220;default&#8220; custom_padding=&#8220;|||255px|false|false&#8220; custom_padding_tablet=&#8220;|||0px|false|false&#8220; custom_padding_phone=&#8220;|||0px|false|false&#8220; custom_padding_last_edited=&#8220;on|tablet&#8220; global_colors_info=&#8220;{}&#8220;][et_pb_text admin_label=&#8220;Anbieterkennzeichnung gem\u00e4\u00df \u00a7 5 TMG&#8220; _builder_version=&#8220;4.27.4&#8243; _module_preset=&#8220;default&#8220; text_font=&#8220;||||||||&#8220; text_text_color=&#8220;#09505E&#8220; text_font_size=&#8220;30px&#8220; text_line_height=&#8220;1.6em&#8220; custom_margin=&#8220;40px||40px||false|false&#8220; custom_margin_tablet=&#8220;0px||40px||false|false&#8220; custom_margin_phone=&#8220;0px||40px||false|false&#8220; custom_margin_last_edited=&#8220;on|phone&#8220; custom_padding=&#8220;0px||0px||false|false&#8220; animation_style=&#8220;slide&#8220; animation_direction=&#8220;right&#8220; animation_intensity_slide=&#8220;8%&#8220; animation_speed_curve=&#8220;ease&#8220; global_colors_info=&#8220;{}&#8220;]<\/p>\n<p>Transparente Informationen gem\u00e4\u00df Datenschutz-Grundverordnung (DSGVO)<\/p>\n<p>[\/et_pb_text][\/et_pb_column][\/et_pb_row][\/et_pb_section][et_pb_section fb_built=&#8220;1&#8243; custom_padding_last_edited=&#8220;on|desktop&#8220; _builder_version=&#8220;4.27.4&#8243; _module_preset=&#8220;default&#8220; background_enable_color=&#8220;off&#8220; background_image=&#8220;https:\/\/conzept-kun.de\/pferdelaufbaender\/wp-content\/uploads\/2025\/07\/S3_Bild-2.png&#8220; parallax=&#8220;on&#8220; parallax_method=&#8220;off&#8220; custom_margin=&#8220;0px||0px||false|false&#8220; custom_padding=&#8220;31vh||31vh||true|false&#8220; custom_padding_tablet=&#8220;120px||120px||false|false&#8220; custom_padding_phone=&#8220;90px||90px||false|false&#8220; collapsed=&#8220;off&#8220; global_colors_info=&#8220;{}&#8220; global_module=&#8220;900&#8243; saved_tabs=&#8220;all&#8220;][et_pb_row column_structure=&#8220;1_2,1_2&#8243; _builder_version=&#8220;4.27.4&#8243; _module_preset=&#8220;default&#8220; background_enable_image=&#8220;off&#8220; width=&#8220;90%&#8220; custom_margin=&#8220;0px||0px||false|false&#8220; custom_padding=&#8220;0px||0px||false|false&#8220; animation_style=&#8220;slide&#8220; animation_direction=&#8220;bottom&#8220; animation_intensity_slide=&#8220;12%&#8220; animation_speed_curve=&#8220;ease&#8220; custom_css_main_element=&#8220;text-align:right;&#8220; global_colors_info=&#8220;{}&#8220; custom_css_main_element_last_edited=&#8220;on|phone&#8220; custom_css_main_element_phone=&#8220;text-align:center;&#8220; custom_css_main_element_tablet=&#8220;text-align:right;&#8220;][et_pb_column type=&#8220;1_2&#8243; _builder_version=&#8220;4.27.4&#8243; _module_preset=&#8220;default&#8220; background_color=&#8220;rgba(255,255,255,0.75)&#8220; background_enable_image=&#8220;off&#8220; background_blend=&#8220;multiply&#8220; border_radii=&#8220;on|100px|100px|100px|100px&#8220; global_colors_info=&#8220;{}&#8220;][et_pb_blurb title=&#8220;Rufen Sie uns an!&#8220; use_icon=&#8220;on&#8220; font_icon=&#8220;&#xe090;||divi||400&#8243; icon_color=&#8220;#09505E&#8220; icon_placement=&#8220;left&#8220; image_icon_width=&#8220;75px&#8220; admin_label=&#8220;Rufen Sie uns an!&#8220; _builder_version=&#8220;4.27.4&#8243; _module_preset=&#8220;default&#8220; header_font=&#8220;|600||on|||||&#8220; header_text_color=&#8220;#09505E&#8220; header_font_size=&#8220;40px&#8220; body_text_color=&#8220;#09505E&#8220; body_font_size=&#8220;30px&#8220; custom_padding=&#8220;25px||25px||false|false&#8220; global_colors_info=&#8220;{}&#8220;]<\/p>\n<p>+49 175 4063438<\/p>\n<p>[\/et_pb_blurb][\/et_pb_column][et_pb_column type=&#8220;1_2&#8243; _builder_version=&#8220;4.27.4&#8243; _module_preset=&#8220;default&#8220; background_color=&#8220;rgba(255,255,255,0.75)&#8220; background_enable_image=&#8220;off&#8220; background_blend=&#8220;multiply&#8220; border_radii=&#8220;on|100px|100px|100px|100px&#8220; global_colors_info=&#8220;{}&#8220;][et_pb_blurb title=&#8220;Schreiben sie uns!&#8220; use_icon=&#8220;on&#8220; font_icon=&#8220;&#xe010;||divi||400&#8243; icon_color=&#8220;#09505E&#8220; icon_placement=&#8220;left&#8220; image_icon_width=&#8220;75px&#8220; admin_label=&#8220;Schreiben sie uns!&#8220; _builder_version=&#8220;4.27.4&#8243; _module_preset=&#8220;default&#8220; header_font=&#8220;|600||on|||||&#8220; header_text_color=&#8220;#09505E&#8220; header_font_size=&#8220;40px&#8220; body_text_color=&#8220;#09505E&#8220; body_font_size=&#8220;30px&#8220; body_link_text_color=&#8220;#09505E&#8220; custom_padding=&#8220;25px||25px||false|false&#8220; global_colors_info=&#8220;{}&#8220;]<a href=\"mailto:info@pferdelaufbaender.com\" target=\"_blank\" rel=\"noopener\">info@pferdelaufbaender.com<\/a><br \/>\n[\/et_pb_blurb][\/et_pb_column][\/et_pb_row][\/et_pb_section][et_pb_section fb_built=&#8220;1&#8243; module_id=&#8220;erklaerung&#8220; _builder_version=&#8220;4.27.4&#8243; _module_preset=&#8220;default&#8220; background_color=&#8220;#09505E&#8220; collapsed=&#8220;off&#8220; global_colors_info=&#8220;{}&#8220;][et_pb_row column_structure=&#8220;1_2,1_2&#8243; _builder_version=&#8220;4.27.4&#8243; _module_preset=&#8220;default&#8220; background_enable_image=&#8220;off&#8220; width=&#8220;90%&#8220; animation_style=&#8220;slide&#8220; animation_direction=&#8220;bottom&#8220; animation_intensity_slide=&#8220;12%&#8220; animation_speed_curve=&#8220;ease&#8220; custom_css_main_element=&#8220;text-align:right;&#8220; global_colors_info=&#8220;{}&#8220; custom_css_main_element_last_edited=&#8220;on|phone&#8220; custom_css_main_element_phone=&#8220;text-align:center;&#8220; custom_css_main_element_tablet=&#8220;text-align:right;&#8220;][et_pb_column type=&#8220;1_2&#8243; _builder_version=&#8220;4.27.4&#8243; _module_preset=&#8220;default&#8220; background_enable_color=&#8220;off&#8220; background_enable_image=&#8220;off&#8220; background_blend=&#8220;multiply&#8220; global_colors_info=&#8220;{}&#8220;][et_pb_text admin_label=&#8220;1. Allgemeine Hinweise&#8220; _builder_version=&#8220;4.27.4&#8243; _module_preset=&#8220;default&#8220; text_text_color=&#8220;#FFFFFF&#8220; text_font_size=&#8220;18px&#8220; link_text_color=&#8220;#FFFFFF&#8220; header_2_text_color=&#8220;#FFFFFF&#8220; header_3_text_color=&#8220;#FFFFFF&#8220; header_3_font_size=&#8220;26px&#8220; header_4_text_color=&#8220;#FFFFFF&#8220; global_colors_info=&#8220;{}&#8220;]<\/p>\n<h3 data-start=\"412\" data-end=\"440\">1. Allgemeine Hinweise<\/h3>\n<p data-start=\"441\" data-end=\"657\">Der Schutz Ihrer pers\u00f6nlichen Daten ist uns ein besonderes Anliegen. Wir behandeln Ihre personenbezogenen Daten vertraulich und entsprechend den gesetzlichen Datenschutzvorschriften sowie dieser Datenschutzerkl\u00e4rung.<\/p>\n<p data-start=\"659\" data-end=\"812\">Die folgende Erkl\u00e4rung gibt Ihnen einen \u00dcberblick dar\u00fcber, wie <strong data-start=\"722\" data-end=\"754\">Treatmill \u2013 Siegfried Mitzel<\/strong> Ihre Daten verarbeitet, wenn Sie unsere Website besuchen.<\/p>\n<h3 data-start=\"819\" data-end=\"850\">2. Verantwortliche Stelle<\/h3>\n<p data-start=\"851\" data-end=\"994\"><strong>Pferdelaufb\u00e4nder M.S<br \/><\/strong>Siegfried Karl Mitzel<br \/>Gro\u00dfsorheimer Langgasse 18<br \/>86655 Harburg-Gro\u00dfsorheim<br data-start=\"431\" data-end=\"434\" \/>Deutschland<\/p>\n<h3 data-start=\"447\" data-end=\"460\">Kontakt<\/h3>\n<p data-start=\"461\" data-end=\"543\">+49 175 4063438<br \/><a href=\"mailto:info@pferdelaufbaender.com\" target=\"_blank\" rel=\"noopener\">info@pferdelaufbaender.com<\/a><br data-start=\"515\" data-end=\"518\" \/><a href=\"mailto:info@pferdelaufbaender.com\" target=\"_blank\" rel=\"noopener\">www.pferdelaufbaender.com<\/a><\/p>\n<h3 data-start=\"1001\" data-end=\"1056\">3. Erhebung und Speicherung personenbezogener Daten<\/h3>\n<h4 data-start=\"1058\" data-end=\"1091\">a) Beim Besuch der Website<\/h4>\n<p data-start=\"1092\" data-end=\"1309\">Beim Aufrufen unserer Website <a class=\"\" href=\"http:\/\/www.pferdelaufbaender.com\" rel=\"noopener\" data-start=\"1122\" data-end=\"1138\">www.pferdelaufbaender.com<\/a> werden durch den Browser automatisch Informationen an unseren Server \u00fcbermittelt. Diese Informationen werden tempor\u00e4r in sogenannten Logfiles gespeichert. Erfasst werden:<\/p>\n<ul data-start=\"1311\" data-end=\"1534\">\n<li data-start=\"1311\" data-end=\"1350\">\n<p data-start=\"1313\" data-end=\"1350\">IP-Adresse des anfragenden Rechners<\/p>\n<\/li>\n<li data-start=\"1351\" data-end=\"1385\">\n<p data-start=\"1353\" data-end=\"1385\">Datum und Uhrzeit des Zugriffs<\/p>\n<\/li>\n<li data-start=\"1386\" data-end=\"1424\">\n<p data-start=\"1388\" data-end=\"1424\">Name und URL der abgerufenen Datei<\/p>\n<\/li>\n<li data-start=\"1425\" data-end=\"1484\">\n<p data-start=\"1427\" data-end=\"1484\">Website, von der aus der Zugriff erfolgt (Referrer-URL)<\/p>\n<\/li>\n<li data-start=\"1485\" data-end=\"1534\">\n<p data-start=\"1487\" data-end=\"1534\">verwendeter Browser und ggf. das Betriebssystem<\/p>\n<\/li>\n<\/ul>\n<p data-start=\"1536\" data-end=\"1667\">Diese Daten dienen der technischen Stabilit\u00e4t und Sicherheit der Website und werden nicht mit anderen Datenquellen zusammengef\u00fchrt.<\/p>\n<h4 data-start=\"1669\" data-end=\"1694\">b) Kontaktformular<\/h4>\n<p data-start=\"1695\" data-end=\"1904\">Wenn Sie uns \u00fcber ein Kontaktformular oder per E-Mail Anfragen senden, werden Ihre Angaben (Name, E-Mail, Nachricht) zum Zweck der Bearbeitung gespeichert. Eine Weitergabe erfolgt nicht ohne Ihre Einwilligung.<\/p>\n<h3 data-start=\"1911\" data-end=\"1942\">4. Verwendung von Cookies<\/h3>\n<p data-start=\"1943\" data-end=\"2249\">Diese Website verwendet Cookies. Dabei handelt es sich um kleine Textdateien, die auf Ihrem Endger\u00e4t gespeichert werden. Sie dienen der Benutzerfreundlichkeit sowie der Auswertung anonymisierter Nutzungsstatistiken. Sie k\u00f6nnen der Nutzung von Cookies jederzeit \u00fcber Ihre Browsereinstellungen widersprechen.<\/p>\n<p>[\/et_pb_text][et_pb_image src=&#8220;https:\/\/conzept-kun.de\/pferdelaufbaender\/wp-content\/uploads\/2025\/06\/mitzel-pferdelaufbaender-laufband-hell.png&#8220; title_text=&#8220;mitzel-pferdelaufbaender-laufband-hell&#8220; admin_label=&#8220;laufband&#8220; _builder_version=&#8220;4.27.4&#8243; _module_preset=&#8220;default&#8220; custom_margin=&#8220;50px|||-25px|false|false&#8220; custom_margin_tablet=&#8220;|||auto|false|false&#8220; custom_margin_phone=&#8220;|||auto|false|false&#8220; custom_margin_last_edited=&#8220;on|tablet&#8220; animation_style=&#8220;slide&#8220; animation_direction=&#8220;left&#8220; global_colors_info=&#8220;{}&#8220;][\/et_pb_image][\/et_pb_column][et_pb_column type=&#8220;1_2&#8243; _builder_version=&#8220;4.27.4&#8243; _module_preset=&#8220;default&#8220; background_enable_color=&#8220;off&#8220; background_enable_image=&#8220;off&#8220; background_blend=&#8220;multiply&#8220; global_colors_info=&#8220;{}&#8220;][et_pb_text admin_label=&#8220;5. Soziale Medien \u2013 Instagram&#8220; _builder_version=&#8220;4.27.4&#8243; _module_preset=&#8220;default&#8220; text_text_color=&#8220;#FFFFFF&#8220; text_font_size=&#8220;18px&#8220; link_text_color=&#8220;#FFFFFF&#8220; header_2_text_color=&#8220;#FFFFFF&#8220; header_3_text_color=&#8220;#FFFFFF&#8220; header_3_font_size=&#8220;26px&#8220; header_4_text_color=&#8220;#FFFFFF&#8220; global_colors_info=&#8220;{}&#8220;]<\/p>\n<h3 data-start=\"2256\" data-end=\"2291\">5. Soziale Medien \u2013 Instagram<\/h3>\n<p data-start=\"2292\" data-end=\"2561\">Auf unserer Website verlinken wir zu unserem <strong data-start=\"2337\" data-end=\"2357\">Instagram-Profil<\/strong>.<br data-start=\"2358\" data-end=\"2361\" \/>Bitte beachten Sie: Beim Anklicken des Links verlassen Sie unsere Website und gelangen auf die Plattform der <strong data-start=\"2470\" data-end=\"2488\">Instagram Inc.<\/strong> bzw. <strong data-start=\"2494\" data-end=\"2525\">Meta Platforms Ireland Ltd.<\/strong>, mit eigener Datenschutzrichtlinie.<\/p>\n<p data-start=\"2563\" data-end=\"2692\">Weitere Informationen zum Datenschutz bei Instagram:<br data-start=\"2615\" data-end=\"2618\" \/><a class=\"\" href=\"https:\/\/privacycenter.instagram.com\" target=\"_new\" rel=\"noopener\" data-start=\"2618\" data-end=\"2692\">https:\/\/privacycenter.instagram.com<\/a><\/p>\n<h3 data-start=\"2699\" data-end=\"2715\">6. Hosting<\/h3>\n<p data-start=\"2716\" data-end=\"2999\">Die Website wird bei einem externen Dienstleister gehostet. Alle Daten, die im Rahmen der Nutzung unserer Website erhoben werden, werden auf dessen Servern gespeichert. Der Hoster verarbeitet Ihre Daten nur insoweit, wie dies zur Erf\u00fcllung seiner Leistungspflichten erforderlich ist.<\/p>\n<h3 data-start=\"3006\" data-end=\"3048\">7. Ihre Rechte als betroffene Person<\/h3>\n<p data-start=\"3049\" data-end=\"3083\">Sie haben jederzeit das Recht auf:<\/p>\n<ul data-start=\"3085\" data-end=\"3320\">\n<li data-start=\"3085\" data-end=\"3145\">\n<p data-start=\"3087\" data-end=\"3145\">Auskunft \u00fcber Ihre gespeicherten personenbezogenen Daten<\/p>\n<\/li>\n<li data-start=\"3146\" data-end=\"3180\">\n<p data-start=\"3148\" data-end=\"3180\">Berichtigung unrichtiger Daten<\/p>\n<\/li>\n<li data-start=\"3181\" data-end=\"3223\">\n<p data-start=\"3183\" data-end=\"3223\">L\u00f6schung (\u201eRecht auf Vergessenwerden\u201c)<\/p>\n<\/li>\n<li data-start=\"3224\" data-end=\"3258\">\n<p data-start=\"3226\" data-end=\"3258\">Einschr\u00e4nkung der Verarbeitung<\/p>\n<\/li>\n<li data-start=\"3259\" data-end=\"3283\">\n<p data-start=\"3261\" data-end=\"3283\">Daten\u00fcbertragbarkeit<\/p>\n<\/li>\n<li data-start=\"3284\" data-end=\"3320\">\n<p data-start=\"3286\" data-end=\"3320\">Widerspruch gegen die Verarbeitung<\/p>\n<\/li>\n<\/ul>\n<p data-start=\"3322\" data-end=\"3374\">Bitte richten Sie Ihre Anfrage an: <a class=\"cursor-pointer\" rel=\"noopener\" data-start=\"3357\" data-end=\"3374\">info@treatmill.de<\/a><\/p>\n<h3 data-start=\"3381\" data-end=\"3430\">8. Beschwerderecht bei der Aufsichtsbeh\u00f6rde<\/h3>\n<p data-start=\"3431\" data-end=\"3629\">Im Falle datenschutzrechtlicher Verst\u00f6\u00dfe steht Ihnen ein Beschwerderecht bei der zust\u00e4ndigen Aufsichtsbeh\u00f6rde zu. In Deutschland ist dies i.\u202fd.\u202fR. der Landesdatenschutzbeauftragte Ihres Bundeslands.<\/p>\n<h3 data-start=\"3636\" data-end=\"3683\">9. Aktualit\u00e4t dieser Datenschutzerkl\u00e4rung<\/h3>\n<p data-start=\"3684\" data-end=\"3858\">Diese Datenschutzerkl\u00e4rung ist aktuell g\u00fcltig und hat den Stand: <strong data-start=\"3749\" data-end=\"3762\">Juni 2025<\/strong>.<br data-start=\"3763\" data-end=\"3766\" \/>\u00c4nderungen aufgrund technischer Anpassungen oder gesetzlicher Vorgaben behalten wir uns vor.<\/p>\n<p>[\/et_pb_text][\/et_pb_column][\/et_pb_row][\/et_pb_section][et_pb_section fb_built=&#8220;1&#8243; custom_padding_last_edited=&#8220;on|desktop&#8220; _builder_version=&#8220;4.27.4&#8243; _module_preset=&#8220;default&#8220; background_enable_color=&#8220;off&#8220; background_image=&#8220;https:\/\/conzept-kun.de\/pferdelaufbaender\/wp-content\/uploads\/2025\/07\/S3_Bild-2.png&#8220; parallax=&#8220;on&#8220; parallax_method=&#8220;off&#8220; custom_margin=&#8220;0px||0px||false|false&#8220; custom_padding=&#8220;31vh||31vh||true|false&#8220; custom_padding_tablet=&#8220;120px||120px||false|false&#8220; custom_padding_phone=&#8220;90px||90px||false|false&#8220; collapsed=&#8220;off&#8220; global_colors_info=&#8220;{}&#8220;][\/et_pb_section]<\/p>\n","protected":false},"excerpt":{"rendered":"<p>DatenschutzTransparente Informationen gem\u00e4\u00df Datenschutz-Grundverordnung (DSGVO)Transparente Informationen gem\u00e4\u00df Datenschutz-Grundverordnung (DSGVO)+49 175 4063438info@pferdelaufbaender.com 1. Allgemeine Hinweise Der Schutz Ihrer pers\u00f6nlichen Daten ist uns ein besonderes Anliegen. Wir behandeln Ihre personenbezogenen Daten vertraulich und entsprechend den gesetzlichen Datenschutzvorschriften sowie dieser Datenschutzerkl\u00e4rung. Die folgende Erkl\u00e4rung gibt Ihnen einen \u00dcberblick dar\u00fcber, wie Treatmill \u2013 Siegfried Mitzel Ihre Daten verarbeitet, wenn [&hellip;]<\/p>\n","protected":false},"author":2,"featured_media":0,"parent":0,"menu_order":70,"comment_status":"closed","ping_status":"closed","template":"","meta":{"_et_pb_use_builder":"on","_et_pb_old_content":"","_et_gb_content_width":"","footnotes":""},"class_list":["post-427","page","type-page","status-publish","hentry"],"_links":{"self":[{"href":"https:\/\/conzept-kun.de\/pferdelaufbaender\/wp-json\/wp\/v2\/pages\/427","targetHints":{"allow":["GET"]}}],"collection":[{"href":"https:\/\/conzept-kun.de\/pferdelaufbaender\/wp-json\/wp\/v2\/pages"}],"about":[{"href":"https:\/\/conzept-kun.de\/pferdelaufbaender\/wp-json\/wp\/v2\/types\/page"}],"author":[{"embeddable":true,"href":"https:\/\/conzept-kun.de\/pferdelaufbaender\/wp-json\/wp\/v2\/users\/2"}],"replies":[{"embeddable":true,"href":"https:\/\/conzept-kun.de\/pferdelaufbaender\/wp-json\/wp\/v2\/comments?post=427"}],"version-history":[{"count":13,"href":"https:\/\/conzept-kun.de\/pferdelaufbaender\/wp-json\/wp\/v2\/pages\/427\/revisions"}],"predecessor-version":[{"id":901,"href":"https:\/\/conzept-kun.de\/pferdelaufbaender\/wp-json\/wp\/v2\/pages\/427\/revisions\/901"}],"wp:attachment":[{"href":"https:\/\/conzept-kun.de\/pferdelaufbaender\/wp-json\/wp\/v2\/media?parent=427"}],"curies":[{"name":"wp","href":"https:\/\/api.w.org\/{rel}","templated":true}]}}