{"id":418,"date":"2025-06-26T19:19:03","date_gmt":"2025-06-26T17:19:03","guid":{"rendered":"https:\/\/conzept-kun.de\/pferdelaufbaender\/?page_id=418"},"modified":"2025-07-28T14:42:14","modified_gmt":"2025-07-28T12:42:14","slug":"impressum","status":"publish","type":"page","link":"https:\/\/conzept-kun.de\/pferdelaufbaender\/impressum\/","title":{"rendered":"Impressum"},"content":{"rendered":"<p>[et_pb_section fb_built=&#8220;1&#8243; custom_padding_last_edited=&#8220;on|phone&#8220; _builder_version=&#8220;4.27.4&#8243; _module_preset=&#8220;default&#8220; background_enable_color=&#8220;off&#8220; use_background_color_gradient=&#8220;on&#8220; background_color_gradient_direction=&#8220;-60deg&#8220; background_color_gradient_stops=&#8220;#ffffff 50%|#09505e 50%&#8220; background_enable_image=&#8220;off&#8220; custom_margin=&#8220;0px||0px||false|false&#8220; custom_padding=&#8220;155px||155px||false|false&#8220; custom_padding_tablet=&#8220;155px||155px||false|false&#8220; custom_padding_phone=&#8220;85px||90px||false|false&#8220; background_color_tablet=&#8220;#09505E&#8220; background_last_edited=&#8220;on|phone&#8220; background_enable_color_tablet=&#8220;on&#8220; use_background_color_gradient_tablet=&#8220;off&#8220; collapsed=&#8220;off&#8220; global_colors_info=&#8220;{}&#8220;][et_pb_row column_structure=&#8220;1_2,1_2&#8243; use_custom_gutter=&#8220;on&#8220; gutter_width=&#8220;1&#8243; _builder_version=&#8220;4.27.4&#8243; _module_preset=&#8220;default&#8220; width=&#8220;90%&#8220; custom_margin=&#8220;0px||0px||false|false&#8220; custom_padding=&#8220;0px||0px||false|false&#8220; global_colors_info=&#8220;{}&#8220;][et_pb_column type=&#8220;1_2&#8243; _builder_version=&#8220;4.27.4&#8243; _module_preset=&#8220;default&#8220; background_enable_image=&#8220;off&#8220; global_colors_info=&#8220;{}&#8220;][et_pb_text admin_label=&#8220;Impressum&#8220; _builder_version=&#8220;4.27.4&#8243; _module_preset=&#8220;default&#8220; header_font=&#8220;Corporate S|300||on|||||&#8220; header_text_align=&#8220;left&#8220; header_text_color=&#8220;#b8ced6&#8243; header_font_size=&#8220;55px&#8220; header_line_height=&#8220;1.28em&#8220; header_2_text_color=&#8220;#b8ced6&#8243; header_2_font_size=&#8220;33px&#8220; custom_margin=&#8220;100px||||false|false&#8220; animation_style=&#8220;slide&#8220; animation_direction=&#8220;left&#8220; animation_intensity_slide=&#8220;5%&#8220; animation_speed_curve=&#8220;ease&#8220; header_font_size_tablet=&#8220;55px&#8220; header_font_size_phone=&#8220;34px&#8220; header_font_size_last_edited=&#8220;on|phone&#8220; global_colors_info=&#8220;{}&#8220;]<\/p>\n<h1>Impressum<\/h1>\n<p>[\/et_pb_text][et_pb_image src=&#8220;https:\/\/conzept-kun.de\/pferdelaufbaender\/wp-content\/uploads\/2025\/06\/mitzel-pferdelaufbaender-laufband-hell.png&#8220; title_text=&#8220;mitzel-pferdelaufbaender-laufband-hell&#8220; admin_label=&#8220;laufband&#8220; _builder_version=&#8220;4.27.4&#8243; _module_preset=&#8220;default&#8220; custom_margin=&#8220;|||-25px|false|false&#8220; custom_margin_tablet=&#8220;|||auto|false|false&#8220; custom_margin_phone=&#8220;|||auto|false|false&#8220; custom_margin_last_edited=&#8220;on|tablet&#8220; animation_style=&#8220;slide&#8220; animation_direction=&#8220;left&#8220; global_colors_info=&#8220;{}&#8220;][\/et_pb_image][\/et_pb_column][et_pb_column type=&#8220;1_2&#8243; _builder_version=&#8220;4.25.2&#8243; _module_preset=&#8220;default&#8220; custom_padding=&#8220;|||255px|false|false&#8220; custom_padding_tablet=&#8220;|||0px|false|false&#8220; custom_padding_phone=&#8220;|||0px|false|false&#8220; custom_padding_last_edited=&#8220;on|tablet&#8220; global_colors_info=&#8220;{}&#8220;][et_pb_text disabled_on=&#8220;on|on|off&#8220; admin_label=&#8220;Anbieterkennzeichnung gem\u00e4\u00df \u00a7 5 TMG&#8220; _builder_version=&#8220;4.27.4&#8243; _module_preset=&#8220;default&#8220; text_font=&#8220;||||||||&#8220; text_text_color=&#8220;#09505E&#8220; text_font_size=&#8220;30px&#8220; text_line_height=&#8220;1.6em&#8220; custom_margin=&#8220;40px||40px||false|false&#8220; custom_margin_tablet=&#8220;0px||40px||false|false&#8220; custom_margin_phone=&#8220;0px||40px||false|false&#8220; custom_margin_last_edited=&#8220;on|phone&#8220; custom_padding=&#8220;0px||0px||false|false&#8220; animation_style=&#8220;slide&#8220; animation_direction=&#8220;right&#8220; animation_intensity_slide=&#8220;8%&#8220; animation_speed_curve=&#8220;ease&#8220; global_colors_info=&#8220;{}&#8220;]<\/p>\n<p>Anbieterkennzeichnung gem\u00e4\u00df \u00a7 5 TMG<\/p>\n<p>[\/et_pb_text][\/et_pb_column][\/et_pb_row][\/et_pb_section][et_pb_section fb_built=&#8220;1&#8243; custom_padding_last_edited=&#8220;on|phone&#8220; disabled_on=&#8220;off|off|on&#8220; _builder_version=&#8220;4.27.4&#8243; _module_preset=&#8220;default&#8220; background_color=&#8220;#FFFFFF&#8220; background_enable_image=&#8220;off&#8220; custom_margin=&#8220;0px||0px||false|false&#8220; custom_padding=&#8220;155px||155px||false|false&#8220; custom_padding_tablet=&#8220;155px||155px||false|false&#8220; custom_padding_phone=&#8220;85px||90px||false|false&#8220; collapsed=&#8220;off&#8220; global_colors_info=&#8220;{}&#8220;][et_pb_row column_structure=&#8220;1_2,1_2&#8243; use_custom_gutter=&#8220;on&#8220; gutter_width=&#8220;1&#8243; _builder_version=&#8220;4.27.4&#8243; _module_preset=&#8220;default&#8220; width=&#8220;90%&#8220; custom_margin=&#8220;0px||0px||false|false&#8220; custom_padding=&#8220;0px||0px||false|false&#8220; global_colors_info=&#8220;{}&#8220;][et_pb_column type=&#8220;1_2&#8243; _builder_version=&#8220;4.27.4&#8243; _module_preset=&#8220;default&#8220; background_enable_image=&#8220;off&#8220; global_colors_info=&#8220;{}&#8220;][\/et_pb_column][et_pb_column type=&#8220;1_2&#8243; _builder_version=&#8220;4.25.2&#8243; _module_preset=&#8220;default&#8220; custom_padding=&#8220;|||255px|false|false&#8220; custom_padding_tablet=&#8220;|||0px|false|false&#8220; custom_padding_phone=&#8220;|||0px|false|false&#8220; custom_padding_last_edited=&#8220;on|tablet&#8220; global_colors_info=&#8220;{}&#8220;][et_pb_text disabled_on=&#8220;off|off|on&#8220; admin_label=&#8220;Anbieterkennzeichnung gem\u00e4\u00df \u00a7 5 TMG&#8220; _builder_version=&#8220;4.27.4&#8243; _module_preset=&#8220;default&#8220; text_font=&#8220;||||||||&#8220; text_text_color=&#8220;#09505E&#8220; text_font_size=&#8220;30px&#8220; text_line_height=&#8220;1.6em&#8220; custom_margin=&#8220;40px||40px||false|false&#8220; custom_margin_tablet=&#8220;0px||40px||false|false&#8220; custom_margin_phone=&#8220;0px||40px||false|false&#8220; custom_margin_last_edited=&#8220;on|phone&#8220; custom_padding=&#8220;0px||0px||false|false&#8220; animation_style=&#8220;slide&#8220; animation_direction=&#8220;right&#8220; animation_intensity_slide=&#8220;8%&#8220; animation_speed_curve=&#8220;ease&#8220; global_colors_info=&#8220;{}&#8220;]<\/p>\n<p>Anbieterkennzeichnung gem\u00e4\u00df \u00a7 5 TMG<\/p>\n<p>[\/et_pb_text][\/et_pb_column][\/et_pb_row][\/et_pb_section][et_pb_section fb_built=&#8220;1&#8243; custom_padding_last_edited=&#8220;on|desktop&#8220; _builder_version=&#8220;4.27.4&#8243; _module_preset=&#8220;default&#8220; background_enable_color=&#8220;off&#8220; background_image=&#8220;https:\/\/conzept-kun.de\/pferdelaufbaender\/wp-content\/uploads\/2025\/07\/S3_Bild-2.png&#8220; parallax=&#8220;on&#8220; parallax_method=&#8220;off&#8220; custom_margin=&#8220;0px||0px||false|false&#8220; custom_padding=&#8220;31vh||31vh||true|false&#8220; custom_padding_tablet=&#8220;120px||120px||false|false&#8220; custom_padding_phone=&#8220;90px||90px||false|false&#8220; collapsed=&#8220;off&#8220; global_colors_info=&#8220;{}&#8220; global_module=&#8220;900&#8243; theme_builder_area=&#8220;post_content&#8220;][et_pb_row column_structure=&#8220;1_2,1_2&#8243; _builder_version=&#8220;4.27.4&#8243; _module_preset=&#8220;default&#8220; background_enable_image=&#8220;off&#8220; width=&#8220;90%&#8220; custom_margin=&#8220;0px||0px||false|false&#8220; custom_padding=&#8220;0px||0px||false|false&#8220; animation_style=&#8220;slide&#8220; animation_direction=&#8220;bottom&#8220; animation_intensity_slide=&#8220;12%&#8220; animation_speed_curve=&#8220;ease&#8220; custom_css_main_element=&#8220;text-align:right;&#8220; global_colors_info=&#8220;{}&#8220; custom_css_main_element_last_edited=&#8220;on|phone&#8220; custom_css_main_element_phone=&#8220;text-align:center;&#8220; custom_css_main_element_tablet=&#8220;text-align:right;&#8220; theme_builder_area=&#8220;post_content&#8220;][et_pb_column type=&#8220;1_2&#8243; _builder_version=&#8220;4.27.4&#8243; _module_preset=&#8220;default&#8220; background_color=&#8220;rgba(255,255,255,0.75)&#8220; background_enable_image=&#8220;off&#8220; background_blend=&#8220;multiply&#8220; border_radii=&#8220;on|100px|100px|100px|100px&#8220; global_colors_info=&#8220;{}&#8220; theme_builder_area=&#8220;post_content&#8220;][et_pb_blurb title=&#8220;Rufen Sie uns an!&#8220; use_icon=&#8220;on&#8220; font_icon=&#8220;&#xe090;||divi||400&#8243; icon_color=&#8220;#09505E&#8220; icon_placement=&#8220;left&#8220; image_icon_width=&#8220;75px&#8220; admin_label=&#8220;Rufen Sie uns an!&#8220; _builder_version=&#8220;4.27.4&#8243; _module_preset=&#8220;default&#8220; header_font=&#8220;|600||on|||||&#8220; header_text_color=&#8220;#09505E&#8220; header_font_size=&#8220;40px&#8220; body_text_color=&#8220;#09505E&#8220; body_font_size=&#8220;30px&#8220; custom_padding=&#8220;25px||25px||false|false&#8220; global_colors_info=&#8220;{}&#8220; theme_builder_area=&#8220;post_content&#8220;]<\/p>\n<p>+49 175 4063438<\/p>\n<p>[\/et_pb_blurb][\/et_pb_column][et_pb_column type=&#8220;1_2&#8243; _builder_version=&#8220;4.27.4&#8243; _module_preset=&#8220;default&#8220; background_color=&#8220;rgba(255,255,255,0.75)&#8220; background_enable_image=&#8220;off&#8220; background_blend=&#8220;multiply&#8220; border_radii=&#8220;on|100px|100px|100px|100px&#8220; global_colors_info=&#8220;{}&#8220; theme_builder_area=&#8220;post_content&#8220;][et_pb_blurb title=&#8220;Schreiben sie uns!&#8220; use_icon=&#8220;on&#8220; font_icon=&#8220;&#xe010;||divi||400&#8243; icon_color=&#8220;#09505E&#8220; icon_placement=&#8220;left&#8220; image_icon_width=&#8220;75px&#8220; admin_label=&#8220;Schreiben sie uns!&#8220; _builder_version=&#8220;4.27.4&#8243; _module_preset=&#8220;default&#8220; header_font=&#8220;|600||on|||||&#8220; header_text_color=&#8220;#09505E&#8220; header_font_size=&#8220;40px&#8220; body_text_color=&#8220;#09505E&#8220; body_font_size=&#8220;30px&#8220; body_link_text_color=&#8220;#09505E&#8220; custom_padding=&#8220;25px||25px||false|false&#8220; global_colors_info=&#8220;{}&#8220; theme_builder_area=&#8220;post_content&#8220;]<a href=\"mailto:info@pferdelaufbaender.com\" target=\"_blank\" rel=\"noopener\">info@pferdelaufbaender.com<\/a><br \/>\n[\/et_pb_blurb][\/et_pb_column][\/et_pb_row][\/et_pb_section][et_pb_section fb_built=&#8220;1&#8243; module_id=&#8220;erklaerung&#8220; _builder_version=&#8220;4.27.4&#8243; _module_preset=&#8220;default&#8220; background_color=&#8220;#09505E&#8220; collapsed=&#8220;off&#8220; global_colors_info=&#8220;{}&#8220;][et_pb_row column_structure=&#8220;1_2,1_2&#8243; _builder_version=&#8220;4.27.4&#8243; _module_preset=&#8220;default&#8220; background_enable_image=&#8220;off&#8220; width=&#8220;90%&#8220; animation_style=&#8220;slide&#8220; animation_direction=&#8220;bottom&#8220; animation_intensity_slide=&#8220;12%&#8220; animation_speed_curve=&#8220;ease&#8220; custom_css_main_element=&#8220;text-align:right;&#8220; global_colors_info=&#8220;{}&#8220; custom_css_main_element_last_edited=&#8220;on|phone&#8220; custom_css_main_element_phone=&#8220;text-align:center;&#8220; custom_css_main_element_tablet=&#8220;text-align:right;&#8220;][et_pb_column type=&#8220;1_2&#8243; _builder_version=&#8220;4.27.4&#8243; _module_preset=&#8220;default&#8220; background_enable_color=&#8220;off&#8220; background_enable_image=&#8220;off&#8220; background_blend=&#8220;multiply&#8220; global_colors_info=&#8220;{}&#8220;][et_pb_text admin_label=&#8220;Angaben gem\u00e4\u00df \u00a7 5 TMG&#8220; _builder_version=&#8220;4.27.4&#8243; _module_preset=&#8220;default&#8220; text_text_color=&#8220;#FFFFFF&#8220; text_font_size=&#8220;18px&#8220; link_text_color=&#8220;#FFFFFF&#8220; header_2_text_color=&#8220;#FFFFFF&#8220; header_3_text_color=&#8220;#FFFFFF&#8220; header_3_font_size=&#8220;26px&#8220; global_colors_info=&#8220;{}&#8220;]<\/p>\n<h3 data-start=\"331\" data-end=\"358\">Angaben gem\u00e4\u00df \u00a7 5 TMG<\/h3>\n<p data-start=\"359\" data-end=\"445\"><strong>Pferdelaufb\u00e4nder M.S<br \/><\/strong>Siegfried Karl Mitzel<br \/>Gro\u00dfsorheimer Langgasse 18<br \/>86655 Harburg-Gro\u00dfsorheim<br data-start=\"431\" data-end=\"434\" \/>Deutschland<\/p>\n<h3 data-start=\"447\" data-end=\"460\">Kontakt<\/h3>\n<p data-start=\"461\" data-end=\"543\">+49 175 4063438<br \/><a href=\"mailto:info@pferdelaufbaender.com\" target=\"_blank\" rel=\"noopener\">info@pferdelaufbaender.com<\/a><br data-start=\"515\" data-end=\"518\" \/><a href=\"mailto:info@pferdelaufbaender.com\" target=\"_blank\" rel=\"noopener\">www.pferdelaufbaender.com<\/a><\/p>\n<h3 data-start=\"545\" data-end=\"567\">Vertreten durch:<\/h3>\n<p data-start=\"568\" data-end=\"584\">Siegfried Karl Mitzel<\/p>\n<h3 data-start=\"586\" data-end=\"607\">Steuernummer:<\/h3>\n<p data-start=\"608\" data-end=\"692\"><strong data-start=\"677\" data-end=\"692\">152\/252\/00219<\/strong><\/p>\n<h3 data-start=\"694\" data-end=\"752\">Verantwortlich f\u00fcr den Inhalt nach \u00a7 55 Abs. 2 RStV:<\/h3>\n<p data-start=\"753\" data-end=\"809\"><strong>Pferdelaufb\u00e4nder M.S<br \/><\/strong>Siegfried Karl Mitzel<br \/>Gro\u00dfsorheimer Langgasse 18<br \/>86655 Harburg-Gro\u00dfsorheim<\/p>\n<p>[\/et_pb_text][et_pb_image src=&#8220;https:\/\/conzept-kun.de\/pferdelaufbaender\/wp-content\/uploads\/2025\/06\/mitzel-pferdelaufbaender-laufband-hell.png&#8220; title_text=&#8220;mitzel-pferdelaufbaender-laufband-hell&#8220; admin_label=&#8220;laufband&#8220; _builder_version=&#8220;4.27.4&#8243; _module_preset=&#8220;default&#8220; custom_margin=&#8220;50px|||-25px|false|false&#8220; animation_style=&#8220;slide&#8220; animation_direction=&#8220;left&#8220; global_colors_info=&#8220;{}&#8220;][\/et_pb_image][\/et_pb_column][et_pb_column type=&#8220;1_2&#8243; _builder_version=&#8220;4.27.4&#8243; _module_preset=&#8220;default&#8220; background_enable_color=&#8220;off&#8220; background_enable_image=&#8220;off&#8220; background_blend=&#8220;multiply&#8220; global_colors_info=&#8220;{}&#8220;][et_pb_text admin_label=&#8220;Haftungsausschluss:&#8220; _builder_version=&#8220;4.27.4&#8243; _module_preset=&#8220;default&#8220; text_text_color=&#8220;#FFFFFF&#8220; text_font_size=&#8220;18px&#8220; link_text_color=&#8220;#FFFFFF&#8220; header_2_text_color=&#8220;#FFFFFF&#8220; header_3_text_color=&#8220;#FFFFFF&#8220; header_3_font_size=&#8220;26px&#8220; header_4_text_color=&#8220;#FFFFFF&#8220; global_colors_info=&#8220;{}&#8220;]<\/p>\n<article class=\"text-token-text-primary w-full\" dir=\"auto\" data-testid=\"conversation-turn-34\" data-scroll-anchor=\"true\">\n<div class=\"text-base my-auto mx-auto py-5 [--thread-content-margin:--spacing(4)] @[37rem]:[--thread-content-margin:--spacing(6)] @[72rem]:[--thread-content-margin:--spacing(16)] px-(--thread-content-margin)\">\n<div class=\"[--thread-content-max-width:32rem] @[34rem]:[--thread-content-max-width:40rem] @[64rem]:[--thread-content-max-width:48rem] mx-auto flex max-w-(--thread-content-max-width) flex-1 text-base gap-4 md:gap-5 lg:gap-6 group\/turn-messages focus-visible:outline-hidden\" tabindex=\"-1\">\n<div class=\"group\/conversation-turn relative flex w-full min-w-0 flex-col agent-turn\">\n<div class=\"relative flex-col gap-1 md:gap-3\">\n<div class=\"flex max-w-full flex-col grow\">\n<div class=\"min-h-8 text-message relative flex w-full flex-col items-end gap-2 text-start break-words whitespace-normal [.text-message+&amp;]:mt-5\" dir=\"auto\" data-message-author-role=\"assistant\" data-message-id=\"a9f43f2c-9111-4f94-9218-71604e717acf\" data-message-model-slug=\"gpt-4o\">\n<div class=\"flex w-full flex-col gap-1 empty:hidden first:pt-[3px]\">\n<div class=\"markdown prose dark:prose-invert w-full break-words dark\">\n<h3 data-start=\"762\" data-end=\"785\">Haftungsausschluss:<\/h3>\n<h4 data-start=\"787\" data-end=\"813\">Haftung f\u00fcr Inhalte<\/h4>\n<p data-start=\"814\" data-end=\"1524\">Als Diensteanbieter sind wir gem\u00e4\u00df \u00a7 7 Abs.1 TMG f\u00fcr eigene Inhalte auf diesen Seiten nach den allgemeinen Gesetzen verantwortlich.<br data-start=\"945\" data-end=\"948\" \/>Nach \u00a7\u00a7 8 bis 10 TMG sind wir als Diensteanbieter jedoch nicht verpflichtet, \u00fcbermittelte oder gespeicherte fremde Informationen zu \u00fcberwachen oder nach Umst\u00e4nden zu forschen, die auf eine rechtswidrige T\u00e4tigkeit hinweisen.<br data-start=\"1171\" data-end=\"1174\" \/>Verpflichtungen zur Entfernung oder Sperrung der Nutzung von Informationen nach den allgemeinen Gesetzen bleiben hiervon unber\u00fchrt. Eine diesbez\u00fcgliche Haftung ist jedoch erst ab dem Zeitpunkt der Kenntnis einer konkreten Rechtsverletzung m\u00f6glich.<br data-start=\"1421\" data-end=\"1424\" \/>Bei Bekanntwerden von entsprechenden Rechtsverletzungen werden wir diese Inhalte umgehend entfernen.<\/p>\n<h4 data-start=\"1526\" data-end=\"1550\">Haftung f\u00fcr Links<\/h4>\n<p data-start=\"1551\" data-end=\"1861\">Unser Angebot enth\u00e4lt Links zu externen Websites Dritter (z.\u202fB. Instagram), auf deren Inhalte wir keinen Einfluss haben. Deshalb k\u00f6nnen wir f\u00fcr diese fremden Inhalte auch keine Gew\u00e4hr \u00fcbernehmen.<br data-start=\"1746\" data-end=\"1749\" \/>F\u00fcr die Inhalte der verlinkten Seiten ist stets der jeweilige Anbieter oder Betreiber der Seiten verantwortlich.<\/p>\n<h3 data-start=\"1868\" data-end=\"1886\">Urheberrecht<\/h3>\n<p data-start=\"1887\" data-end=\"2197\">Die durch die Seitenbetreiber erstellten Inhalte und Werke auf diesen Seiten unterliegen dem deutschen Urheberrecht.<br data-start=\"2003\" data-end=\"2006\" \/>Die Vervielf\u00e4ltigung, Bearbeitung, Verbreitung und jede Art der Verwertung au\u00dferhalb der Grenzen des Urheberrechts bed\u00fcrfen der schriftlichen Zustimmung des jeweiligen Autors bzw. Erstellers.<\/p>\n<h3 data-start=\"2204\" data-end=\"2222\">Social Media<\/h3>\n<p data-start=\"2223\" data-end=\"2400\">Dieses Impressum gilt auch f\u00fcr unsere Social-Media-Profile, insbesondere:<br data-start=\"2296\" data-end=\"2299\" \/>\u27a1\ufe0f <a class=\"\" href=\"https:\/\/www.instagram.com\/deinprofilname\" target=\"_new\" rel=\"noopener\" data-start=\"2302\" data-end=\"2376\">Instagram-Profil von Treatmill<\/a> <em data-start=\"2377\" data-end=\"2400\">(Link bitte anpassen)<\/em><\/p>\n<\/div>\n<\/div>\n<\/div>\n<\/div>\n<\/div>\n<\/div>\n<\/div>\n<\/div>\n<\/article>\n<p>[\/et_pb_text][\/et_pb_column][\/et_pb_row][\/et_pb_section][et_pb_section fb_built=&#8220;1&#8243; custom_padding_last_edited=&#8220;on|desktop&#8220; _builder_version=&#8220;4.27.4&#8243; _module_preset=&#8220;default&#8220; background_enable_color=&#8220;off&#8220; background_image=&#8220;https:\/\/conzept-kun.de\/pferdelaufbaender\/wp-content\/uploads\/2025\/07\/S3_Bild-2.png&#8220; parallax=&#8220;on&#8220; parallax_method=&#8220;off&#8220; custom_margin=&#8220;0px||0px||false|false&#8220; custom_padding=&#8220;31vh||31vh||true|false&#8220; custom_padding_tablet=&#8220;120px||120px||false|false&#8220; custom_padding_phone=&#8220;90px||90px||false|false&#8220; collapsed=&#8220;off&#8220; global_colors_info=&#8220;{}&#8220;][\/et_pb_section]<\/p>\n","protected":false},"excerpt":{"rendered":"<p>ImpressumAnbieterkennzeichnung gem\u00e4\u00df \u00a7 5 TMGAnbieterkennzeichnung gem\u00e4\u00df \u00a7 5 TMG+49 175 4063438info@pferdelaufbaender.com Angaben gem\u00e4\u00df \u00a7 5 TMG Pferdelaufb\u00e4nder M.SSiegfried Karl MitzelGro\u00dfsorheimer Langgasse 1886655 Harburg-Gro\u00dfsorheimDeutschland Kontakt +49 175 4063438info@pferdelaufbaender.comwww.pferdelaufbaender.com Vertreten durch: Siegfried Karl Mitzel Steuernummer: 152\/252\/00219 Verantwortlich f\u00fcr den Inhalt nach \u00a7 55 Abs. 2 RStV: Pferdelaufb\u00e4nder M.SSiegfried Karl MitzelGro\u00dfsorheimer Langgasse 1886655 Harburg-Gro\u00dfsorheim Haftungsausschluss: Haftung f\u00fcr Inhalte [&hellip;]<\/p>\n","protected":false},"author":2,"featured_media":0,"parent":0,"menu_order":80,"comment_status":"closed","ping_status":"closed","template":"","meta":{"_et_pb_use_builder":"on","_et_pb_old_content":"","_et_gb_content_width":"","footnotes":""},"class_list":["post-418","page","type-page","status-publish","hentry"],"_links":{"self":[{"href":"https:\/\/conzept-kun.de\/pferdelaufbaender\/wp-json\/wp\/v2\/pages\/418","targetHints":{"allow":["GET"]}}],"collection":[{"href":"https:\/\/conzept-kun.de\/pferdelaufbaender\/wp-json\/wp\/v2\/pages"}],"about":[{"href":"https:\/\/conzept-kun.de\/pferdelaufbaender\/wp-json\/wp\/v2\/types\/page"}],"author":[{"embeddable":true,"href":"https:\/\/conzept-kun.de\/pferdelaufbaender\/wp-json\/wp\/v2\/users\/2"}],"replies":[{"embeddable":true,"href":"https:\/\/conzept-kun.de\/pferdelaufbaender\/wp-json\/wp\/v2\/comments?post=418"}],"version-history":[{"count":19,"href":"https:\/\/conzept-kun.de\/pferdelaufbaender\/wp-json\/wp\/v2\/pages\/418\/revisions"}],"predecessor-version":[{"id":909,"href":"https:\/\/conzept-kun.de\/pferdelaufbaender\/wp-json\/wp\/v2\/pages\/418\/revisions\/909"}],"wp:attachment":[{"href":"https:\/\/conzept-kun.de\/pferdelaufbaender\/wp-json\/wp\/v2\/media?parent=418"}],"curies":[{"name":"wp","href":"https:\/\/api.w.org\/{rel}","templated":true}]}}