{"id":930,"date":"2024-07-12T10:16:06","date_gmt":"2024-07-12T08:16:06","guid":{"rendered":"https:\/\/conzept-kun.de\/ks\/?page_id=930"},"modified":"2024-10-09T15:03:09","modified_gmt":"2024-10-09T13:03:09","slug":"impressum","status":"publish","type":"page","link":"https:\/\/conzept-kun.de\/ks\/impressum\/","title":{"rendered":"Impressum"},"content":{"rendered":"<p>[et_pb_section fb_built=&#8220;1&#8243; custom_padding_last_edited=&#8220;on|desktop&#8220; _builder_version=&#8220;4.22.1&#8243; _module_preset=&#8220;default&#8220; positioning=&#8220;fixed&#8220; position_origin_f=&#8220;top_center&#8220; z_index=&#8220;10000000&#8243; height=&#8220;200px&#8220; height_last_edited=&#8220;on|desktop&#8220; custom_padding_tablet=&#8220;0px||0px||false|false&#8220; custom_padding_phone=&#8220;0px||0px||false|false&#8220; global_module=&#8220;1070&#8243; saved_tabs=&#8220;all&#8220; global_colors_info=&#8220;{}&#8220; height_tablet=&#8220;200px&#8220; height_phone=&#8220;200px&#8220;][et_pb_row column_structure=&#8220;1_4,1_4,1_4,1_4&#8243; module_class=&#8220;impressum&#8220; _builder_version=&#8220;4.22.1&#8243; _module_preset=&#8220;default&#8220; custom_padding=&#8220;||0px||false|false&#8220; global_colors_info=&#8220;{}&#8220;][et_pb_column type=&#8220;1_4&#8243; _builder_version=&#8220;4.22.1&#8243; _module_preset=&#8220;default&#8220; global_colors_info=&#8220;{}&#8220;][\/et_pb_column][et_pb_column type=&#8220;1_4&#8243; _builder_version=&#8220;4.22.1&#8243; _module_preset=&#8220;default&#8220; global_colors_info=&#8220;{}&#8220;][et_pb_image src=&#8220;https:\/\/mlrjthbwca6o.i.optimole.com\/w:auto\/h:auto\/q:mauto\/ig:avif\/https:\/\/conzept-kun.de\/ks\/wp-content\/uploads\/2024\/05\/ks-logo-blau.svg&#8220; title_text=&#8220;ks-logo-blau&#8220; url=&#8220;https:\/\/conzept-kun.de\/ks&#8220; _builder_version=&#8220;4.22.1&#8243; _module_preset=&#8220;default&#8220; custom_margin=&#8220;||0px||false|false&#8220; global_colors_info=&#8220;{}&#8220;][\/et_pb_image][\/et_pb_column][et_pb_column type=&#8220;1_4&#8243; _builder_version=&#8220;4.22.1&#8243; _module_preset=&#8220;default&#8220; global_colors_info=&#8220;{}&#8220;][et_pb_image src=&#8220;https:\/\/mlrjthbwca6o.i.optimole.com\/w:auto\/h:auto\/q:mauto\/ig:avif\/https:\/\/conzept-kun.de\/ks\/wp-content\/uploads\/2024\/07\/ks-healthcare-logo-gruen-1.svg&#8220; title_text=&#8220;ks-healthcare-logo-gruen&#8220; url=&#8220;https:\/\/conzept-kun.de\/ks\/healthcare\/&#8220; _builder_version=&#8220;4.22.1&#8243; _module_preset=&#8220;default&#8220; custom_margin=&#8220;||0px||false|false&#8220; global_colors_info=&#8220;{}&#8220;][\/et_pb_image][\/et_pb_column][et_pb_column type=&#8220;1_4&#8243; _builder_version=&#8220;4.22.1&#8243; _module_preset=&#8220;default&#8220; global_colors_info=&#8220;{}&#8220;][\/et_pb_column][\/et_pb_row][\/et_pb_section][et_pb_section fb_built=&#8220;1&#8243; _builder_version=&#8220;4.22.1&#8243; _module_preset=&#8220;default&#8220; background_color=&#8220;#FFFFFF&#8220; custom_padding=&#8220;100px||||false|false&#8220; hover_enabled=&#8220;0&#8243; global_colors_info=&#8220;{}&#8220; sticky_enabled=&#8220;0&#8243;][et_pb_row module_id=&#8220;ueber uns&#8220; _builder_version=&#8220;4.22.1&#8243; _module_preset=&#8220;default&#8220; global_colors_info=&#8220;{}&#8220;][et_pb_column type=&#8220;4_4&#8243; _builder_version=&#8220;4.21.0&#8243; _module_preset=&#8220;default&#8220; global_colors_info=&#8220;{}&#8220;][et_pb_text admin_label=&#8220;Impressum&#8220; _builder_version=&#8220;4.22.1&#8243; _module_preset=&#8220;18280edb-91c7-4e21-988a-1ca25bec97c0&#8243; header_2_font=&#8220;|500||on|||||&#8220; header_2_text_align=&#8220;center&#8220; header_2_text_color=&#8220;#23376C&#8220; header_2_font_size=&#8220;36px&#8220; locked=&#8220;off&#8220; global_colors_info=&#8220;{}&#8220;]<\/p>\n<h2>Impressum<\/h2>\n<p>[\/et_pb_text][et_pb_text _builder_version=&#8220;4.22.1&#8243; _module_preset=&#8220;b3ab3c65-7eae-45d8-b599-becf8251aaa3&#8243; text_text_color=&#8220;#23376C&#8220; link_text_align=&#8220;center&#8220; link_text_color=&#8220;#23376C&#8220; header_text_color=&#8220;#23376C&#8220; header_2_text_color=&#8220;#23376C&#8220; header_3_text_color=&#8220;#23376C&#8220; header_4_text_color=&#8220;#23376C&#8220; header_5_text_color=&#8220;#23376C&#8220; header_6_text_color=&#8220;#23376C&#8220; text_orientation=&#8220;center&#8220; locked=&#8220;off&#8220; global_colors_info=&#8220;{}&#8220;]<\/p>\n<h2>Angaben gem\u00e4\u00df \u00a7 5 DDG<\/h2>\n<p><strong>KS Sportpferde GmbH<\/strong><\/p>\n<p><strong>Vertreten durch:<\/strong><br \/>Klaus Sponagel<\/p>\n<p>Handelsregister: HRB 95732<br \/>UST.-ID-Nr.: DE247304813<\/p>\n<h2>Kontakt<\/h2>\n<p>J\u00e4gerhof Biblis<br \/>Au\u00dferhalb 8<br \/>68647 Biblis<\/p>\n<p>+49 177 4511004<br \/><a href=\"mailto:sponagel@gmx.de\" target=\"_blank\" rel=\"noopener\">sponagel@gmx.de<\/a><\/p>\n<h2>EU-Streitschlichtung<\/h2>\n<p>Die Europ\u00e4ische Kommission stellt eine Plattform zur Online-Streitbeilegung (OS) bereit:\u00a0<a href=\"https:\/\/ec.europa.eu\/consumers\/odr\/\" target=\"_blank\" rel=\"noopener noreferrer\">https:\/\/ec.europa.eu\/consumers\/odr\/<\/a>.<br \/>Unsere E-Mail-Adresse finden Sie oben im Impressum.<\/p>\n<h2>Verbraucher\u00adstreit\u00adbeilegung\/Universal\u00adschlichtungs\u00adstelle<\/h2>\n<p>Wir sind nicht bereit oder verpflichtet, an Streitbeilegungsverfahren vor einer Verbraucherschlichtungsstelle teilzunehmen.<\/p>\n<p>[\/et_pb_text][\/et_pb_column][\/et_pb_row][\/et_pb_section][et_pb_section fb_built=&#8220;1&#8243; admin_label=&#8220;Footer&#8220; _builder_version=&#8220;4.22.1&#8243; _module_preset=&#8220;default&#8220; background_color=&#8220;#23376C&#8220; background_image=&#8220;https:\/\/mlrjthbwca6o.i.optimole.com\/w:auto\/h:auto\/q:mauto\/ig:avif\/https:\/\/conzept-kun.de\/ks\/wp-content\/uploads\/2024\/05\/horse-riding-8.jpg&#8220; background_enable_image=&#8220;off&#8220; custom_padding=&#8220;0px||0px||false|false&#8220; global_module=&#8220;277&#8243; saved_tabs=&#8220;all&#8220; locked=&#8220;off&#8220; collapsed=&#8220;off&#8220; global_colors_info=&#8220;{}&#8220;][et_pb_row column_structure=&#8220;1_4,1_4,1_4,1_4&#8243; _builder_version=&#8220;4.22.1&#8243; _module_preset=&#8220;default&#8220; custom_margin=&#8220;||60px||false|false&#8220; module_alignment_tablet=&#8220;&#8220; module_alignment_phone=&#8220;center&#8220; module_alignment_last_edited=&#8220;on|phone&#8220; global_colors_info=&#8220;{}&#8220;][et_pb_column type=&#8220;1_4&#8243; _builder_version=&#8220;4.21.0&#8243; _module_preset=&#8220;default&#8220; global_colors_info=&#8220;{}&#8220;][et_pb_image src=&#8220;https:\/\/mlrjthbwca6o.i.optimole.com\/w:auto\/h:auto\/q:mauto\/ig:avif\/https:\/\/conzept-kun.de\/ks\/wp-content\/uploads\/2024\/05\/ks-logo-weiss.svg&#8220; title_text=&#8220;ks-logo-weiss&#8220; url=&#8220;@ET-DC@eyJkeW5hbWljIjp0cnVlLCJjb250ZW50IjoicG9zdF9saW5rX3VybF9wYWdlIiwic2V0dGluZ3MiOnsicG9zdF9pZCI6IjIifX0=@&#8220; admin_label=&#8220;Logo KS&#8220; _builder_version=&#8220;4.22.1&#8243; _dynamic_attributes=&#8220;url&#8220; _module_preset=&#8220;default&#8220; global_colors_info=&#8220;{}&#8220;][\/et_pb_image][\/et_pb_column][et_pb_column type=&#8220;1_4&#8243; _builder_version=&#8220;4.21.0&#8243; _module_preset=&#8220;default&#8220; global_colors_info=&#8220;{}&#8220;][et_pb_text admin_label=&#8220;adresse&#8220; _builder_version=&#8220;4.22.1&#8243; _module_preset=&#8220;b3ab3c65-7eae-45d8-b599-becf8251aaa3&#8243; text_text_color=&#8220;#FFFFFF&#8220; link_text_color=&#8220;#FFFFFF&#8220; header_6_text_color=&#8220;#FFFFFF&#8220; locked=&#8220;off&#8220; global_colors_info=&#8220;{}&#8220;]<\/p>\n<p><strong>\u200bKS-Sportpferde GmbH<\/strong><br \/>\nJ\u00e4gerhof Biblis<br \/>\nAu\u00dferhalb 8<br \/>\n68647 Biblis<\/p>\n<p>[\/et_pb_text][\/et_pb_column][et_pb_column type=&#8220;1_4&#8243; _builder_version=&#8220;4.21.0&#8243; _module_preset=&#8220;default&#8220; global_colors_info=&#8220;{}&#8220;][et_pb_blurb use_icon=&#8220;on&#8220; font_icon=&#8220;&#xf879;||fa||900&#8243; icon_color=&#8220;#FFFFFF&#8220; icon_placement=&#8220;left&#8220; image_icon_width=&#8220;25px&#8220; admin_label=&#8220;mobil&#8220; _builder_version=&#8220;4.22.1&#8243; _module_preset=&#8220;default&#8220; header_font=&#8220;|||on|||||&#8220; header_text_color=&#8220;#FFFFFF&#8220; body_font=&#8220;|||||||#FFFFFF|&#8220; body_link_font=&#8220;||||||||&#8220; body_link_text_color=&#8220;#FFFFFF&#8220; global_colors_info=&#8220;{}&#8220;]<\/p>\n<p><a href=\"tel:+491774511004\">+49 177 4511004<\/a><\/p>\n<p>[\/et_pb_blurb][et_pb_blurb use_icon=&#8220;on&#8220; font_icon=&#8220;&#xe010;||divi||400&#8243; icon_color=&#8220;#FFFFFF&#8220; icon_placement=&#8220;left&#8220; image_icon_width=&#8220;25px&#8220; admin_label=&#8220;mail&#8220; _builder_version=&#8220;4.22.1&#8243; _module_preset=&#8220;default&#8220; header_font=&#8220;|||on|||||&#8220; header_text_color=&#8220;#FFFFFF&#8220; body_font=&#8220;|||||||#FFFFFF|&#8220; body_link_font=&#8220;||||||||&#8220; body_link_text_color=&#8220;#FFFFFF&#8220; global_colors_info=&#8220;{}&#8220;]<\/p>\n<p><a href=\"mailto:sponagel@gmx.de\" target=\"_blank\" rel=\"noopener\">sponagel@gmx.de<\/a><\/p>\n<p>[\/et_pb_blurb][\/et_pb_column][et_pb_column type=&#8220;1_4&#8243; _builder_version=&#8220;4.21.0&#8243; _module_preset=&#8220;default&#8220; global_colors_info=&#8220;{}&#8220;][et_pb_social_media_follow _builder_version=&#8220;4.22.1&#8243; _module_preset=&#8220;default&#8220; border_radii=&#8220;on|0px|0px|0px|0px&#8220; global_colors_info=&#8220;{}&#8220;][et_pb_social_media_follow_network social_network=&#8220;facebook&#8220; url=&#8220;https:\/\/www.facebook.com\/KSSportpferde&#8220; _builder_version=&#8220;4.22.1&#8243; _module_preset=&#8220;default&#8220; background_color=&#8220;RGBA(255,255,255,0)&#8220; background_enable_color=&#8220;on&#8220; custom_padding=&#8220;4px|4px|4px|4px|true|true&#8220; border_radii=&#8220;on||||&#8220; border_color_all=&#8220;#FFFFFF&#8220; global_colors_info=&#8220;{}&#8220; follow_button=&#8220;off&#8220; url_new_window=&#8220;on&#8220;]facebook[\/et_pb_social_media_follow_network][et_pb_social_media_follow_network social_network=&#8220;instagram&#8220; url=&#8220;http:\/\/www.instagram.com\/kssportpferde_gmbh&#8220; _builder_version=&#8220;4.22.1&#8243; _module_preset=&#8220;default&#8220; background_color=&#8220;RGBA(255,255,255,0)&#8220; background_enable_color=&#8220;on&#8220; custom_padding=&#8220;4px|4px|4px|4px|true|true&#8220; border_radii=&#8220;on||||&#8220; border_color_all=&#8220;#FFFFFF&#8220; global_colors_info=&#8220;{}&#8220; follow_button=&#8220;off&#8220; url_new_window=&#8220;on&#8220;]instagram[\/et_pb_social_media_follow_network][\/et_pb_social_media_follow][\/et_pb_column][\/et_pb_row][et_pb_row disabled_on=&#8220;off|off|off&#8220; _builder_version=&#8220;4.22.1&#8243; _module_preset=&#8220;default&#8220; width=&#8220;100%&#8220; max_width=&#8220;2560%&#8220; module_alignment=&#8220;center&#8220; border_color_all=&#8220;rgba(255,255,255,0.12)&#8220; border_width_top=&#8220;1px&#8220; global_colors_info=&#8220;{}&#8220;][et_pb_column type=&#8220;4_4&#8243; _builder_version=&#8220;4.21.0&#8243; _module_preset=&#8220;default&#8220; global_colors_info=&#8220;{}&#8220;][et_pb_text _builder_version=&#8220;4.22.1&#8243; _module_preset=&#8220;default&#8220; text_font=&#8220;|300||on|||||&#8220; text_text_color=&#8220;#FFFFFF&#8220; text_font_size=&#8220;10px&#8220; link_font=&#8220;|300||on|||||&#8220; link_text_color=&#8220;#FFFFFF&#8220; link_font_size=&#8220;10px&#8220; text_orientation=&#8220;center&#8220; width=&#8220;100%&#8220; global_colors_info=&#8220;{}&#8220;]<\/p>\n<p><a href=\"http:\/\/www.conzept.it\/\" target=\"_blank\" rel=\"noopener noreferrer\">2024 \u00a9 con|zept.it 05\/24<\/a>\u00a0 |\u00a0 ALL RIGHTS RESERVED\u00a0 |\u00a0\u00a0<a href=\"https:\/\/conzept-kun.de\/ks\/impressum\/\">IMPRESSUM<\/a>\u00a0 |\u00a0\u00a0<a href=\"https:\/\/conzept-kun.de\/ks\/datenschutz\/\">DATENSCHUTZ<\/a><\/p>\n<p>[\/et_pb_text][\/et_pb_column][\/et_pb_row][\/et_pb_section]<\/p>\n","protected":false},"excerpt":{"rendered":"<p>ImpressumAngaben gem\u00e4\u00df \u00a7 5 DDG KS Sportpferde GmbH Vertreten durch:Klaus Sponagel Handelsregister: HRB 95732UST.-ID-Nr.: DE247304813 Kontakt J\u00e4gerhof BiblisAu\u00dferhalb 868647 Biblis +49 177 4511004sponagel@gmx.de EU-Streitschlichtung Die Europ\u00e4ische Kommission stellt eine Plattform zur Online-Streitbeilegung (OS) bereit:\u00a0https:\/\/ec.europa.eu\/consumers\/odr\/.Unsere E-Mail-Adresse finden Sie oben im Impressum. Verbraucher\u00adstreit\u00adbeilegung\/Universal\u00adschlichtungs\u00adstelle Wir sind nicht bereit oder verpflichtet, an Streitbeilegungsverfahren vor einer Verbraucherschlichtungsstelle teilzunehmen.\u200bKS-Sportpferde GmbH J\u00e4gerhof [&hellip;]<\/p>\n","protected":false},"author":1,"featured_media":0,"parent":0,"menu_order":80,"comment_status":"closed","ping_status":"closed","template":"","meta":{"_et_pb_use_builder":"on","_et_pb_old_content":"","_et_gb_content_width":"","footnotes":""},"class_list":["post-930","page","type-page","status-publish","hentry"],"_links":{"self":[{"href":"https:\/\/conzept-kun.de\/ks\/wp-json\/wp\/v2\/pages\/930","targetHints":{"allow":["GET"]}}],"collection":[{"href":"https:\/\/conzept-kun.de\/ks\/wp-json\/wp\/v2\/pages"}],"about":[{"href":"https:\/\/conzept-kun.de\/ks\/wp-json\/wp\/v2\/types\/page"}],"author":[{"embeddable":true,"href":"https:\/\/conzept-kun.de\/ks\/wp-json\/wp\/v2\/users\/1"}],"replies":[{"embeddable":true,"href":"https:\/\/conzept-kun.de\/ks\/wp-json\/wp\/v2\/comments?post=930"}],"version-history":[{"count":22,"href":"https:\/\/conzept-kun.de\/ks\/wp-json\/wp\/v2\/pages\/930\/revisions"}],"predecessor-version":[{"id":1973,"href":"https:\/\/conzept-kun.de\/ks\/wp-json\/wp\/v2\/pages\/930\/revisions\/1973"}],"wp:attachment":[{"href":"https:\/\/conzept-kun.de\/ks\/wp-json\/wp\/v2\/media?parent=930"}],"curies":[{"name":"wp","href":"https:\/\/api.w.org\/{rel}","templated":true}]}}