{"id":694,"date":"2026-03-21T12:03:14","date_gmt":"2026-03-21T11:03:14","guid":{"rendered":"https:\/\/conzept-kun.de\/baron\/?page_id=694"},"modified":"2026-03-22T21:22:27","modified_gmt":"2026-03-22T20:22:27","slug":"datenschutzerklaerung","status":"publish","type":"page","link":"https:\/\/conzept-kun.de\/baron\/datenschutzerklaerung\/","title":{"rendered":"Datenschutzerkl\u00e4rung"},"content":{"rendered":"<p>[et_pb_section fb_built=&#8220;1&#8243; fullwidth=&#8220;on&#8220; disabled_on=&#8220;on|on|on&#8220; admin_label=&#8220;Header&#8220; module_id=&#8220;start&#8220; _builder_version=&#8220;4.27.4&#8243; background_image=&#8220;https:\/\/conzept-kun.de\/baron\/wp-content\/uploads\/2026\/03\/startbild_1.png&#8220; background_position=&#8220;bottom_right&#8220; background_enable_video_mp4=&#8220;off&#8220; disabled=&#8220;on&#8220; collapsed=&#8220;off&#8220; global_colors_info=&#8220;{}&#8220;][et_pb_fullwidth_header title=&#8220;Industrieelektronik&#8220; subhead=&#8220;Zugelassen und Zertifiziert&#8220; button_one_text=&#8220;\u00dcber uns&#8220; button_one_url=&#8220;https:\/\/conzept-kun.de\/baron\/#ueberuns&#8220; button_two_text=&#8220;Kontakt&#8220; button_two_url=&#8220;https:\/\/conzept-kun.de\/baron\/#kontakt&#8220; logo_image_url=&#8220;https:\/\/conzept-kun.de\/baron\/wp-content\/uploads\/2026\/03\/pfeil-3D-1-150&#215;150.png&#8220; content_max_width=&#8220;70%&#8220; _builder_version=&#8220;4.27.4&#8243; title_font=&#8220;Libre Franklin|300|||||||&#8220; title_font_size=&#8220;64px&#8220; title_line_height=&#8220;1.2em&#8220; subhead_font=&#8220;|700|||||||&#8220; subhead_font_size=&#8220;64px&#8220; subhead_line_height=&#8220;1.2em&#8220; background_color=&#8220;rgba(0,0,0,0)&#8220; use_background_color_gradient=&#8220;on&#8220; background_color_gradient_type=&#8220;circular&#8220; background_color_gradient_direction_radial=&#8220;right&#8220; background_color_gradient_stops=&#8220;rgba(0,0,0,0) 9%|rgba(0,79,134,0.75) 67%|#004f86 86%&#8220; background_color_gradient_start=&#8220;rgba(0,0,0,0)&#8220; background_color_gradient_start_position=&#8220;10%&#8220; background_color_gradient_end=&#8220;rgba(0,0,0,0.9)&#8220; background_color_gradient_end_position=&#8220;60%&#8220; background_enable_image=&#8220;off&#8220; background_position=&#8220;bottom_center&#8220; custom_button_one=&#8220;on&#8220; button_one_text_size=&#8220;14px&#8220; button_one_text_color=&#8220;#ffffff&#8220; button_one_bg_color=&#8220;#065086&#8243; button_one_border_width=&#8220;20px&#8220; button_one_border_color=&#8220;rgba(0,0,0,0)&#8220; button_one_border_radius=&#8220;0px&#8220; button_one_letter_spacing=&#8220;3px&#8220; button_one_font=&#8220;|700||on|||||&#8220; button_one_icon=&#8220;&#x24;||divi||400&#8243; custom_button_two=&#8220;on&#8220; button_two_text_size=&#8220;14px&#8220; button_two_text_color=&#8220;#FFFFFF&#8220; button_two_bg_color=&#8220;#F39200&#8243; button_two_border_width=&#8220;20px&#8220; button_two_border_color=&#8220;rgba(0,0,0,0)&#8220; button_two_border_radius=&#8220;0px&#8220; button_two_letter_spacing=&#8220;3px&#8220; button_two_font=&#8220;|700||on|||||&#8220; button_two_icon=&#8220;&#x24;||divi||400&#8243; button_two_icon_color=&#8220;#FFFFFF&#8220; custom_margin=&#8220;||||false&#8220; custom_padding=&#8220;12vw||16vw||false&#8220; custom_padding_tablet=&#8220;80px||180px|&#8220; custom_padding_phone=&#8220;&#8220; custom_padding_last_edited=&#8220;on|phone&#8220; title_font_size_tablet=&#8220;54px&#8220; title_font_size_phone=&#8220;28px&#8220; title_font_size_last_edited=&#8220;on|phone&#8220; subhead_font_size_tablet=&#8220;54px&#8220; subhead_font_size_phone=&#8220;24px&#8220; subhead_font_size_last_edited=&#8220;on|phone&#8220; box_shadow_style_button_one=&#8220;preset4&#8243; box_shadow_horizontal_button_one=&#8220;-20px&#8220; box_shadow_vertical_button_one=&#8220;-20px&#8220; box_shadow_spread_button_one=&#8220;-5px&#8220; box_shadow_color_button_one=&#8220;rgba(243,146,0,0.5)&#8220; box_shadow_style_button_two=&#8220;preset4&#8243; box_shadow_horizontal_button_two=&#8220;20px&#8220; box_shadow_vertical_button_two=&#8220;20px&#8220; box_shadow_spread_button_two=&#8220;-5px&#8220; box_shadow_color_button_two=&#8220;rgba(255,255,255,0.5)&#8220; button_one_letter_spacing_hover=&#8220;3px&#8220; button_two_letter_spacing_hover=&#8220;3px&#8220; global_colors_info=&#8220;{}&#8220; button_one_text_size__hover_enabled=&#8220;off&#8220; button_two_text_size__hover_enabled=&#8220;off&#8220; button_one_text_color__hover_enabled=&#8220;off&#8220; button_two_text_color__hover_enabled=&#8220;off&#8220; button_one_border_width__hover_enabled=&#8220;off&#8220; button_two_border_width__hover_enabled=&#8220;off&#8220; button_one_border_color__hover_enabled=&#8220;off&#8220; button_two_border_color__hover_enabled=&#8220;off&#8220; button_one_border_radius__hover_enabled=&#8220;off&#8220; button_two_border_radius__hover_enabled=&#8220;off&#8220; button_one_letter_spacing__hover_enabled=&#8220;on&#8220; button_one_letter_spacing__hover=&#8220;3px&#8220; button_two_letter_spacing__hover_enabled=&#8220;on&#8220; button_two_letter_spacing__hover=&#8220;3px&#8220; button_one_bg_color__hover_enabled=&#8220;off&#8220; button_two_bg_color__hover_enabled=&#8220;off&#8220;][\/et_pb_fullwidth_header][\/et_pb_section][et_pb_section fb_built=&#8220;1&#8243; admin_label=&#8220;Services&#8220; _builder_version=&#8220;4.27.4&#8243; background_color=&#8220;#004F86&#8243; background_image=&#8220;https:\/\/conzept-kun.de\/baron\/wp-content\/uploads\/2026\/03\/electrician_19.png&#8220; parallax=&#8220;on&#8220; parallax_method=&#8220;off&#8220; custom_padding=&#8220;|0px||0px|false|false&#8220; locked=&#8220;off&#8220; collapsed=&#8220;off&#8220; global_colors_info=&#8220;{}&#8220;][et_pb_row column_structure=&#8220;1_2,1_2&#8243; _builder_version=&#8220;4.27.4&#8243; width=&#8220;100%&#8220; custom_padding=&#8220;27px|0px|0|0px|false|false&#8220; hover_enabled=&#8220;0&#8243; global_colors_info=&#8220;{}&#8220; custom_padding_last_edited=&#8220;on|phone&#8220; sticky_enabled=&#8220;0&#8243; custom_padding_tablet=&#8220;|||20px|false|false&#8220; custom_padding_phone=&#8220;|||20px|false|false&#8220;][et_pb_column type=&#8220;1_2&#8243; _builder_version=&#8220;4.16&#8243; custom_padding=&#8220;|||&#8220; global_colors_info=&#8220;{}&#8220; custom_padding__hover=&#8220;|||&#8220;][et_pb_image src=&#8220;https:\/\/conzept-kun.de\/baron\/wp-content\/uploads\/2026\/03\/pfeil-3D-1-150&#215;150.png&#8220; title_text=&#8220;pfeil-3D&#8220; admin_label=&#8220;Blitz&#8220; _builder_version=&#8220;4.27.4&#8243; custom_margin=&#8220;||4px|&#8220; animation_style=&#8220;flip&#8220; animation_direction=&#8220;top&#8220; animation_duration=&#8220;2000ms&#8220; animation_speed_curve=&#8220;ease&#8220; hover_enabled=&#8220;0&#8243; always_center_on_mobile=&#8220;off&#8220; locked=&#8220;off&#8220; global_colors_info=&#8220;{}&#8220; sticky_enabled=&#8220;0&#8243;][\/et_pb_image][et_pb_text admin_label=&#8220;Datenschutzerkl\u00e4rung&#8220; _builder_version=&#8220;4.27.4&#8243; text_font=&#8220;||||||||&#8220; header_font=&#8220;||||||||&#8220; header_text_color=&#8220;#FFFFFF&#8220; header_font_size=&#8220;40px&#8220; header_6_font=&#8220;Libre Franklin|600|||||||&#8220; header_6_text_color=&#8220;#f39200&#8243; header_6_font_size=&#8220;18px&#8220; header_6_line_height=&#8220;1.8em&#8220; custom_margin=&#8220;|||&#8220; hover_enabled=&#8220;0&#8243; border_color_all=&#8220;#f39200&#8243; border_width_bottom=&#8220;2px&#8220; locked=&#8220;off&#8220; global_colors_info=&#8220;{}&#8220; sticky_enabled=&#8220;0&#8243;]<\/p>\n<h1 data-section-id=\"d69kxy\" data-start=\"214\" data-end=\"241\"><span role=\"text\">Datenschutz<\/span><\/h1>\n<p>[\/et_pb_text][\/et_pb_column][et_pb_column type=&#8220;1_2&#8243; _builder_version=&#8220;4.16&#8243; custom_padding=&#8220;|||&#8220; global_colors_info=&#8220;{}&#8220; custom_padding__hover=&#8220;|||&#8220;][\/et_pb_column][\/et_pb_row][\/et_pb_section][et_pb_section fb_built=&#8220;1&#8243; admin_label=&#8220;\u00dcber uns&#8220; _builder_version=&#8220;4.27.4&#8243; background_color=&#8220;#FFFFFF&#8220; background_image=&#8220;https:\/\/conzept-kun.de\/baron\/wp-content\/uploads\/2026\/03\/electrician_19.png&#8220; parallax=&#8220;on&#8220; parallax_method=&#8220;off&#8220; custom_padding=&#8220;0px||0px||true&#8220; collapsed=&#8220;off&#8220; global_colors_info=&#8220;{}&#8220;][et_pb_row _builder_version=&#8220;4.27.4&#8243; _module_preset=&#8220;default&#8220; global_colors_info=&#8220;{}&#8220;][et_pb_column type=&#8220;4_4&#8243; _builder_version=&#8220;4.27.4&#8243; _module_preset=&#8220;default&#8220; global_colors_info=&#8220;{}&#8220;][et_pb_text admin_label=&#8220;Baron Elektro&#8220; _builder_version=&#8220;4.27.4&#8243; text_font=&#8220;||||||||&#8220; text_text_color=&#8220;#004F86&#8243; text_font_size=&#8220;16px&#8220; text_line_height=&#8220;1.8em&#8220; link_text_color=&#8220;#F39200&#8243; header_font=&#8220;||||||||&#8220; header_2_text_color=&#8220;#004F86&#8243; header_2_line_height=&#8220;1.4em&#8220; header_3_text_color=&#8220;#004F86&#8243; header_3_line_height=&#8220;1.4em&#8220; custom_margin_tablet=&#8220;|||0px&#8220; custom_margin_phone=&#8220;&#8220; custom_margin_last_edited=&#8220;on|desktop&#8220; custom_css_free_form=&#8220;selector h3 {||  display: flex;||  align-items: center;||}||||selector h3::before {||  content: %22%22;||  width: 12px;||  height: 12px;||  background-color: #F39200;||  margin-right: 8px;||  position: relative;||  top: -1px;||}&#8220; global_colors_info=&#8220;{}&#8220;]<\/p>\n<h3 data-section-id=\"xn3opg\" data-start=\"243\" data-end=\"281\"><span role=\"text\">1. Datenschutz auf einen Blick<\/span><\/h3>\n<p data-start=\"283\" data-end=\"499\">Der Schutz Ihrer pers\u00f6nlichen Daten ist uns ein besonderes Anliegen. Wir behandeln Ihre personenbezogenen Daten vertraulich und entsprechend der gesetzlichen Datenschutzvorschriften sowie dieser Datenschutzerkl\u00e4rung.<\/p>\n<h3 data-section-id=\"innbgy\" data-start=\"506\" data-end=\"539\"><span role=\"text\">2. Verantwortliche Stelle<\/span><\/h3>\n<p data-start=\"541\" data-end=\"625\"><strong data-start=\"541\" data-end=\"558\">Baron Elektro<\/strong><br data-start=\"558\" data-end=\"561\" \/>Sven Baron GmbH &amp; Co. KG<br data-start=\"585\" data-end=\"588\" \/>Siedlerstra\u00dfe 1<br data-start=\"603\" data-end=\"606\" \/>68623 Lampertheim<\/p>\n<p data-start=\"627\" data-end=\"689\">Telefon: 06206 \/ 1305789<br data-start=\"651\" data-end=\"654\" \/>E-Mail: <a class=\"decorated-link cursor-pointer\" href=\"mailto:kontakt@baron-elektro.com\" target=\"_blank\" rel=\"noopener\" data-start=\"662\" data-end=\"687\">kontakt@baron-elektro.com<\/a><\/p>\n<h3 data-section-id=\"12ve1tn\" data-start=\"696\" data-end=\"714\"><span role=\"text\">3. Hosting<\/span><\/h3>\n<p data-start=\"716\" data-end=\"768\">Unsere Website wird bei folgendem Anbieter gehostet:<\/p>\n<p data-start=\"770\" data-end=\"836\"><strong data-start=\"770\" data-end=\"794\">IONOS SE (1&amp;1 IONOS)<\/strong><br data-start=\"794\" data-end=\"797\" \/>Elgendorfer Str. 57<br data-start=\"816\" data-end=\"819\" \/>56410 Montabaur<\/p>\n<p data-start=\"838\" data-end=\"979\">Beim Besuch unserer Website erfasst der Hoster automatisch sogenannte Server-Logfiles (z. B. IP-Adresse, Browsertyp, Uhrzeit des Zugriffs).<\/p>\n<p data-start=\"981\" data-end=\"1099\">Diese Daten werden zur Sicherstellung eines st\u00f6rungsfreien Betriebs und zur Verbesserung unseres Angebots verarbeitet.<\/p>\n<p data-start=\"1101\" data-end=\"1150\"><strong data-start=\"1101\" data-end=\"1121\">Rechtsgrundlage:<\/strong> Art. 6 Abs. 1 lit. f DSGVO<\/p>\n<h3 data-section-id=\"1p4yaas\" data-start=\"1157\" data-end=\"1209\"><span role=\"text\">4. Allgemeine Hinweise zur Datenverarbeitung<\/span><\/h3>\n<p data-start=\"1211\" data-end=\"1454\">Personenbezogene Daten sind alle Daten, mit denen Sie pers\u00f6nlich identifiziert werden k\u00f6nnen. Wir verarbeiten diese Daten nur, soweit dies zur Bereitstellung einer funktionsf\u00e4higen Website sowie unserer Inhalte und Leistungen erforderlich ist.<\/p>\n<h3 data-section-id=\"1rkiggw\" data-start=\"1461\" data-end=\"1487\"><span role=\"text\">5. Kontaktaufnahme<\/span><\/h3>\n<p data-start=\"1489\" data-end=\"1600\">Wenn Sie uns per E-Mail oder Telefon kontaktieren, werden Ihre Angaben zur Bearbeitung der Anfrage gespeichert.<\/p>\n<p data-start=\"1602\" data-end=\"1625\"><strong data-start=\"1602\" data-end=\"1625\">Verarbeitete Daten:<\/strong><\/p>\n<ul data-start=\"1626\" data-end=\"1674\">\n<li data-section-id=\"1t2yru7\" data-start=\"1626\" data-end=\"1634\">Name<\/li>\n<li data-section-id=\"1n69q6q\" data-start=\"1635\" data-end=\"1651\">Kontaktdaten<\/li>\n<li data-section-id=\"nu91hx\" data-start=\"1652\" data-end=\"1674\">Inhalt der Anfrage<\/li>\n<\/ul>\n<p data-start=\"1676\" data-end=\"1745\"><strong data-start=\"1676\" data-end=\"1696\">Rechtsgrundlage:<\/strong> Art. 6 Abs. 1 lit. b DSGVO (Vertrag \/ Anfrage)<\/p>\n<h3 data-section-id=\"6r6zih\" data-start=\"1752\" data-end=\"1770\"><span role=\"text\">6. Cookies<\/span><\/h3>\n<p data-start=\"1772\" data-end=\"1898\">Unsere Website verwendet ggf. Cookies. Dabei handelt es sich um kleine Textdateien, die auf Ihrem Endger\u00e4t gespeichert werden.<\/p>\n<ul data-start=\"1900\" data-end=\"2043\">\n<li data-section-id=\"13f3fhz\" data-start=\"1900\" data-end=\"1978\"><strong data-start=\"1902\" data-end=\"1935\">Technisch notwendige Cookies:<\/strong> erforderlich f\u00fcr den Betrieb der Website<\/li>\n<li data-section-id=\"1r4qbvk\" data-start=\"1979\" data-end=\"2043\"><strong data-start=\"1981\" data-end=\"2003\">Optionale Cookies:<\/strong> nur mit Einwilligung (falls eingesetzt)<\/li>\n<\/ul>\n<p data-start=\"2045\" data-end=\"2067\"><strong data-start=\"2045\" data-end=\"2065\">Rechtsgrundlage:<\/strong><\/p>\n<ul data-start=\"2068\" data-end=\"2156\">\n<li data-section-id=\"vgbuy2\" data-start=\"2068\" data-end=\"2110\">Art. 6 Abs. 1 lit. f DSGVO (notwendig)<\/li>\n<li data-section-id=\"uzyhsw\" data-start=\"2111\" data-end=\"2156\">Art. 6 Abs. 1 lit. a DSGVO (Einwilligung)<\/li>\n<\/ul>\n<h3 data-section-id=\"8bufms\" data-start=\"2163\" data-end=\"2185\"><span role=\"text\">7. Ihre Rechte<\/span><\/h3>\n<p data-start=\"2187\" data-end=\"2221\">Sie haben jederzeit das Recht auf:<\/p>\n<ul data-start=\"2223\" data-end=\"2424\">\n<li data-section-id=\"f9qm1y\" data-start=\"2223\" data-end=\"2265\">Auskunft \u00fcber Ihre gespeicherten Daten<\/li>\n<li data-section-id=\"194f1z9\" data-start=\"2266\" data-end=\"2300\">Berichtigung unrichtiger Daten<\/li>\n<li data-section-id=\"ckgzm0\" data-start=\"2301\" data-end=\"2325\">L\u00f6schung Ihrer Daten<\/li>\n<li data-section-id=\"9enzfe\" data-start=\"2326\" data-end=\"2360\">Einschr\u00e4nkung der Verarbeitung<\/li>\n<li data-section-id=\"6kho8\" data-start=\"2361\" data-end=\"2399\">Widerspruch gegen die Verarbeitung<\/li>\n<li data-section-id=\"1wshal5\" data-start=\"2400\" data-end=\"2424\">Daten\u00fcbertragbarkeit<\/li>\n<\/ul>\n<p data-start=\"2426\" data-end=\"2499\">Zudem haben Sie ein Beschwerderecht bei der zust\u00e4ndigen Aufsichtsbeh\u00f6rde.<\/p>\n<h3 data-section-id=\"erh5xm\" data-start=\"2506\" data-end=\"2546\"><span role=\"text\">8. SSL- bzw. TLS-Verschl\u00fcsselung<\/span><\/h3>\n<p data-start=\"2548\" data-end=\"2661\">Diese Seite nutzt aus Sicherheitsgr\u00fcnden eine SSL- bzw. TLS-Verschl\u00fcsselung, um vertrauliche Inhalte zu sch\u00fctzen.<\/p>\n<h3 data-section-id=\"8v75d1\" data-start=\"2668\" data-end=\"2692\"><span role=\"text\">9. Speicherdauer<\/span><\/h3>\n<p data-start=\"2694\" data-end=\"2865\">Ihre personenbezogenen Daten werden nur so lange gespeichert, wie dies zur Erf\u00fcllung der jeweiligen Zwecke erforderlich ist oder gesetzliche Aufbewahrungsfristen bestehen.<\/p>\n<h3 data-section-id=\"5x3rw3\" data-start=\"2872\" data-end=\"2909\"><span role=\"text\">10. Aktualit\u00e4t und \u00c4nderungen<\/span><\/h3>\n<p data-start=\"2911\" data-end=\"3026\">Diese Datenschutzerkl\u00e4rung hat den Stand: M\u00e4rz 2026.<br data-start=\"2963\" data-end=\"2966\" \/>Wir behalten uns vor, diese Erkl\u00e4rung bei Bedarf anzupassen.<\/p>\n<p>[\/et_pb_text][\/et_pb_column][\/et_pb_row][et_pb_row _builder_version=&#8220;4.16&#8243; module_alignment=&#8220;right&#8220; custom_padding=&#8220;30px|0px|0|0px|false|false&#8220; locked=&#8220;off&#8220; global_colors_info=&#8220;{}&#8220;][et_pb_column type=&#8220;4_4&#8243; _builder_version=&#8220;4.16&#8243; custom_padding=&#8220;|||&#8220; global_colors_info=&#8220;{}&#8220; custom_padding__hover=&#8220;|||&#8220;][et_pb_button button_url=&#8220;@ET-DC@eyJkeW5hbWljIjp0cnVlLCJjb250ZW50IjoicG9zdF9saW5rX3VybF9wYWdlIiwic2V0dGluZ3MiOnsicG9zdF9pZCI6IjIifX0=@&#8220; button_text=&#8220;Startseite&#8220; button_alignment=&#8220;right&#8220; admin_label=&#8220;Startseite&#8220; _builder_version=&#8220;4.27.4&#8243; _dynamic_attributes=&#8220;button_url&#8220; custom_button=&#8220;on&#8220; button_text_size=&#8220;14px&#8220; button_text_color=&#8220;#FFFFFF&#8220; button_bg_color=&#8220;#F39200&#8243; button_border_width=&#8220;0px&#8220; button_border_color=&#8220;#065086&#8243; button_border_radius=&#8220;0px&#8220; button_letter_spacing=&#8220;3px&#8220; button_font=&#8220;|700||on|||||&#8220; button_icon=&#8220;&#x24;||divi||400&#8243; button_icon_color=&#8220;#FFFFFF&#8220; button_on_hover=&#8220;off&#8220; background_layout=&#8220;dark&#8220; custom_padding=&#8220;30px|70px|30px|70px|true|true&#8220; animation_style=&#8220;fold&#8220; animation_direction=&#8220;right&#8220; box_shadow_style=&#8220;preset4&#8243; box_shadow_horizontal=&#8220;-30px&#8220; box_shadow_vertical=&#8220;-30px&#8220; box_shadow_spread=&#8220;-10px&#8220; box_shadow_color=&#8220;#004F86&#8243; global_colors_info=&#8220;{}&#8220; button_text_size__hover_enabled=&#8220;off&#8220; button_one_text_size__hover_enabled=&#8220;off&#8220; button_two_text_size__hover_enabled=&#8220;off&#8220; button_text_color__hover_enabled=&#8220;off&#8220; button_one_text_color__hover_enabled=&#8220;off&#8220; button_two_text_color__hover_enabled=&#8220;off&#8220; button_border_width__hover_enabled=&#8220;off&#8220; button_one_border_width__hover_enabled=&#8220;off&#8220; button_two_border_width__hover_enabled=&#8220;off&#8220; button_border_color__hover_enabled=&#8220;off&#8220; button_one_border_color__hover_enabled=&#8220;off&#8220; button_two_border_color__hover_enabled=&#8220;off&#8220; button_border_radius__hover_enabled=&#8220;off&#8220; button_one_border_radius__hover_enabled=&#8220;off&#8220; button_two_border_radius__hover_enabled=&#8220;off&#8220; button_letter_spacing__hover_enabled=&#8220;off&#8220; button_one_letter_spacing__hover_enabled=&#8220;off&#8220; button_two_letter_spacing__hover_enabled=&#8220;off&#8220; button_bg_color__hover_enabled=&#8220;off&#8220; button_one_bg_color__hover_enabled=&#8220;off&#8220; button_two_bg_color__hover_enabled=&#8220;off&#8220;][\/et_pb_button][\/et_pb_column][\/et_pb_row][\/et_pb_section]<\/p>\n","protected":false},"excerpt":{"rendered":"<p>Datenschutz1. Datenschutz auf einen Blick Der Schutz Ihrer pers\u00f6nlichen Daten ist uns ein besonderes Anliegen. Wir behandeln Ihre personenbezogenen Daten vertraulich und entsprechend der gesetzlichen Datenschutzvorschriften sowie dieser Datenschutzerkl\u00e4rung. 2. Verantwortliche Stelle Baron ElektroSven Baron GmbH &amp; Co. KGSiedlerstra\u00dfe 168623 Lampertheim Telefon: 06206 \/ 1305789E-Mail: kontakt@baron-elektro.com 3. Hosting Unsere Website wird bei folgendem Anbieter gehostet: [&hellip;]<\/p>\n","protected":false},"author":2,"featured_media":0,"parent":0,"menu_order":200,"comment_status":"closed","ping_status":"closed","template":"","meta":{"_et_pb_use_builder":"on","_et_pb_old_content":"","_et_gb_content_width":"","footnotes":""},"class_list":["post-694","page","type-page","status-publish","hentry"],"_links":{"self":[{"href":"https:\/\/conzept-kun.de\/baron\/wp-json\/wp\/v2\/pages\/694","targetHints":{"allow":["GET"]}}],"collection":[{"href":"https:\/\/conzept-kun.de\/baron\/wp-json\/wp\/v2\/pages"}],"about":[{"href":"https:\/\/conzept-kun.de\/baron\/wp-json\/wp\/v2\/types\/page"}],"author":[{"embeddable":true,"href":"https:\/\/conzept-kun.de\/baron\/wp-json\/wp\/v2\/users\/2"}],"replies":[{"embeddable":true,"href":"https:\/\/conzept-kun.de\/baron\/wp-json\/wp\/v2\/comments?post=694"}],"version-history":[{"count":7,"href":"https:\/\/conzept-kun.de\/baron\/wp-json\/wp\/v2\/pages\/694\/revisions"}],"predecessor-version":[{"id":734,"href":"https:\/\/conzept-kun.de\/baron\/wp-json\/wp\/v2\/pages\/694\/revisions\/734"}],"wp:attachment":[{"href":"https:\/\/conzept-kun.de\/baron\/wp-json\/wp\/v2\/media?parent=694"}],"curies":[{"name":"wp","href":"https:\/\/api.w.org\/{rel}","templated":true}]}}