{"id":667,"date":"2026-03-21T11:24:18","date_gmt":"2026-03-21T10:24:18","guid":{"rendered":"https:\/\/conzept-kun.de\/baron\/?page_id=667"},"modified":"2026-04-20T18:14:13","modified_gmt":"2026-04-20T16:14:13","slug":"impressum","status":"publish","type":"page","link":"https:\/\/conzept-kun.de\/baron\/impressum\/","title":{"rendered":"Impressum"},"content":{"rendered":"<p>[et_pb_section fb_built=&#8220;1&#8243; fullwidth=&#8220;on&#8220; disabled_on=&#8220;on|on|on&#8220; admin_label=&#8220;Header&#8220; module_id=&#8220;start&#8220; _builder_version=&#8220;4.27.4&#8243; background_image=&#8220;https:\/\/conzept-kun.de\/baron\/wp-content\/uploads\/2026\/03\/startbild_1.png&#8220; background_position=&#8220;bottom_right&#8220; background_enable_video_mp4=&#8220;off&#8220; disabled=&#8220;on&#8220; collapsed=&#8220;off&#8220; global_colors_info=&#8220;{}&#8220;][et_pb_fullwidth_header title=&#8220;Industrieelektronik&#8220; subhead=&#8220;Zugelassen und Zertifiziert&#8220; button_one_text=&#8220;\u00dcber uns&#8220; button_one_url=&#8220;https:\/\/conzept-kun.de\/baron\/#ueberuns&#8220; button_two_text=&#8220;Kontakt&#8220; button_two_url=&#8220;https:\/\/conzept-kun.de\/baron\/#kontakt&#8220; logo_image_url=&#8220;https:\/\/conzept-kun.de\/baron\/wp-content\/uploads\/2026\/03\/pfeil-3D-1-150&#215;150.png&#8220; content_max_width=&#8220;70%&#8220; _builder_version=&#8220;4.27.4&#8243; title_font=&#8220;Libre Franklin|300|||||||&#8220; title_font_size=&#8220;64px&#8220; title_line_height=&#8220;1.2em&#8220; subhead_font=&#8220;|700|||||||&#8220; subhead_font_size=&#8220;64px&#8220; subhead_line_height=&#8220;1.2em&#8220; background_color=&#8220;rgba(0,0,0,0)&#8220; use_background_color_gradient=&#8220;on&#8220; background_color_gradient_type=&#8220;circular&#8220; background_color_gradient_direction_radial=&#8220;right&#8220; background_color_gradient_stops=&#8220;rgba(0,0,0,0) 9%|rgba(0,79,134,0.75) 67%|#004f86 86%&#8220; background_color_gradient_start=&#8220;rgba(0,0,0,0)&#8220; background_color_gradient_start_position=&#8220;10%&#8220; background_color_gradient_end=&#8220;rgba(0,0,0,0.9)&#8220; background_color_gradient_end_position=&#8220;60%&#8220; background_enable_image=&#8220;off&#8220; background_position=&#8220;bottom_center&#8220; custom_button_one=&#8220;on&#8220; button_one_text_size=&#8220;14px&#8220; button_one_text_color=&#8220;#ffffff&#8220; button_one_bg_color=&#8220;#065086&#8243; button_one_border_width=&#8220;20px&#8220; button_one_border_color=&#8220;rgba(0,0,0,0)&#8220; button_one_border_radius=&#8220;0px&#8220; button_one_letter_spacing=&#8220;3px&#8220; button_one_font=&#8220;|700||on|||||&#8220; button_one_icon=&#8220;&#x24;||divi||400&#8243; custom_button_two=&#8220;on&#8220; button_two_text_size=&#8220;14px&#8220; button_two_text_color=&#8220;#FFFFFF&#8220; button_two_bg_color=&#8220;#F39200&#8243; button_two_border_width=&#8220;20px&#8220; button_two_border_color=&#8220;rgba(0,0,0,0)&#8220; button_two_border_radius=&#8220;0px&#8220; button_two_letter_spacing=&#8220;3px&#8220; button_two_font=&#8220;|700||on|||||&#8220; button_two_icon=&#8220;&#x24;||divi||400&#8243; button_two_icon_color=&#8220;#FFFFFF&#8220; custom_margin=&#8220;||||false&#8220; custom_padding=&#8220;12vw||16vw||false&#8220; custom_padding_tablet=&#8220;80px||180px|&#8220; custom_padding_phone=&#8220;&#8220; custom_padding_last_edited=&#8220;on|phone&#8220; title_font_size_tablet=&#8220;54px&#8220; title_font_size_phone=&#8220;28px&#8220; title_font_size_last_edited=&#8220;on|phone&#8220; subhead_font_size_tablet=&#8220;54px&#8220; subhead_font_size_phone=&#8220;24px&#8220; subhead_font_size_last_edited=&#8220;on|phone&#8220; box_shadow_style_button_one=&#8220;preset4&#8243; box_shadow_horizontal_button_one=&#8220;-20px&#8220; box_shadow_vertical_button_one=&#8220;-20px&#8220; box_shadow_spread_button_one=&#8220;-5px&#8220; box_shadow_color_button_one=&#8220;rgba(243,146,0,0.5)&#8220; box_shadow_style_button_two=&#8220;preset4&#8243; box_shadow_horizontal_button_two=&#8220;20px&#8220; box_shadow_vertical_button_two=&#8220;20px&#8220; box_shadow_spread_button_two=&#8220;-5px&#8220; box_shadow_color_button_two=&#8220;rgba(255,255,255,0.5)&#8220; button_one_letter_spacing_hover=&#8220;3px&#8220; button_two_letter_spacing_hover=&#8220;3px&#8220; global_colors_info=&#8220;{}&#8220; button_one_text_size__hover_enabled=&#8220;off&#8220; button_two_text_size__hover_enabled=&#8220;off&#8220; button_one_text_color__hover_enabled=&#8220;off&#8220; button_two_text_color__hover_enabled=&#8220;off&#8220; button_one_border_width__hover_enabled=&#8220;off&#8220; button_two_border_width__hover_enabled=&#8220;off&#8220; button_one_border_color__hover_enabled=&#8220;off&#8220; button_two_border_color__hover_enabled=&#8220;off&#8220; button_one_border_radius__hover_enabled=&#8220;off&#8220; button_two_border_radius__hover_enabled=&#8220;off&#8220; button_one_letter_spacing__hover_enabled=&#8220;on&#8220; button_one_letter_spacing__hover=&#8220;3px&#8220; button_two_letter_spacing__hover_enabled=&#8220;on&#8220; button_two_letter_spacing__hover=&#8220;3px&#8220; button_one_bg_color__hover_enabled=&#8220;off&#8220; button_two_bg_color__hover_enabled=&#8220;off&#8220;][\/et_pb_fullwidth_header][\/et_pb_section][et_pb_section fb_built=&#8220;1&#8243; admin_label=&#8220;Services&#8220; _builder_version=&#8220;4.27.4&#8243; background_color=&#8220;#004F86&#8243; background_image=&#8220;https:\/\/conzept-kun.de\/baron\/wp-content\/uploads\/2026\/03\/electrician_19.png&#8220; parallax=&#8220;on&#8220; parallax_method=&#8220;off&#8220; custom_padding=&#8220;|0px||0px|false|false&#8220; locked=&#8220;off&#8220; collapsed=&#8220;off&#8220; global_colors_info=&#8220;{}&#8220;][et_pb_row column_structure=&#8220;1_2,1_2&#8243; custom_padding_last_edited=&#8220;on|phone&#8220; _builder_version=&#8220;4.27.4&#8243; width=&#8220;100%&#8220; custom_padding=&#8220;27px|0px|0|0px|false|false&#8220; custom_padding_tablet=&#8220;|||20px|false|false&#8220; custom_padding_phone=&#8220;|||20px|false|false&#8220; global_colors_info=&#8220;{}&#8220;][et_pb_column type=&#8220;1_2&#8243; _builder_version=&#8220;4.16&#8243; custom_padding=&#8220;|||&#8220; global_colors_info=&#8220;{}&#8220; custom_padding__hover=&#8220;|||&#8220;][et_pb_image src=&#8220;https:\/\/conzept-kun.de\/baron\/wp-content\/uploads\/2026\/03\/pfeil-3D-1-150&#215;150.png&#8220; title_text=&#8220;pfeil-3D&#8220; admin_label=&#8220;Blitz&#8220; _builder_version=&#8220;4.27.4&#8243; custom_margin=&#8220;||4px|&#8220; animation_style=&#8220;flip&#8220; animation_direction=&#8220;top&#8220; animation_duration=&#8220;2000ms&#8220; animation_speed_curve=&#8220;ease&#8220; always_center_on_mobile=&#8220;off&#8220; locked=&#8220;off&#8220; global_colors_info=&#8220;{}&#8220;][\/et_pb_image][et_pb_text admin_label=&#8220;Impressum&#8220; _builder_version=&#8220;4.27.4&#8243; text_font=&#8220;||||||||&#8220; header_font=&#8220;||||||||&#8220; header_text_color=&#8220;#FFFFFF&#8220; header_font_size=&#8220;40px&#8220; header_6_font=&#8220;Libre Franklin|600|||||||&#8220; header_6_text_color=&#8220;#f39200&#8243; header_6_font_size=&#8220;18px&#8220; header_6_line_height=&#8220;1.8em&#8220; custom_margin=&#8220;|||&#8220; border_color_all=&#8220;#f39200&#8243; border_width_bottom=&#8220;2px&#8220; locked=&#8220;off&#8220; global_colors_info=&#8220;{}&#8220;]<\/p>\n<h1>Impressum<\/h1>\n<p>[\/et_pb_text][\/et_pb_column][et_pb_column type=&#8220;1_2&#8243; _builder_version=&#8220;4.16&#8243; custom_padding=&#8220;|||&#8220; global_colors_info=&#8220;{}&#8220; custom_padding__hover=&#8220;|||&#8220;][\/et_pb_column][\/et_pb_row][\/et_pb_section][et_pb_section fb_built=&#8220;1&#8243; admin_label=&#8220;\u00dcber uns&#8220; _builder_version=&#8220;4.27.4&#8243; background_color=&#8220;#FFFFFF&#8220; background_image=&#8220;https:\/\/conzept-kun.de\/baron\/wp-content\/uploads\/2026\/03\/electrician_19.png&#8220; parallax=&#8220;on&#8220; parallax_method=&#8220;off&#8220; custom_padding=&#8220;0px||0px||true&#8220; collapsed=&#8220;off&#8220; global_colors_info=&#8220;{}&#8220;][et_pb_row column_structure=&#8220;1_2,1_2&#8243; _builder_version=&#8220;4.27.4&#8243; _module_preset=&#8220;default&#8220; global_colors_info=&#8220;{}&#8220;][et_pb_column type=&#8220;1_2&#8243; _builder_version=&#8220;4.27.4&#8243; _module_preset=&#8220;default&#8220; global_colors_info=&#8220;{}&#8220;][et_pb_text admin_label=&#8220;Baron Elektro&#8220; _builder_version=&#8220;4.27.4&#8243; text_font=&#8220;||||||||&#8220; text_text_color=&#8220;#004F86&#8243; text_font_size=&#8220;16px&#8220; text_line_height=&#8220;1.8em&#8220; link_text_color=&#8220;#F39200&#8243; header_font=&#8220;||||||||&#8220; header_2_text_color=&#8220;#004F86&#8243; header_2_line_height=&#8220;1.4em&#8220; header_3_text_color=&#8220;#004F86&#8243; header_3_line_height=&#8220;1.4em&#8220; custom_margin_tablet=&#8220;|||0px&#8220; custom_margin_phone=&#8220;&#8220; custom_margin_last_edited=&#8220;on|desktop&#8220; custom_css_free_form=&#8220;selector h3 {||  display: flex;||  align-items: center;||}||||selector h3::before {||  content: %22%22;||  width: 12px;||  height: 12px;||  background-color: #F39200;||  margin-right: 8px;||  position: relative;||  top: -1px;||}&#8220; global_colors_info=&#8220;{}&#8220;]<\/p>\n<h3 data-start=\"133\" data-end=\"179\">Baron Elektro<\/h3>\n<p data-start=\"133\" data-end=\"179\"><strong>Sven Baron GmbH &amp; Co. KG<\/strong><\/p>\n<p data-start=\"181\" data-end=\"228\"><strong data-start=\"181\" data-end=\"213\">Vertreten durch den Inhaber:<\/strong><br data-start=\"213\" data-end=\"216\" \/>Sven Baron<\/p>\n<h3 data-section-id=\"d4t3co\" data-start=\"235\" data-end=\"252\"><span role=\"text\">Anschrift<\/span><\/h3>\n<p data-start=\"254\" data-end=\"305\">Siedlerstra\u00dfe 1<br data-start=\"269\" data-end=\"272\" \/>68623 Lampertheim<br data-start=\"289\" data-end=\"292\" \/>Deutschland<\/p>\n<h3 data-section-id=\"1r6il52\" data-start=\"312\" data-end=\"327\"><span role=\"text\">Kontakt<\/span><\/h3>\n<p data-start=\"329\" data-end=\"403\">Telefon: 06206 \/ 1305789<br data-start=\"353\" data-end=\"356\" \/>Fax: 06206 \/ 1307085<br data-start=\"376\" data-end=\"379\" \/>Mobil: 0176 \/ 24383862<\/p>\n<p data-start=\"405\" data-end=\"473\">E-Mail: <a class=\"decorated-link cursor-pointer\" href=\"mailto:kontakt@baron-elektro.com\" target=\"_blank\" rel=\"noopener\" data-start=\"413\" data-end=\"438\">kontakt@baron-elektro.com<\/a><br data-start=\"438\" data-end=\"441\" \/>Website: <a class=\"decorated-link\" href=\"http:\/\/www.baron-elektro.com\" rel=\"noopener\" data-start=\"450\" data-end=\"471\">www.baron-elektro.com<\/a><\/p>\n<h3 data-section-id=\"q4wjx\" data-start=\"480\" data-end=\"503\"><span role=\"text\">Registereintrag<\/span><\/h3>\n<p data-start=\"505\" data-end=\"629\">Handelsregister: Darmstadt \u00a0\u00a0\u00a0\u00a0<br data-start=\"599\" data-end=\"602\" \/>Registernummer: HRA 85260 Fall:1<\/p>\n<h3 data-section-id=\"lhmerm\" data-start=\"636\" data-end=\"659\"><span role=\"text\">Umsatzsteuer-ID<\/span><\/h3>\n<p data-start=\"661\" data-end=\"730\">Umsatzsteuer-Identifikationsnummer gem\u00e4\u00df \u00a7 27 a UStG: DE296490432<\/p>\n<p>[\/et_pb_text][\/et_pb_column][et_pb_column type=&#8220;1_2&#8243; _builder_version=&#8220;4.27.4&#8243; _module_preset=&#8220;default&#8220; global_colors_info=&#8220;{}&#8220;][et_pb_text admin_label=&#8220;text&#8220; _builder_version=&#8220;4.27.4&#8243; text_font=&#8220;||||||||&#8220; text_text_color=&#8220;#004F86&#8243; text_font_size=&#8220;16px&#8220; text_line_height=&#8220;1.8em&#8220; header_font=&#8220;||||||||&#8220; header_2_text_color=&#8220;#004F86&#8243; header_2_line_height=&#8220;1.4em&#8220; header_3_text_color=&#8220;#004F86&#8243; header_3_line_height=&#8220;1.4em&#8220; custom_margin_tablet=&#8220;|||0px&#8220; custom_margin_phone=&#8220;&#8220; custom_margin_last_edited=&#8220;on|desktop&#8220; global_colors_info=&#8220;{}&#8220;]<\/p>\n<h3 data-section-id=\"i7be7l\" data-start=\"737\" data-end=\"796\"><span role=\"text\">Verantwortlich f\u00fcr den Inhalt nach \u00a7 55 Abs. 2 RStV<\/span><\/h3>\n<p data-start=\"798\" data-end=\"848\">Sven Baron<br data-start=\"808\" data-end=\"811\" \/>Siedlerstra\u00dfe 1<br data-start=\"826\" data-end=\"829\" \/>68623 Lampertheim<\/p>\n<h3 data-section-id=\"1pfsnwa\" data-start=\"855\" data-end=\"882\"><span role=\"text\">Haftung f\u00fcr Inhalte<\/span><\/h3>\n<p data-start=\"884\" data-end=\"1055\">Die Inhalte unserer Seiten wurden mit gr\u00f6\u00dfter Sorgfalt erstellt. F\u00fcr die Richtigkeit, Vollst\u00e4ndigkeit und Aktualit\u00e4t der Inhalte k\u00f6nnen wir jedoch keine Gew\u00e4hr \u00fcbernehmen.<\/p>\n<h3 data-section-id=\"xlie1m\" data-start=\"1062\" data-end=\"1087\"><span role=\"text\">Haftung f\u00fcr Links<\/span><\/h3>\n<p data-start=\"1089\" data-end=\"1267\">Unsere Website enth\u00e4lt Links zu externen Websites Dritter, auf deren Inhalte wir keinen Einfluss haben. Deshalb k\u00f6nnen wir f\u00fcr diese fremden Inhalte auch keine Gew\u00e4hr \u00fcbernehmen.<\/p>\n<h3 data-section-id=\"145oc1d\" data-start=\"1274\" data-end=\"1294\"><span role=\"text\">Urheberrecht<\/span><\/h3>\n<p data-start=\"1296\" data-end=\"1412\">Die durch die Seitenbetreiber erstellten Inhalte und Werke auf diesen Seiten unterliegen dem deutschen Urheberrecht.<\/p>\n<p>[\/et_pb_text][\/et_pb_column][\/et_pb_row][et_pb_row _builder_version=&#8220;4.16&#8243; module_alignment=&#8220;right&#8220; custom_padding=&#8220;30px|0px|0|0px|false|false&#8220; locked=&#8220;off&#8220; global_colors_info=&#8220;{}&#8220;][et_pb_column type=&#8220;4_4&#8243; _builder_version=&#8220;4.16&#8243; custom_padding=&#8220;|||&#8220; global_colors_info=&#8220;{}&#8220; custom_padding__hover=&#8220;|||&#8220;][et_pb_button button_url=&#8220;@ET-DC@eyJkeW5hbWljIjp0cnVlLCJjb250ZW50IjoicG9zdF9saW5rX3VybF9wYWdlIiwic2V0dGluZ3MiOnsicG9zdF9pZCI6IjIifX0=@&#8220; button_text=&#8220;Startseite&#8220; button_alignment=&#8220;right&#8220; admin_label=&#8220;Startseite&#8220; _builder_version=&#8220;4.27.4&#8243; _dynamic_attributes=&#8220;button_url&#8220; custom_button=&#8220;on&#8220; button_text_size=&#8220;14px&#8220; button_text_color=&#8220;#FFFFFF&#8220; button_bg_color=&#8220;#F39200&#8243; button_border_width=&#8220;0px&#8220; button_border_color=&#8220;#065086&#8243; button_border_radius=&#8220;0px&#8220; button_letter_spacing=&#8220;3px&#8220; button_font=&#8220;|700||on|||||&#8220; button_icon=&#8220;&#x24;||divi||400&#8243; button_icon_color=&#8220;#FFFFFF&#8220; button_on_hover=&#8220;off&#8220; background_layout=&#8220;dark&#8220; custom_padding=&#8220;30px|70px|30px|70px|true|true&#8220; animation_style=&#8220;fold&#8220; animation_direction=&#8220;right&#8220; box_shadow_style=&#8220;preset4&#8243; box_shadow_horizontal=&#8220;-30px&#8220; box_shadow_vertical=&#8220;-30px&#8220; box_shadow_spread=&#8220;-10px&#8220; box_shadow_color=&#8220;#004F86&#8243; global_colors_info=&#8220;{}&#8220; button_text_size__hover_enabled=&#8220;off&#8220; button_one_text_size__hover_enabled=&#8220;off&#8220; button_two_text_size__hover_enabled=&#8220;off&#8220; button_text_color__hover_enabled=&#8220;off&#8220; button_one_text_color__hover_enabled=&#8220;off&#8220; button_two_text_color__hover_enabled=&#8220;off&#8220; button_border_width__hover_enabled=&#8220;off&#8220; button_one_border_width__hover_enabled=&#8220;off&#8220; button_two_border_width__hover_enabled=&#8220;off&#8220; button_border_color__hover_enabled=&#8220;off&#8220; button_one_border_color__hover_enabled=&#8220;off&#8220; button_two_border_color__hover_enabled=&#8220;off&#8220; button_border_radius__hover_enabled=&#8220;off&#8220; button_one_border_radius__hover_enabled=&#8220;off&#8220; button_two_border_radius__hover_enabled=&#8220;off&#8220; button_letter_spacing__hover_enabled=&#8220;off&#8220; button_one_letter_spacing__hover_enabled=&#8220;off&#8220; button_two_letter_spacing__hover_enabled=&#8220;off&#8220; button_bg_color__hover_enabled=&#8220;off&#8220; button_one_bg_color__hover_enabled=&#8220;off&#8220; button_two_bg_color__hover_enabled=&#8220;off&#8220;][\/et_pb_button][\/et_pb_column][\/et_pb_row][\/et_pb_section]<\/p>\n","protected":false},"excerpt":{"rendered":"<p>ImpressumBaron Elektro Sven Baron GmbH &amp; Co. KG Vertreten durch den Inhaber:Sven Baron Anschrift Siedlerstra\u00dfe 168623 LampertheimDeutschland Kontakt Telefon: 06206 \/ 1305789Fax: 06206 \/ 1307085Mobil: 0176 \/ 24383862 E-Mail: kontakt@baron-elektro.comWebsite: www.baron-elektro.com Registereintrag Handelsregister: Darmstadt \u00a0\u00a0\u00a0\u00a0Registernummer: HRA 85260 Fall:1 Umsatzsteuer-ID Umsatzsteuer-Identifikationsnummer gem\u00e4\u00df \u00a7 27 a UStG: DE296490432Verantwortlich f\u00fcr den Inhalt nach \u00a7 55 Abs. 2 RStV [&hellip;]<\/p>\n","protected":false},"author":2,"featured_media":0,"parent":0,"menu_order":100,"comment_status":"closed","ping_status":"closed","template":"","meta":{"_et_pb_use_builder":"on","_et_pb_old_content":"","_et_gb_content_width":"","footnotes":""},"class_list":["post-667","page","type-page","status-publish","hentry"],"_links":{"self":[{"href":"https:\/\/conzept-kun.de\/baron\/wp-json\/wp\/v2\/pages\/667","targetHints":{"allow":["GET"]}}],"collection":[{"href":"https:\/\/conzept-kun.de\/baron\/wp-json\/wp\/v2\/pages"}],"about":[{"href":"https:\/\/conzept-kun.de\/baron\/wp-json\/wp\/v2\/types\/page"}],"author":[{"embeddable":true,"href":"https:\/\/conzept-kun.de\/baron\/wp-json\/wp\/v2\/users\/2"}],"replies":[{"embeddable":true,"href":"https:\/\/conzept-kun.de\/baron\/wp-json\/wp\/v2\/comments?post=667"}],"version-history":[{"count":15,"href":"https:\/\/conzept-kun.de\/baron\/wp-json\/wp\/v2\/pages\/667\/revisions"}],"predecessor-version":[{"id":755,"href":"https:\/\/conzept-kun.de\/baron\/wp-json\/wp\/v2\/pages\/667\/revisions\/755"}],"wp:attachment":[{"href":"https:\/\/conzept-kun.de\/baron\/wp-json\/wp\/v2\/media?parent=667"}],"curies":[{"name":"wp","href":"https:\/\/api.w.org\/{rel}","templated":true}]}}