{"id":35,"date":"2026-03-19T23:14:51","date_gmt":"2026-03-19T22:14:51","guid":{"rendered":"https:\/\/conzept-kun.de\/baron\/?page_id=35"},"modified":"2026-03-22T21:10:15","modified_gmt":"2026-03-22T20:10:15","slug":"schaltanlagen","status":"publish","type":"page","link":"https:\/\/conzept-kun.de\/baron\/schaltanlagen\/","title":{"rendered":"Schaltanlagen"},"content":{"rendered":"<p>[et_pb_section fb_built=&#8220;1&#8243; fullwidth=&#8220;on&#8220; disabled_on=&#8220;on|on|on&#8220; admin_label=&#8220;Header&#8220; module_id=&#8220;start&#8220; _builder_version=&#8220;4.27.4&#8243; background_image=&#8220;https:\/\/conzept-kun.de\/baron\/wp-content\/uploads\/2026\/03\/startbild_1.png&#8220; background_position=&#8220;bottom_right&#8220; background_enable_video_mp4=&#8220;off&#8220; disabled=&#8220;on&#8220; collapsed=&#8220;off&#8220; global_colors_info=&#8220;{}&#8220;][et_pb_fullwidth_header title=&#8220;Industrieelektronik&#8220; subhead=&#8220;Zugelassen und Zertifiziert&#8220; button_one_text=&#8220;\u00dcber uns&#8220; button_one_url=&#8220;https:\/\/conzept-kun.de\/baron\/#ueberuns&#8220; button_two_text=&#8220;Kontakt&#8220; button_two_url=&#8220;https:\/\/conzept-kun.de\/baron\/#kontakt&#8220; logo_image_url=&#8220;https:\/\/conzept-kun.de\/baron\/wp-content\/uploads\/2026\/03\/pfeil-3D-1-150&#215;150.png&#8220; content_max_width=&#8220;70%&#8220; _builder_version=&#8220;4.27.4&#8243; title_font=&#8220;Libre Franklin|300|||||||&#8220; title_font_size=&#8220;64px&#8220; title_line_height=&#8220;1.2em&#8220; subhead_font=&#8220;|700|||||||&#8220; subhead_font_size=&#8220;64px&#8220; subhead_line_height=&#8220;1.2em&#8220; background_color=&#8220;rgba(0,0,0,0)&#8220; use_background_color_gradient=&#8220;on&#8220; background_color_gradient_type=&#8220;circular&#8220; background_color_gradient_direction_radial=&#8220;right&#8220; background_color_gradient_stops=&#8220;rgba(0,0,0,0) 9%|rgba(0,79,134,0.75) 67%|#004f86 86%&#8220; background_color_gradient_start=&#8220;rgba(0,0,0,0)&#8220; background_color_gradient_start_position=&#8220;10%&#8220; background_color_gradient_end=&#8220;rgba(0,0,0,0.9)&#8220; background_color_gradient_end_position=&#8220;60%&#8220; background_enable_image=&#8220;off&#8220; background_position=&#8220;bottom_center&#8220; custom_button_one=&#8220;on&#8220; button_one_text_size=&#8220;14px&#8220; button_one_text_color=&#8220;#ffffff&#8220; button_one_bg_color=&#8220;#065086&#8243; button_one_border_width=&#8220;20px&#8220; button_one_border_color=&#8220;rgba(0,0,0,0)&#8220; button_one_border_radius=&#8220;0px&#8220; button_one_letter_spacing=&#8220;3px&#8220; button_one_font=&#8220;|700||on|||||&#8220; button_one_icon=&#8220;&#x24;||divi||400&#8243; custom_button_two=&#8220;on&#8220; button_two_text_size=&#8220;14px&#8220; button_two_text_color=&#8220;#FFFFFF&#8220; button_two_bg_color=&#8220;#F39200&#8243; button_two_border_width=&#8220;20px&#8220; button_two_border_color=&#8220;rgba(0,0,0,0)&#8220; button_two_border_radius=&#8220;0px&#8220; button_two_letter_spacing=&#8220;3px&#8220; button_two_font=&#8220;|700||on|||||&#8220; button_two_icon=&#8220;&#x24;||divi||400&#8243; button_two_icon_color=&#8220;#FFFFFF&#8220; custom_margin=&#8220;||||false&#8220; custom_padding=&#8220;12vw||16vw||false&#8220; custom_padding_tablet=&#8220;80px||180px|&#8220; custom_padding_phone=&#8220;&#8220; custom_padding_last_edited=&#8220;on|phone&#8220; title_font_size_tablet=&#8220;54px&#8220; title_font_size_phone=&#8220;28px&#8220; title_font_size_last_edited=&#8220;on|phone&#8220; subhead_font_size_tablet=&#8220;54px&#8220; subhead_font_size_phone=&#8220;24px&#8220; subhead_font_size_last_edited=&#8220;on|phone&#8220; box_shadow_style_button_one=&#8220;preset4&#8243; box_shadow_horizontal_button_one=&#8220;-20px&#8220; box_shadow_vertical_button_one=&#8220;-20px&#8220; box_shadow_spread_button_one=&#8220;-5px&#8220; box_shadow_color_button_one=&#8220;rgba(243,146,0,0.5)&#8220; box_shadow_style_button_two=&#8220;preset4&#8243; box_shadow_horizontal_button_two=&#8220;20px&#8220; box_shadow_vertical_button_two=&#8220;20px&#8220; box_shadow_spread_button_two=&#8220;-5px&#8220; box_shadow_color_button_two=&#8220;rgba(255,255,255,0.5)&#8220; button_one_letter_spacing_hover=&#8220;3px&#8220; button_two_letter_spacing_hover=&#8220;3px&#8220; global_colors_info=&#8220;{}&#8220; button_one_text_size__hover_enabled=&#8220;off&#8220; button_two_text_size__hover_enabled=&#8220;off&#8220; button_one_text_color__hover_enabled=&#8220;off&#8220; button_two_text_color__hover_enabled=&#8220;off&#8220; button_one_border_width__hover_enabled=&#8220;off&#8220; button_two_border_width__hover_enabled=&#8220;off&#8220; button_one_border_color__hover_enabled=&#8220;off&#8220; button_two_border_color__hover_enabled=&#8220;off&#8220; button_one_border_radius__hover_enabled=&#8220;off&#8220; button_two_border_radius__hover_enabled=&#8220;off&#8220; button_one_letter_spacing__hover_enabled=&#8220;on&#8220; button_one_letter_spacing__hover=&#8220;3px&#8220; button_two_letter_spacing__hover_enabled=&#8220;on&#8220; button_two_letter_spacing__hover=&#8220;3px&#8220; button_one_bg_color__hover_enabled=&#8220;off&#8220; button_two_bg_color__hover_enabled=&#8220;off&#8220;][\/et_pb_fullwidth_header][\/et_pb_section][et_pb_section fb_built=&#8220;1&#8243; admin_label=&#8220;Services&#8220; _builder_version=&#8220;4.27.4&#8243; background_color=&#8220;#004F86&#8243; background_image=&#8220;https:\/\/conzept-kun.de\/baron\/wp-content\/uploads\/2026\/03\/electrician_19.png&#8220; parallax=&#8220;on&#8220; parallax_method=&#8220;off&#8220; custom_padding=&#8220;|0px||0px|false|false&#8220; locked=&#8220;off&#8220; collapsed=&#8220;off&#8220; global_colors_info=&#8220;{}&#8220;][et_pb_row column_structure=&#8220;1_2,1_2&#8243; _builder_version=&#8220;4.27.4&#8243; width=&#8220;100%&#8220; custom_padding=&#8220;27px|0px|0|0px|false|false&#8220; hover_enabled=&#8220;0&#8243; global_colors_info=&#8220;{}&#8220; sticky_enabled=&#8220;0&#8243; custom_padding_last_edited=&#8220;on|phone&#8220; custom_padding_tablet=&#8220;|||20px|false|false&#8220; custom_padding_phone=&#8220;|||20px|false|false&#8220;][et_pb_column type=&#8220;1_2&#8243; _builder_version=&#8220;4.16&#8243; custom_padding=&#8220;|||&#8220; global_colors_info=&#8220;{}&#8220; custom_padding__hover=&#8220;|||&#8220;][et_pb_image src=&#8220;https:\/\/conzept-kun.de\/baron\/wp-content\/uploads\/2026\/03\/pfeil-3D-1-150&#215;150.png&#8220; title_text=&#8220;pfeil-3D&#8220; admin_label=&#8220;Blitz&#8220; _builder_version=&#8220;4.27.4&#8243; custom_margin=&#8220;||4px|&#8220; animation_style=&#8220;flip&#8220; animation_direction=&#8220;top&#8220; animation_duration=&#8220;2000ms&#8220; animation_speed_curve=&#8220;ease&#8220; always_center_on_mobile=&#8220;off&#8220; locked=&#8220;off&#8220; global_colors_info=&#8220;{}&#8220;][\/et_pb_image][et_pb_text admin_label=&#8220;Schaltanlagenbau&#8220; _builder_version=&#8220;4.27.4&#8243; text_font=&#8220;||||||||&#8220; header_font=&#8220;||||||||&#8220; header_text_color=&#8220;#FFFFFF&#8220; header_font_size=&#8220;40px&#8220; header_6_font=&#8220;Libre Franklin|600|||||||&#8220; header_6_text_color=&#8220;#f39200&#8243; header_6_font_size=&#8220;18px&#8220; header_6_line_height=&#8220;1.8em&#8220; custom_margin=&#8220;|||&#8220; border_color_all=&#8220;#f39200&#8243; border_width_bottom=&#8220;2px&#8220; locked=&#8220;off&#8220; global_colors_info=&#8220;{}&#8220;]<\/p>\n<h1>Schaltanlagenbau<\/h1>\n<p>[\/et_pb_text][\/et_pb_column][et_pb_column type=&#8220;1_2&#8243; _builder_version=&#8220;4.16&#8243; custom_padding=&#8220;|||&#8220; global_colors_info=&#8220;{}&#8220; custom_padding__hover=&#8220;|||&#8220;][\/et_pb_column][\/et_pb_row][et_pb_row _builder_version=&#8220;4.27.4&#8243; _module_preset=&#8220;default&#8220; global_colors_info=&#8220;{}&#8220;][et_pb_column type=&#8220;4_4&#8243; _builder_version=&#8220;4.27.4&#8243; _module_preset=&#8220;default&#8220; global_colors_info=&#8220;{}&#8220;][et_pb_text admin_label=&#8220;Schaltanlagen sind das zentrale Element&#8220; _builder_version=&#8220;4.27.4&#8243; text_font=&#8220;|300|||||||&#8220; text_text_color=&#8220;#FFFFFF&#8220; text_font_size=&#8220;16px&#8220; text_line_height=&#8220;1.8em&#8220; header_font=&#8220;||||||||&#8220; header_2_font=&#8220;|300|||||||&#8220; header_2_line_height=&#8220;1.4em&#8220; header_3_font_size=&#8220;20px&#8220; background_layout=&#8220;dark&#8220; locked=&#8220;off&#8220; global_colors_info=&#8220;{}&#8220;]<\/p>\n<p>Schaltanlagen sind das zentrale Element jeder industriellen Energieverteilung. Sie stellen sicher, dass elektrische Energie zuverl\u00e4ssig, sicher und effizient dort ankommt, wo sie ben\u00f6tigt wird. Eine professionelle Planung und Umsetzung ist entscheidend, um Ausf\u00e4lle zu vermeiden und langfristig wirtschaftlich zu arbeiten.<\/p>\n<p>Wir bieten Ihnen ma\u00dfgeschneiderte L\u00f6sungen im Bereich Schaltanlagenbau \u2013 von der ersten Planung \u00fcber die Installation bis hin zur Modernisierung bestehender Systeme.<\/p>\n<p>[\/et_pb_text][\/et_pb_column][\/et_pb_row][\/et_pb_section][et_pb_section fb_built=&#8220;1&#8243; admin_label=&#8220;\u00dcber uns&#8220; _builder_version=&#8220;4.27.4&#8243; background_color=&#8220;#FFFFFF&#8220; background_image=&#8220;https:\/\/conzept-kun.de\/baron\/wp-content\/uploads\/2026\/03\/electrician_19.png&#8220; parallax=&#8220;on&#8220; parallax_method=&#8220;off&#8220; custom_padding=&#8220;0px||0px||true&#8220; collapsed=&#8220;off&#8220; global_colors_info=&#8220;{}&#8220;][et_pb_row column_structure=&#8220;1_3,2_3&#8243; padding_top_bottom_link_2=&#8220;true&#8220; padding_left_right_link_2=&#8220;true&#8220; _builder_version=&#8220;4.16&#8243; width=&#8220;100%&#8220; max_width=&#8220;100%&#8220; custom_padding=&#8220;0px|||&#8220; use_custom_width=&#8220;on&#8220; width_unit=&#8220;off&#8220; custom_width_percent=&#8220;100%&#8220; global_colors_info=&#8220;{}&#8220;][et_pb_column type=&#8220;1_3&#8243; _builder_version=&#8220;4.16&#8243; custom_padding=&#8220;|||&#8220; global_colors_info=&#8220;{}&#8220; custom_padding__hover=&#8220;|||&#8220;][et_pb_image src=&#8220;https:\/\/conzept-kun.de\/baron\/wp-content\/uploads\/2026\/03\/monteur.png&#8220; title_text=&#8220;monteur&#8220; align_tablet=&#8220;center&#8220; align_phone=&#8220;center&#8220; align_last_edited=&#8220;on|desktop&#8220; _builder_version=&#8220;4.27.4&#8243; use_background_color_gradient=&#8220;on&#8220; background_color_gradient_direction=&#8220;135deg&#8220; background_color_gradient_stops=&#8220;rgba(0,0,0,0) 70%|#004f86 70%&#8220; background_color_gradient_start=&#8220;rgba(0,0,0,0)&#8220; background_color_gradient_start_position=&#8220;70%&#8220; background_color_gradient_end=&#8220;#000000&#8243; background_color_gradient_end_position=&#8220;70%&#8220; custom_padding=&#8220;|30px|30px|||false&#8220; animation_style=&#8220;zoom&#8220; animation_duration=&#8220;1400ms&#8220; animation_intensity_zoom=&#8220;2%&#8220; box_shadow_style=&#8220;preset1&#8243; box_shadow_vertical=&#8220;50px&#8220; box_shadow_blur=&#8220;100px&#8220; global_colors_info=&#8220;{}&#8220;][\/et_pb_image][et_pb_text admin_label=&#8220;Branchenl\u00f6sungen&#8220; _builder_version=&#8220;4.27.4&#8243; text_font=&#8220;||||||||&#8220; text_text_color=&#8220;#FFFFFF&#8220; text_font_size=&#8220;16px&#8220; text_line_height=&#8220;1.8em&#8220; header_font=&#8220;||||||||&#8220; header_3_text_color=&#8220;#FFFFFF&#8220; background_color=&#8220;#004F86&#8243; max_width=&#8220;600px&#8220; custom_margin=&#8220;|||100px&#8220; custom_margin_tablet=&#8220;|||0px&#8220; custom_margin_phone=&#8220;&#8220; custom_margin_last_edited=&#8220;on|desktop&#8220; custom_padding=&#8220;20px|20px|20px|20px|false|false&#8220; animation_style=&#8220;slide&#8220; animation_direction=&#8220;left&#8220; box_shadow_style=&#8220;preset4&#8243; box_shadow_horizontal=&#8220;30px&#8220; box_shadow_vertical=&#8220;30px&#8220; box_shadow_spread=&#8220;10px&#8220; box_shadow_color=&#8220;#F39200&#8243; global_colors_info=&#8220;{}&#8220;]<\/p>\n<h3><strong>Branchenl\u00f6sungen<\/strong><\/h3>\n<ul>\n<li data-section-id=\"1qks62o\" data-start=\"129\" data-end=\"238\"><strong data-start=\"131\" data-end=\"153\">Sondermaschinenbau<\/strong><br data-start=\"153\" data-end=\"156\" \/>Individuelle Steuerungs- und Elektrotechnik f\u00fcr komplexe Maschinen und Anlagen<\/li>\n<li data-section-id=\"1o13wol\" data-start=\"240\" data-end=\"354\"><strong data-start=\"242\" data-end=\"269\">Automatisierungstechnik<\/strong><br data-start=\"269\" data-end=\"272\" \/>Integration moderner Steuerungs- und Prozessleitsysteme f\u00fcr effiziente Abl\u00e4ufe<\/li>\n<li data-section-id=\"4yki0a\" data-start=\"356\" data-end=\"474\"><strong data-start=\"358\" data-end=\"387\">F\u00f6rder- &amp; Logistiksysteme<\/strong><br data-start=\"387\" data-end=\"390\" \/>Elektrotechnische L\u00f6sungen f\u00fcr Materialfluss, Transportanlagen und Intralogistik<\/li>\n<li data-section-id=\"1xjrmes\" data-start=\"476\" data-end=\"598\"><strong data-start=\"478\" data-end=\"516\">Lebensmittel- &amp; Verpackungsanlagen<\/strong><br data-start=\"516\" data-end=\"519\" \/>Hygienegerechte und zuverl\u00e4ssige Systeme f\u00fcr sensible Produktionsumgebungen<\/li>\n<li data-section-id=\"iyiiue\" data-start=\"600\" data-end=\"714\"><strong data-start=\"602\" data-end=\"630\">Chemie- &amp; Prozessanlagen<\/strong><br data-start=\"630\" data-end=\"633\" \/>Sichere, normgerechte Elektrotechnik f\u00fcr anspruchsvolle industrielle Prozesse<\/li>\n<li data-section-id=\"1uz1phm\" data-start=\"716\" data-end=\"829\"><strong data-start=\"718\" data-end=\"751\">Energie- &amp; Versorgungstechnik<\/strong><br data-start=\"751\" data-end=\"754\" \/>Planung und Umsetzung von Energieverteilungen und Versorgungsstrukturen<\/li>\n<li data-section-id=\"4e0qmi\" data-start=\"831\" data-end=\"950\"><strong data-start=\"833\" data-end=\"869\">Produktions- &amp; Fertigungsanlagen<\/strong><br data-start=\"869\" data-end=\"872\" \/>Komplettl\u00f6sungen f\u00fcr industrielle Produktionslinien und Fertigungsprozesse<\/li>\n<li data-section-id=\"1v3qghc\" data-start=\"952\" data-end=\"1070\"><strong data-start=\"954\" data-end=\"984\">Recycling- &amp; Umwelttechnik<\/strong><br data-start=\"984\" data-end=\"987\" \/>Steuerungs- und Anlagentechnik f\u00fcr nachhaltige und ressourcenschonende Prozesse<\/li>\n<li data-section-id=\"1ctv4z9\" data-start=\"1072\" data-end=\"1181\"><strong data-start=\"1074\" data-end=\"1110\">Metall- &amp; Kunststoffverarbeitung<\/strong><br data-start=\"1110\" data-end=\"1113\" \/>Robuste Elektrotechnik f\u00fcr anspruchsvolle industrielle Fertigung<\/li>\n<li data-section-id=\"17zjd6g\" data-start=\"1183\" data-end=\"1276\"><strong data-start=\"1185\" data-end=\"1197\">u. v. m.<\/strong><br data-start=\"1197\" data-end=\"1200\" \/>Individuelle L\u00f6sungen f\u00fcr unterschiedlichste Anforderungen im Anlagenbau<\/li>\n<\/ul>\n<p>[\/et_pb_text][\/et_pb_column][et_pb_column type=&#8220;2_3&#8243; _builder_version=&#8220;4.16&#8243; custom_padding=&#8220;120px|8%|120px|8%&#8220; custom_padding_tablet=&#8220;|||&#8220; custom_padding_phone=&#8220;40px||40px||true&#8220; custom_padding_last_edited=&#8220;on|phone&#8220; global_colors_info=&#8220;{}&#8220; padding_phone=&#8220;40px||40px||true&#8220; padding_tablet=&#8220;|||&#8220; padding_last_edited=&#8220;on|phone&#8220; custom_padding__hover=&#8220;|||&#8220;][et_pb_image src=&#8220;https:\/\/conzept-kun.de\/baron\/wp-content\/uploads\/2026\/03\/pfeil-3D-1-150&#215;150.png&#8220; title_text=&#8220;pfeil-3D&#8220; _builder_version=&#8220;4.27.4&#8243; custom_margin=&#8220;||4px|&#8220; animation_style=&#8220;fold&#8220; animation_direction=&#8220;top&#8220; animation_duration=&#8220;2000ms&#8220; animation_delay=&#8220;650ms&#8220; always_center_on_mobile=&#8220;off&#8220; global_colors_info=&#8220;{}&#8220;][\/et_pb_image][et_pb_text admin_label=&#8220;Unsere Leistungen im Schaltanlagenbau&#8220; _builder_version=&#8220;4.27.4&#8243; text_font=&#8220;|300|||||||&#8220; text_font_size=&#8220;16px&#8220; text_line_height=&#8220;1.8em&#8220; header_font=&#8220;||||||||&#8220; header_text_color=&#8220;#004F86&#8243; header_font_size=&#8220;48px&#8220; header_line_height=&#8220;1.4em&#8220; header_2_font=&#8220;|300|||||||&#8220; header_2_text_color=&#8220;#004F86&#8243; header_2_font_size=&#8220;30px&#8220; header_2_line_height=&#8220;1.4em&#8220; header_3_font_size=&#8220;20px&#8220; locked=&#8220;off&#8220; global_colors_info=&#8220;{}&#8220;]<\/p>\n<h2>Unsere Leistungen im Schaltanlagenbau<\/h2>\n<p>[\/et_pb_text][et_pb_text admin_label=&#8220;Planung &#038; Projektierung&#8220; _builder_version=&#8220;4.27.4&#8243; text_font=&#8220;||||||||&#8220; text_text_color=&#8220;#004F86&#8243; text_font_size=&#8220;16px&#8220; text_line_height=&#8220;1.8em&#8220; header_font=&#8220;||||||||&#8220; header_2_text_color=&#8220;#004F86&#8243; header_2_line_height=&#8220;1.4em&#8220; header_3_text_color=&#8220;#004F86&#8243; header_3_line_height=&#8220;1.4em&#8220; max_width=&#8220;600px&#8220; custom_margin=&#8220;|||100px&#8220; custom_margin_tablet=&#8220;|||0px&#8220; custom_margin_phone=&#8220;&#8220; custom_margin_last_edited=&#8220;on|desktop&#8220; custom_css_free_form=&#8220;selector h3 {||  display: flex;||  align-items: center;||}||||selector h3::before {||  content: %22%22;||  width: 12px;||  height: 12px;||  background-color: #F39200;||  margin-right: 8px;||  position: relative;||  top: -1px;||}&#8220; global_colors_info=&#8220;{}&#8220;]<\/p>\n<h3>Planung &amp; Projektierung<\/h3>\n<p>Jede Anlage beginnt mit einer durchdachten Planung. Wir analysieren Ihre Anforderungen, ber\u00fccksichtigen zuk\u00fcnftige Erweiterungen und entwickeln eine L\u00f6sung, die perfekt zu Ihrem Betrieb passt.<\/p>\n<h3>Neubau von Schaltanlagen<\/h3>\n<p>Wir realisieren komplette Schaltanlagen nach aktuellen Normen und technischen Standards. Dabei setzen wir auf hochwertige Komponenten und eine strukturierte, wartungsfreundliche Bauweise.<\/p>\n<h3>Erweiterung bestehender Anlagen<\/h3>\n<p>Wachsende Anforderungen erfordern flexible Systeme. Wir erweitern Ihre bestehenden Schaltanlagen effizient und ohne unn\u00f6tige Betriebsunterbrechungen.<\/p>\n<h3>Umbau &amp; Modernisierung (Retrofit)<\/h3>\n<p>Veraltete Anlagen bergen Risiken und sind oft ineffizient. Durch gezielte Modernisierung erh\u00f6hen wir Sicherheit, Leistung und Energieeffizienz.<\/p>\n<p>[\/et_pb_text][et_pb_text admin_label=&#8220;Qualit\u00e4t &#038; Sicherheit&#8220; _builder_version=&#8220;4.27.4&#8243; text_font=&#8220;||||||||&#8220; text_text_color=&#8220;#004F86&#8243; text_font_size=&#8220;16px&#8220; text_line_height=&#8220;1.8em&#8220; header_font=&#8220;||||||||&#8220; header_2_text_color=&#8220;#004F86&#8243; header_2_line_height=&#8220;1.4em&#8220; header_3_text_color=&#8220;#004F86&#8243; header_3_line_height=&#8220;1.4em&#8220; max_width=&#8220;600px&#8220; custom_margin=&#8220;|||100px&#8220; custom_margin_tablet=&#8220;|||0px&#8220; custom_margin_phone=&#8220;&#8220; custom_margin_last_edited=&#8220;on|desktop&#8220; global_colors_info=&#8220;{}&#8220;]<\/p>\n<h2>Qualit\u00e4t &amp; Sicherheit<\/h2>\n<p>Wir arbeiten strikt nach aktuellen Normen und Vorschriften. Jede Anlage wird sorgf\u00e4ltig gepr\u00fcft und dokumentiert. So stellen wir sicher, dass Ihre Systeme langfristig zuverl\u00e4ssig funktionieren.<\/p>\n<p>[\/et_pb_text][et_pb_text admin_label=&#8220;Ihre Vorteile&#8220; _builder_version=&#8220;4.27.4&#8243; text_font=&#8220;||||||||&#8220; text_text_color=&#8220;#FFFFFF&#8220; text_font_size=&#8220;16px&#8220; text_line_height=&#8220;1.8em&#8220; header_font=&#8220;||||||||&#8220; header_3_text_color=&#8220;#FFFFFF&#8220; background_color=&#8220;#F39200&#8243; max_width=&#8220;600px&#8220; custom_margin=&#8220;|||100px&#8220; custom_margin_tablet=&#8220;|||0px&#8220; custom_margin_phone=&#8220;&#8220; custom_margin_last_edited=&#8220;on|desktop&#8220; custom_padding=&#8220;20px|20px|20px|20px|false|false&#8220; animation_style=&#8220;slide&#8220; animation_direction=&#8220;left&#8220; box_shadow_style=&#8220;preset4&#8243; box_shadow_horizontal=&#8220;30px&#8220; box_shadow_vertical=&#8220;30px&#8220; box_shadow_spread=&#8220;10px&#8220; box_shadow_color=&#8220;#004F86&#8243; global_colors_info=&#8220;{}&#8220;]<\/p>\n<h3>Ihre Vorteile<\/h3>\n<ul>\n<li>H\u00f6chste Betriebssicherheit<\/li>\n<li>Zukunftssichere Planung<\/li>\n<li>Energieeffiziente L\u00f6sungen<\/li>\n<li>Minimierung von Ausfallzeiten<\/li>\n<li>Dokumentation nach aktuellen Standards<\/li>\n<\/ul>\n<p>[\/et_pb_text][\/et_pb_column][\/et_pb_row][et_pb_row _builder_version=&#8220;4.16&#8243; module_alignment=&#8220;right&#8220; custom_padding=&#8220;30px|0px|0|0px|false|false&#8220; locked=&#8220;off&#8220; global_colors_info=&#8220;{}&#8220;][et_pb_column type=&#8220;4_4&#8243; _builder_version=&#8220;4.16&#8243; custom_padding=&#8220;|||&#8220; global_colors_info=&#8220;{}&#8220; custom_padding__hover=&#8220;|||&#8220;][et_pb_button button_url=&#8220;#kontakt&#8220; button_text=&#8220;Jetzt Beratung anfordern&#8220; button_alignment=&#8220;right&#8220; admin_label=&#8220;Button Leistunegen&#8220; _builder_version=&#8220;4.27.4&#8243; custom_button=&#8220;on&#8220; button_text_size=&#8220;14px&#8220; button_text_color=&#8220;#FFFFFF&#8220; button_bg_color=&#8220;#F39200&#8243; button_border_width=&#8220;0px&#8220; button_border_color=&#8220;#065086&#8243; button_border_radius=&#8220;0px&#8220; button_letter_spacing=&#8220;3px&#8220; button_font=&#8220;|700||on|||||&#8220; button_icon=&#8220;&#x24;||divi||400&#8243; button_icon_color=&#8220;#FFFFFF&#8220; button_on_hover=&#8220;off&#8220; background_layout=&#8220;dark&#8220; custom_padding=&#8220;30px|70px|30px|70px|true|true&#8220; animation_style=&#8220;fold&#8220; animation_direction=&#8220;right&#8220; box_shadow_style=&#8220;preset4&#8243; box_shadow_horizontal=&#8220;-30px&#8220; box_shadow_vertical=&#8220;-30px&#8220; box_shadow_spread=&#8220;-10px&#8220; box_shadow_color=&#8220;#004F86&#8243; global_colors_info=&#8220;{}&#8220; button_text_size__hover_enabled=&#8220;off&#8220; button_one_text_size__hover_enabled=&#8220;off&#8220; button_two_text_size__hover_enabled=&#8220;off&#8220; button_text_color__hover_enabled=&#8220;off&#8220; button_one_text_color__hover_enabled=&#8220;off&#8220; button_two_text_color__hover_enabled=&#8220;off&#8220; button_border_width__hover_enabled=&#8220;off&#8220; button_one_border_width__hover_enabled=&#8220;off&#8220; button_two_border_width__hover_enabled=&#8220;off&#8220; button_border_color__hover_enabled=&#8220;off&#8220; button_one_border_color__hover_enabled=&#8220;off&#8220; button_two_border_color__hover_enabled=&#8220;off&#8220; button_border_radius__hover_enabled=&#8220;off&#8220; button_one_border_radius__hover_enabled=&#8220;off&#8220; button_two_border_radius__hover_enabled=&#8220;off&#8220; button_letter_spacing__hover_enabled=&#8220;off&#8220; button_one_letter_spacing__hover_enabled=&#8220;off&#8220; button_two_letter_spacing__hover_enabled=&#8220;off&#8220; button_bg_color__hover_enabled=&#8220;off&#8220; button_one_bg_color__hover_enabled=&#8220;off&#8220; button_two_bg_color__hover_enabled=&#8220;off&#8220;][\/et_pb_button][\/et_pb_column][\/et_pb_row][\/et_pb_section]<\/p>\n","protected":false},"excerpt":{"rendered":"<p>SchaltanlagenbauSchaltanlagen sind das zentrale Element jeder industriellen Energieverteilung. Sie stellen sicher, dass elektrische Energie zuverl\u00e4ssig, sicher und effizient dort ankommt, wo sie ben\u00f6tigt wird. Eine professionelle Planung und Umsetzung ist entscheidend, um Ausf\u00e4lle zu vermeiden und langfristig wirtschaftlich zu arbeiten. Wir bieten Ihnen ma\u00dfgeschneiderte L\u00f6sungen im Bereich Schaltanlagenbau \u2013 von der ersten Planung \u00fcber die [&hellip;]<\/p>\n","protected":false},"author":1,"featured_media":0,"parent":0,"menu_order":10,"comment_status":"closed","ping_status":"closed","template":"","meta":{"_et_pb_use_builder":"on","_et_pb_old_content":"","_et_gb_content_width":"","footnotes":""},"class_list":["post-35","page","type-page","status-publish","hentry"],"_links":{"self":[{"href":"https:\/\/conzept-kun.de\/baron\/wp-json\/wp\/v2\/pages\/35","targetHints":{"allow":["GET"]}}],"collection":[{"href":"https:\/\/conzept-kun.de\/baron\/wp-json\/wp\/v2\/pages"}],"about":[{"href":"https:\/\/conzept-kun.de\/baron\/wp-json\/wp\/v2\/types\/page"}],"author":[{"embeddable":true,"href":"https:\/\/conzept-kun.de\/baron\/wp-json\/wp\/v2\/users\/1"}],"replies":[{"embeddable":true,"href":"https:\/\/conzept-kun.de\/baron\/wp-json\/wp\/v2\/comments?post=35"}],"version-history":[{"count":39,"href":"https:\/\/conzept-kun.de\/baron\/wp-json\/wp\/v2\/pages\/35\/revisions"}],"predecessor-version":[{"id":730,"href":"https:\/\/conzept-kun.de\/baron\/wp-json\/wp\/v2\/pages\/35\/revisions\/730"}],"wp:attachment":[{"href":"https:\/\/conzept-kun.de\/baron\/wp-json\/wp\/v2\/media?parent=35"}],"curies":[{"name":"wp","href":"https:\/\/api.w.org\/{rel}","templated":true}]}}